{"id":7992,"date":"2018-08-07T10:52:35","date_gmt":"2018-08-07T10:52:35","guid":{"rendered":"https:\/\/jesuschristformuslims.com\/?page_id=7992\/"},"modified":"2022-09-02T12:23:39","modified_gmt":"2022-09-02T12:23:39","slug":"%c9%99laq%c9%99","status":"publish","type":"page","link":"https:\/\/jesuschristformuslims.com\/az\/%c9%99laq%c9%99\/","title":{"rendered":"\u018flaq\u0259"},"content":{"rendered":"\t\t<div data-elementor-type=\"wp-page\" data-elementor-id=\"7992\" class=\"elementor elementor-7992 elementor-10\" data-elementor-post-type=\"page\">\n\t\t\t\t\t\t<section class=\"elementor-section elementor-top-section elementor-element elementor-element-04315fe elementor-section-boxed elementor-section-height-default elementor-section-height-default\" data-id=\"04315fe\" data-element_type=\"section\" data-e-type=\"section\">\n\t\t\t\t\t\t<div class=\"elementor-container elementor-column-gap-default\">\n\t\t\t\t\t<div class=\"elementor-column elementor-col-100 elementor-top-column elementor-element elementor-element-c209e89\" data-id=\"c209e89\" data-element_type=\"column\" data-e-type=\"column\">\n\t\t\t<div class=\"elementor-widget-wrap elementor-element-populated\">\n\t\t\t\t\t\t<div class=\"elementor-element elementor-element-4e8b555 elementor-widget elementor-widget-spacer\" data-id=\"4e8b555\" data-element_type=\"widget\" data-e-type=\"widget\" data-widget_type=\"spacer.default\">\n\t\t\t\t<div class=\"elementor-widget-container\">\n\t\t\t\t\t\t\t<div class=\"elementor-spacer\">\n\t\t\t<div class=\"elementor-spacer-inner\"><\/div>\n\t\t<\/div>\n\t\t\t\t\t\t<\/div>\n\t\t\t\t<\/div>\n\t\t\t\t\t<\/div>\n\t\t<\/div>\n\t\t\t\t\t<\/div>\n\t\t<\/section>\n\t\t\t\t<section class=\"elementor-section elementor-top-section elementor-element elementor-element-03940c0 elementor-section-boxed elementor-section-height-default elementor-section-height-default\" data-id=\"03940c0\" data-element_type=\"section\" data-e-type=\"section\">\n\t\t\t\t\t\t<div class=\"elementor-container elementor-column-gap-default\">\n\t\t\t\t\t<div class=\"elementor-column elementor-col-100 elementor-top-column elementor-element elementor-element-9e02f8b\" data-id=\"9e02f8b\" data-element_type=\"column\" data-e-type=\"column\">\n\t\t\t<div class=\"elementor-widget-wrap elementor-element-populated\">\n\t\t\t\t\t\t<div class=\"elementor-element elementor-element-8b9aced elementor-widget elementor-widget-heading\" data-id=\"8b9aced\" data-element_type=\"widget\" data-e-type=\"widget\" data-widget_type=\"heading.default\">\n\t\t\t\t<div class=\"elementor-widget-container\">\n\t\t\t\t\t<h2 class=\"elementor-heading-title elementor-size-default\">\u018flaq\u0259<\/h2>\t\t\t\t<\/div>\n\t\t\t\t<\/div>\n\t\t\t\t\t<\/div>\n\t\t<\/div>\n\t\t\t\t\t<\/div>\n\t\t<\/section>\n\t\t\t\t<section class=\"elementor-section elementor-top-section elementor-element elementor-element-12c82b4a elementor-section-boxed elementor-section-height-default elementor-section-height-default\" data-id=\"12c82b4a\" data-element_type=\"section\" data-e-type=\"section\">\n\t\t\t\t\t\t<div class=\"elementor-container elementor-column-gap-default\">\n\t\t\t\t\t<div class=\"elementor-column elementor-col-100 elementor-top-column elementor-element elementor-element-3a79220f\" data-id=\"3a79220f\" data-element_type=\"column\" data-e-type=\"column\">\n\t\t\t<div class=\"elementor-widget-wrap elementor-element-populated\">\n\t\t\t\t\t\t<div class=\"elementor-element elementor-element-a10c26a elementor-widget elementor-widget-text-editor\" data-id=\"a10c26a\" data-element_type=\"widget\" data-e-type=\"widget\" data-widget_type=\"text-editor.default\">\n\t\t\t\t<div class=\"elementor-widget-container\">\n\t\t\t\t\t\t\t\t\t<p>jesuschristformuslims@gmail.com adresin\u0259 elektron-po\u00e7t g\u00f6nd\u0259r\u0259r\u0259rk v\u0259 ya a\u015fa\u011f\u0131dak\u0131 forumu izl\u0259y\u0259r\u0259k biziml\u0259 \u0259laq\u0259 saxlaya bil\u0259rsiniz:<\/p>\t\t\t\t\t\t\t\t<\/div>\n\t\t\t\t<\/div>\n\t\t\t\t\t<\/div>\n\t\t<\/div>\n\t\t\t\t\t<\/div>\n\t\t<\/section>\n\t\t\t\t<section class=\"elementor-section elementor-top-section elementor-element elementor-element-6e1fbcb elementor-section-boxed elementor-section-height-default elementor-section-height-default\" data-id=\"6e1fbcb\" data-element_type=\"section\" data-e-type=\"section\">\n\t\t\t\t\t\t<div class=\"elementor-container elementor-column-gap-default\">\n\t\t\t\t\t<div class=\"elementor-column elementor-col-100 elementor-top-column elementor-element elementor-element-f51b330\" data-id=\"f51b330\" data-element_type=\"column\" data-e-type=\"column\">\n\t\t\t<div class=\"elementor-widget-wrap elementor-element-populated\">\n\t\t\t\t\t\t<div class=\"elementor-element elementor-element-8349de3 elementor-button-align-stretch elementor-widget elementor-widget-form\" data-id=\"8349de3\" data-element_type=\"widget\" data-e-type=\"widget\" data-settings=\"{&quot;step_next_label&quot;:&quot;Next&quot;,&quot;step_previous_label&quot;:&quot;Previous&quot;,&quot;button_width&quot;:&quot;100&quot;,&quot;step_type&quot;:&quot;number_text&quot;,&quot;step_icon_shape&quot;:&quot;circle&quot;}\" data-widget_type=\"form.default\">\n\t\t\t\t<div class=\"elementor-widget-container\">\n\t\t\t\t\t\t\t<form class=\"elementor-form\" method=\"post\" name=\"New Form\">\n\t\t\t<input type=\"hidden\" name=\"post_id\" value=\"7992\"\/>\n\t\t\t<input type=\"hidden\" name=\"form_id\" value=\"8349de3\"\/>\n\t\t\t<input type=\"hidden\" name=\"referer_title\" value=\"\u018flaq\u0259 | M\u00fcs\u0259lmanlar \u00fc\u00e7\u00fcn \u0130sa M\u0259sih | Az\u0259rbaycanda xristianl\u0131q\" \/>\n\n\t\t\t\t\t\t\t<input type=\"hidden\" name=\"queried_id\" value=\"7992\"\/>\n\t\t\t\n\t\t\t<div class=\"elementor-form-fields-wrapper elementor-labels-above\">\n\t\t\t\t\t\t\t\t<div class=\"elementor-field-type-text elementor-field-group elementor-column elementor-field-group-name elementor-col-100\">\n\t\t\t\t\t\t\t\t\t\t\t\t<label for=\"form-field-name\" class=\"elementor-field-label\">\n\t\t\t\t\t\t\t\tName\t\t\t\t\t\t\t<\/label>\n\t\t\t\t\t\t\t\t\t\t\t\t\t\t<input size=\"1\" type=\"text\" name=\"form_fields[name]\" id=\"form-field-name\" class=\"elementor-field elementor-size-sm  elementor-field-textual\" placeholder=\"Name\">\n\t\t\t\t\t\t\t\t\t\t\t<\/div>\n\t\t\t\t\t\t\t\t<div class=\"elementor-field-type-email elementor-field-group elementor-column elementor-field-group-email elementor-col-100 elementor-field-required\">\n\t\t\t\t\t\t\t\t\t\t\t\t<label for=\"form-field-email\" class=\"elementor-field-label\">\n\t\t\t\t\t\t\t\tEmail\t\t\t\t\t\t\t<\/label>\n\t\t\t\t\t\t\t\t\t\t\t\t\t\t<input size=\"1\" type=\"email\" name=\"form_fields[email]\" id=\"form-field-email\" class=\"elementor-field elementor-size-sm  elementor-field-textual\" placeholder=\"Email\" required=\"required\">\n\t\t\t\t\t\t\t\t\t\t\t<\/div>\n\t\t\t\t\t\t\t\t<div class=\"elementor-field-type-textarea elementor-field-group elementor-column elementor-field-group-message elementor-col-100\">\n\t\t\t\t\t\t\t\t\t\t\t\t<label for=\"form-field-message\" class=\"elementor-field-label\">\n\t\t\t\t\t\t\t\tMessage\t\t\t\t\t\t\t<\/label>\n\t\t\t\t\t\t<textarea class=\"elementor-field-textual elementor-field  elementor-size-sm\" name=\"form_fields[message]\" id=\"form-field-message\" rows=\"4\" placeholder=\"Message\"><\/textarea>\t\t\t\t<\/div>\n\t\t\t\t\t\t\t\t<div class=\"elementor-field-type-recaptcha elementor-field-group elementor-column elementor-field-group-field_66c1cc6 elementor-col-100\">\n\t\t\t\t\t<div class=\"elementor-field\" id=\"form-field-field_66c1cc6\"><div class=\"elementor-g-recaptcha\" data-sitekey=\"6LfekHgaAAAAAIda93_Gar9bF6gp_YUJ5IWKN2J5\" data-type=\"v2_checkbox\" data-theme=\"light\" data-size=\"normal\"><\/div><\/div>\t\t\t\t<\/div>\n\t\t\t\t\t\t\t\t<div class=\"elementor-field-group elementor-column elementor-field-type-submit elementor-col-100 e-form__buttons\">\n\t\t\t\t\t<button class=\"elementor-button elementor-size-sm\" type=\"submit\">\n\t\t\t\t\t\t<span class=\"elementor-button-content-wrapper\">\n\t\t\t\t\t\t\t\t\t\t\t\t\t\t\t\t\t\t\t\t\t\t<span class=\"elementor-button-text\">Send<\/span>\n\t\t\t\t\t\t\t\t\t\t\t\t\t<\/span>\n\t\t\t\t\t<\/button>\n\t\t\t\t<\/div>\n\t\t\t<\/div>\n\t\t<\/form>\n\t\t\t\t\t\t<\/div>\n\t\t\t\t<\/div>\n\t\t\t\t\t<\/div>\n\t\t<\/div>\n\t\t\t\t\t<\/div>\n\t\t<\/section>\n\t\t\t\t<\/div>\n\t\t","protected":false},"excerpt":{"rendered":"<p>\u018flaq\u0259 jesuschristformuslims@gmail.com adresin\u0259 elektron-po\u00e7t g\u00f6nd\u0259r\u0259r\u0259rk v\u0259 ya a\u015fa\u011f\u0131dak\u0131 forumu izl\u0259y\u0259r\u0259k biziml\u0259 \u0259laq\u0259 saxlaya bil\u0259rsiniz:<\/p>\n","protected":false},"author":4,"featured_media":0,"parent":0,"menu_order":0,"comment_status":"closed","ping_status":"open","template":"elementor_header_footer","meta":{"footnotes":""},"class_list":["post-7992","page","type-page","status-publish","hentry","entry"],"yoast_head":"<!-- This site is optimized with the Yoast SEO plugin v27.3 - https:\/\/yoast.com\/product\/yoast-seo-wordpress\/ -->\n<title>\u018flaq\u0259 | M\u00fcs\u0259lmanlar \u00fc\u00e7\u00fcn \u0130sa M\u0259sih | Az\u0259rbaycanda xristianl\u0131q<\/title>\n<meta name=\"description\" content=\"jesuschristformuslims@gmail.com adresin\u0259 elektron-po\u00e7t g\u00f6nd\u0259r\u0259r\u0259rk v\u0259 ya a\u015fa\u011f\u0131dak\u0131 forumu izl\u0259y\u0259r\u0259k biziml\u0259 \u0259laq\u0259 saxlaya bil\u0259rsiniz. M\u00fcs\u0259lmanlar \u00fc\u00e7\u00fcn \u0130sa..\" \/>\n<meta name=\"robots\" content=\"index, follow, max-snippet:-1, max-image-preview:large, max-video-preview:-1\" \/>\n<link rel=\"canonical\" href=\"https:\/\/jesuschristformuslims.com\/az\/\u0259laq\u0259\/\" \/>\n<meta property=\"og:locale\" content=\"az_AZ\" \/>\n<meta property=\"og:type\" content=\"article\" \/>\n<meta property=\"og:title\" content=\"\u018flaq\u0259 | M\u00fcs\u0259lmanlar \u00fc\u00e7\u00fcn \u0130sa M\u0259sih | Az\u0259rbaycanda xristianl\u0131q\" \/>\n<meta property=\"og:description\" content=\"jesuschristformuslims@gmail.com adresin\u0259 elektron-po\u00e7t g\u00f6nd\u0259r\u0259r\u0259rk v\u0259 ya a\u015fa\u011f\u0131dak\u0131 forumu izl\u0259y\u0259r\u0259k biziml\u0259 \u0259laq\u0259 saxlaya bil\u0259rsiniz. M\u00fcs\u0259lmanlar \u00fc\u00e7\u00fcn \u0130sa..\" \/>\n<meta property=\"og:url\" content=\"https:\/\/jesuschristformuslims.com\/az\/\u0259laq\u0259\/\" \/>\n<meta property=\"og:site_name\" content=\"Jesus Christ for Muslims\" \/>\n<meta property=\"article:modified_time\" content=\"2022-09-02T12:23:39+00:00\" \/>\n<meta name=\"twitter:card\" content=\"summary_large_image\" \/>\n<meta name=\"twitter:label1\" content=\"Est. reading time\" \/>\n\t<meta name=\"twitter:data1\" content=\"1 minute\" \/>\n<script type=\"application\/ld+json\" class=\"yoast-schema-graph\">{\"@context\":\"https:\\\/\\\/schema.org\",\"@graph\":[{\"@type\":\"WebPage\",\"@id\":\"https:\\\/\\\/jesuschristformuslims.com\\\/az\\\/%c9%99laq%c9%99\\\/\",\"url\":\"https:\\\/\\\/jesuschristformuslims.com\\\/az\\\/%c9%99laq%c9%99\\\/\",\"name\":\"\u018flaq\u0259 | M\u00fcs\u0259lmanlar \u00fc\u00e7\u00fcn \u0130sa M\u0259sih | Az\u0259rbaycanda xristianl\u0131q\",\"isPartOf\":{\"@id\":\"https:\\\/\\\/jesuschristformuslims.com\\\/#website\"},\"datePublished\":\"2018-08-07T10:52:35+00:00\",\"dateModified\":\"2022-09-02T12:23:39+00:00\",\"description\":\"jesuschristformuslims@gmail.com adresin\u0259 elektron-po\u00e7t g\u00f6nd\u0259r\u0259r\u0259rk v\u0259 ya a\u015fa\u011f\u0131dak\u0131 forumu izl\u0259y\u0259r\u0259k biziml\u0259 \u0259laq\u0259 saxlaya bil\u0259rsiniz. M\u00fcs\u0259lmanlar \u00fc\u00e7\u00fcn \u0130sa..\",\"breadcrumb\":{\"@id\":\"https:\\\/\\\/jesuschristformuslims.com\\\/az\\\/%c9%99laq%c9%99\\\/#breadcrumb\"},\"inLanguage\":\"az-AZ\",\"potentialAction\":[{\"@type\":\"ReadAction\",\"target\":[\"https:\\\/\\\/jesuschristformuslims.com\\\/az\\\/%c9%99laq%c9%99\\\/\"]}]},{\"@type\":\"BreadcrumbList\",\"@id\":\"https:\\\/\\\/jesuschristformuslims.com\\\/az\\\/%c9%99laq%c9%99\\\/#breadcrumb\",\"itemListElement\":[{\"@type\":\"ListItem\",\"position\":1,\"name\":\"Home\",\"item\":\"https:\\\/\\\/jesuschristformuslims.com\\\/az\\\/ana-s%c9%99hif%c9%99\\\/\"},{\"@type\":\"ListItem\",\"position\":2,\"name\":\"\u018flaq\u0259\"}]},{\"@type\":\"WebSite\",\"@id\":\"https:\\\/\\\/jesuschristformuslims.com\\\/#website\",\"url\":\"https:\\\/\\\/jesuschristformuslims.com\\\/\",\"name\":\"Jesus Christ for Muslims\",\"description\":\"Inviting Muslims to the Kingdom of Christ\",\"potentialAction\":[{\"@type\":\"SearchAction\",\"target\":{\"@type\":\"EntryPoint\",\"urlTemplate\":\"https:\\\/\\\/jesuschristformuslims.com\\\/?s={search_term_string}\"},\"query-input\":{\"@type\":\"PropertyValueSpecification\",\"valueRequired\":true,\"valueName\":\"search_term_string\"}}],\"inLanguage\":\"az-AZ\"}]}<\/script>\n<!-- \/ Yoast SEO plugin. -->","yoast_head_json":{"title":"\u018flaq\u0259 | M\u00fcs\u0259lmanlar \u00fc\u00e7\u00fcn \u0130sa M\u0259sih | Az\u0259rbaycanda xristianl\u0131q","description":"jesuschristformuslims@gmail.com adresin\u0259 elektron-po\u00e7t g\u00f6nd\u0259r\u0259r\u0259rk v\u0259 ya a\u015fa\u011f\u0131dak\u0131 forumu izl\u0259y\u0259r\u0259k biziml\u0259 \u0259laq\u0259 saxlaya bil\u0259rsiniz. M\u00fcs\u0259lmanlar \u00fc\u00e7\u00fcn \u0130sa..","robots":{"index":"index","follow":"follow","max-snippet":"max-snippet:-1","max-image-preview":"max-image-preview:large","max-video-preview":"max-video-preview:-1"},"canonical":"https:\/\/jesuschristformuslims.com\/az\/\u0259laq\u0259\/","og_locale":"az_AZ","og_type":"article","og_title":"\u018flaq\u0259 | M\u00fcs\u0259lmanlar \u00fc\u00e7\u00fcn \u0130sa M\u0259sih | Az\u0259rbaycanda xristianl\u0131q","og_description":"jesuschristformuslims@gmail.com adresin\u0259 elektron-po\u00e7t g\u00f6nd\u0259r\u0259r\u0259rk v\u0259 ya a\u015fa\u011f\u0131dak\u0131 forumu izl\u0259y\u0259r\u0259k biziml\u0259 \u0259laq\u0259 saxlaya bil\u0259rsiniz. M\u00fcs\u0259lmanlar \u00fc\u00e7\u00fcn \u0130sa..","og_url":"https:\/\/jesuschristformuslims.com\/az\/\u0259laq\u0259\/","og_site_name":"Jesus Christ for Muslims","article_modified_time":"2022-09-02T12:23:39+00:00","twitter_card":"summary_large_image","twitter_misc":{"Est. reading time":"1 minute"},"schema":{"@context":"https:\/\/schema.org","@graph":[{"@type":"WebPage","@id":"https:\/\/jesuschristformuslims.com\/az\/%c9%99laq%c9%99\/","url":"https:\/\/jesuschristformuslims.com\/az\/%c9%99laq%c9%99\/","name":"\u018flaq\u0259 | M\u00fcs\u0259lmanlar \u00fc\u00e7\u00fcn \u0130sa M\u0259sih | Az\u0259rbaycanda xristianl\u0131q","isPartOf":{"@id":"https:\/\/jesuschristformuslims.com\/#website"},"datePublished":"2018-08-07T10:52:35+00:00","dateModified":"2022-09-02T12:23:39+00:00","description":"jesuschristformuslims@gmail.com adresin\u0259 elektron-po\u00e7t g\u00f6nd\u0259r\u0259r\u0259rk v\u0259 ya a\u015fa\u011f\u0131dak\u0131 forumu izl\u0259y\u0259r\u0259k biziml\u0259 \u0259laq\u0259 saxlaya bil\u0259rsiniz. M\u00fcs\u0259lmanlar \u00fc\u00e7\u00fcn \u0130sa..","breadcrumb":{"@id":"https:\/\/jesuschristformuslims.com\/az\/%c9%99laq%c9%99\/#breadcrumb"},"inLanguage":"az-AZ","potentialAction":[{"@type":"ReadAction","target":["https:\/\/jesuschristformuslims.com\/az\/%c9%99laq%c9%99\/"]}]},{"@type":"BreadcrumbList","@id":"https:\/\/jesuschristformuslims.com\/az\/%c9%99laq%c9%99\/#breadcrumb","itemListElement":[{"@type":"ListItem","position":1,"name":"Home","item":"https:\/\/jesuschristformuslims.com\/az\/ana-s%c9%99hif%c9%99\/"},{"@type":"ListItem","position":2,"name":"\u018flaq\u0259"}]},{"@type":"WebSite","@id":"https:\/\/jesuschristformuslims.com\/#website","url":"https:\/\/jesuschristformuslims.com\/","name":"Jesus Christ for Muslims","description":"Inviting Muslims to the Kingdom of Christ","potentialAction":[{"@type":"SearchAction","target":{"@type":"EntryPoint","urlTemplate":"https:\/\/jesuschristformuslims.com\/?s={search_term_string}"},"query-input":{"@type":"PropertyValueSpecification","valueRequired":true,"valueName":"search_term_string"}}],"inLanguage":"az-AZ"}]}},"_links":{"self":[{"href":"https:\/\/jesuschristformuslims.com\/az\/wp-json\/wp\/v2\/pages\/7992","targetHints":{"allow":["GET"]}}],"collection":[{"href":"https:\/\/jesuschristformuslims.com\/az\/wp-json\/wp\/v2\/pages"}],"about":[{"href":"https:\/\/jesuschristformuslims.com\/az\/wp-json\/wp\/v2\/types\/page"}],"author":[{"embeddable":true,"href":"https:\/\/jesuschristformuslims.com\/az\/wp-json\/wp\/v2\/users\/4"}],"replies":[{"embeddable":true,"href":"https:\/\/jesuschristformuslims.com\/az\/wp-json\/wp\/v2\/comments?post=7992"}],"version-history":[{"count":12,"href":"https:\/\/jesuschristformuslims.com\/az\/wp-json\/wp\/v2\/pages\/7992\/revisions"}],"predecessor-version":[{"id":29819,"href":"https:\/\/jesuschristformuslims.com\/az\/wp-json\/wp\/v2\/pages\/7992\/revisions\/29819"}],"wp:attachment":[{"href":"https:\/\/jesuschristformuslims.com\/az\/wp-json\/wp\/v2\/media?parent=7992"}],"curies":[{"name":"wp","href":"https:\/\/api.w.org\/{rel}","templated":true}]}}