{"id":7995,"date":"2018-08-07T10:54:51","date_gmt":"2018-08-07T10:54:51","guid":{"rendered":"https:\/\/jesuschristformuslims.com\/?page_id=7995\/"},"modified":"2018-10-08T21:20:06","modified_gmt":"2018-10-08T21:20:06","slug":"isani-tanimaq-ist%c9%99yirsiz","status":"publish","type":"page","link":"https:\/\/jesuschristformuslims.com\/az\/isani-tanimaq-ist%c9%99yirsiz\/","title":{"rendered":"\u0130san\u0131 tan\u0131maq ist\u0259yirsiz?"},"content":{"rendered":"<p style=\"text-align: justify;\"><span style=\"color: #000000;\">Zaman \u00e7\u0259tinl\u0259\u015fir , g\u00fcnahlar ortaya \u00e7\u0131x\u0131r,<\/span><\/p>\n<p style=\"text-align: justify;\"><span style=\"color: #000000;\">He\u00e7 k\u0259s h\u0259yat asand\u0131r demir.<\/span><\/p>\n<p style=\"text-align: justify;\"><span style=\"color: #000000;\">Biz iki d\u0259f\u0259, \u00fc\u00e7 d\u0259f\u0259, d\u00f6rd d\u0259f\u0259 v\u0259 daha \u00e7ox y\u0131x\u0131l\u0131r\u0131q,<\/span><\/p>\n<p style=\"text-align: justify;\"><span style=\"color: #000000;\">Amma Tanr\u0131 he\u00e7 vaxt bizi yorulma\u011fa qoymur.<\/span><\/p>\n<p style=\"text-align: justify;\"><span style=\"color: #000000;\">V\u0259 biz zirv\u0259y\u0259 \u00e7atd\u0131\u011f\u0131m\u0131z zaman, zirv\u0259d\u0259,<\/span><\/p>\n<p style=\"text-align: justify;\"><span style=\"color: #000000;\">O bizi y\u0131x\u0131lma\u011fa qoymur, h\u0259tta O yegan\u0259 o\u011flunu<\/span><\/p>\n<p style=\"text-align: justify;\"><span style=\"color: #000000;\">Bizi \u015fik\u0259st v\u0259 ya ayaqlar alt\u0131nda qalmaqdan qorumaq \u00fc\u00e7\u00fcn g\u00f6nd\u0259rir.<\/span><\/p>\n<p style=\"text-align: justify;\"><span style=\"color: #000000;\">B\u0259s bu \u2018t\u0259k o\u011ful\u2019 kimdir v\u0259 biz h\u0259qiq\u0259td\u0259 Onun haqq\u0131nda n\u0259 bilirik? \u0130sa M\u0259sih Tanr\u0131n\u0131n\u00a0 o\u011fludur? Onun h\u0259qiq\u0259td\u0259 kim oldu\u011funu v\u0259 bizi nec\u0259 qorudu\u011funu bilm\u0259k ist\u0259yirsiniz? O bizi bu g\u00fcn h\u0259l\u0259 d\u0259 qoruyur? \u0130san\u0131 tan\u0131maq ist\u0259yirsiniz?<\/span><\/p>\n<p style=\"text-align: justify;\"><span style=\"color: #000000;\">B\u0259zi insanlar \u0130sa M\u0259sihi inkar edirl\u0259r, Onun bir tarixi fiqur oldu\u011funu deyirl\u0259r. Onun b\u0259\u015f\u0259riyy\u0259td\u0259 ya\u015fad\u0131qlar\u0131 v\u0259 h\u0259l\u0259 d\u0259 davam ed\u0259n t\u0259sirl\u0259ri \u0259v\u0259zedilm\u0259zdir. B\u00fct\u00fcn Q\u0259rbin tarixi sistemi onun tarixi reall\u0131\u011f\u0131na \u015fahidlik edir, bel\u0259c\u0259 yer \u00fcz\u00fcnd\u0259 ya\u015fayan insanlar\u0131n \u0259ks\u0259riyy\u0259ti \u0130sa M\u0259sihi tan\u0131y\u0131r. B\u0259s bu insan reall\u0131qda kimdir? Onun h\u0259yat\u0131n\u0131n v\u0259 \u00f6l\u00fcm\u00fcn\u00fcn m\u0259nas\u0131 n\u0259 idi? O m\u00fck\u0259mm\u0259l bir din m\u00fc\u0259llimi idi yoxsa Onun varl\u0131\u011f\u0131 haqq\u0131nda bilm\u0259yimiz laz\u0131m olan ba\u015fqa \u015feyl\u0259rd\u0259 var idi?<\/span><\/p>\n<p style=\"text-align: justify;\"><span style=\"color: #000000;\">\u00c7ox insan \u0130sa M\u0259sihi yax\u015f\u0131 bir insan, m\u00fck\u0259mm\u0259l bir m\u00fc\u0259llim, h\u0259tta Tanr\u0131n\u0131n pey\u011f\u0259mb\u0259ri kimi q\u0259bul ed\u0259c\u0259kl\u0259r. Bu deyil\u0259nl\u0259r \u0259lb\u0259tt\u0259 ki, \u0130san\u0131n h\u0259qiq\u0259tl\u0259ridir, lakin bu deyil\u0259nl\u0259r reall\u0131qda Onun kim oldu\u011funu tam olaraq m\u00fc\u0259yy\u0259n etmirl\u0259r. \u0130ncil biz\u0259 \u0130san\u0131n Tanr\u0131n\u0131n O\u011flu, b\u0259d\u0259nd\u0259 v\u0259 insan formas\u0131ndaTanr\u0131 oldu\u011funu deyir. Allah bizi \u00f6yr\u0259tm\u0259k, bizi sa\u011faltmaq, bizi d\u00fczg\u00fcn yola g\u0259tirm\u0259k, bizi ba\u011f\u0131\u015flamaq v\u0259 bizim \u00fc\u00e7\u00fcn \u00f6lm\u0259k \u00fc\u00e7\u00fcn d\u00fcnyaya g\u0259ldi. \u0130sa M\u0259sih Tanr\u0131d\u0131r, yaradand\u0131r v\u0259 H\u00f6kmdar R\u0259bbdir. Tanr\u0131n\u0131n o\u011flu yer \u00fcz\u00fcn\u0259 Allahla onun camahat\u0131 aras\u0131ndak\u0131 divar\u0131 ortadan qald\u0131rmaq \u00fc\u00e7\u00fcn g\u00f6nd\u0259rildi. O sad\u0259 v\u0259 g\u00fcnahs\u0131z bir h\u0259yat ya\u015fam\u0131\u015fd\u0131. He\u00e7 bir dedi-qodu v\u0259 yaln\u0131\u015f davran\u0131\u015fs\u0131z. O b\u00fct\u00fcn vaxt\u0131n\u0131 insanlar\u0131n h\u0259yat\u0131n\u0131Tanr\u0131n\u0131n mesaj\u0131na uy\u011fun d\u0259yi\u015fdirm\u0259k \u00fc\u00e7\u00fcn h\u0259sr etmi\u015fdir.<\/span><\/p>\n<p style=\"text-align: justify;\"><span style=\"color: #000000;\">O yer \u00fcz\u00fcnd\u0259 oldu\u011fu yaln\u0131z 33 il m\u00fcdd\u0259td\u0259 d\u00fcnyan\u0131 d\u0259yi\u015fdi v\u0259 bu planetd\u0259 he\u00e7 kim d\u00fcnyaya \u0130sa M\u0259sih kimi daha \u00e7ox t\u0259sir g\u00f6st\u0259r\u0259 bilm\u0259yib. Sonda bu Onun planetidir. \u0130sa M\u0259sihin \u00f6l\u00fcm\u00fcnd\u0259n sonra 2000 ild\u0259n art\u0131qd\u0131r ki, Onun ilahiliyinin he\u00e7 bir \u0259lam\u0259ti yoxdur, \u0130blisl\u0259r h\u0259l\u0259 d\u0259 onun ad\u0131ndan \u0259sirl\u0259r. \u00c7oxlar\u0131 Onun g\u00fccl\u00fc ad\u0131n\u0131 e\u015fid\u0259nd\u0259 l\u0259rz\u0259y\u0259 d\u00fc\u015f\u00fcrl\u0259r. \u0130san\u0131n ad\u0131 kimi g\u00fccl\u00fc ba\u015fqa bir ad yoxdur.<\/span><\/p>\n","protected":false},"excerpt":{"rendered":"<p>Zaman \u00e7\u0259tinl\u0259\u015fir , g\u00fcnahlar ortaya \u00e7\u0131x\u0131r, He\u00e7 k\u0259s h\u0259yat asand\u0131r demir. Biz iki d\u0259f\u0259, \u00fc\u00e7 d\u0259f\u0259, d\u00f6rd d\u0259f\u0259 v\u0259 daha \u00e7ox y\u0131x\u0131l\u0131r\u0131q, Amma Tanr\u0131 he\u00e7 vaxt bizi yorulma\u011fa qoymur. V\u0259 biz zirv\u0259y\u0259 \u00e7atd\u0131\u011f\u0131m\u0131z zaman, zirv\u0259d\u0259, O bizi y\u0131x\u0131lma\u011fa qoymur, h\u0259tta O yegan\u0259 o\u011flunu Bizi \u015fik\u0259st v\u0259 ya ayaqlar alt\u0131nda qalmaqdan qorumaq \u00fc\u00e7\u00fcn g\u00f6nd\u0259rir. B\u0259s bu&hellip; <a class=\"more-link\" href=\"https:\/\/jesuschristformuslims.com\/az\/isani-tanimaq-ist%c9%99yirsiz\/\">Continue reading <span class=\"screen-reader-text\">\u0130san\u0131 tan\u0131maq ist\u0259yirsiz?<\/span><\/a><\/p>\n","protected":false},"author":4,"featured_media":0,"parent":0,"menu_order":0,"comment_status":"closed","ping_status":"closed","template":"page_full_width.php","meta":{"footnotes":""},"class_list":["post-7995","page","type-page","status-publish","hentry","entry"],"yoast_head":"<!-- This site is optimized with the Yoast SEO plugin v27.3 - https:\/\/yoast.com\/product\/yoast-seo-wordpress\/ -->\n<title>\u0130san\u0131 tan\u0131maq ist\u0259yirsiz | \u0130sa M\u0259sih Allah | \u0130sa M\u0259sih xilaskar<\/title>\n<meta name=\"description\" content=\"\u0130san\u0131 tan\u0131maq ist\u0259yirsiz? \u00c7ox insan \u0130sa M\u0259sihi yax\u015f\u0131 bir insan, m\u00fck\u0259mm\u0259l bir m\u00fc\u0259llim, h\u0259tta Tanr\u0131n\u0131n pey\u011f\u0259mb\u0259ri kimi q\u0259bul ed\u0259c\u0259kl\u0259r. Bu deyil\u0259nl\u0259r \u0259lb\u0259tt\u0259\" \/>\n<meta name=\"robots\" content=\"index, follow, max-snippet:-1, max-image-preview:large, max-video-preview:-1\" \/>\n<link rel=\"canonical\" href=\"https:\/\/jesuschristformuslims.com\/az\/isani-tanimaq-ist\u0259yirsiz\/\" \/>\n<meta property=\"og:locale\" content=\"az_AZ\" \/>\n<meta property=\"og:type\" content=\"article\" \/>\n<meta property=\"og:title\" content=\"\u0130san\u0131 tan\u0131maq ist\u0259yirsiz | \u0130sa M\u0259sih Allah | \u0130sa M\u0259sih xilaskar\" \/>\n<meta property=\"og:description\" content=\"\u0130san\u0131 tan\u0131maq ist\u0259yirsiz? \u00c7ox insan \u0130sa M\u0259sihi yax\u015f\u0131 bir insan, m\u00fck\u0259mm\u0259l bir m\u00fc\u0259llim, h\u0259tta Tanr\u0131n\u0131n pey\u011f\u0259mb\u0259ri kimi q\u0259bul ed\u0259c\u0259kl\u0259r. Bu deyil\u0259nl\u0259r \u0259lb\u0259tt\u0259\" \/>\n<meta property=\"og:url\" content=\"https:\/\/jesuschristformuslims.com\/az\/isani-tanimaq-ist\u0259yirsiz\/\" \/>\n<meta property=\"og:site_name\" content=\"Jesus Christ for Muslims\" \/>\n<meta property=\"article:modified_time\" content=\"2018-10-08T21:20:06+00:00\" \/>\n<meta name=\"twitter:card\" content=\"summary_large_image\" \/>\n<meta name=\"twitter:label1\" content=\"Est. reading time\" \/>\n\t<meta name=\"twitter:data1\" content=\"3 minutes\" \/>\n<script type=\"application\/ld+json\" class=\"yoast-schema-graph\">{\"@context\":\"https:\\\/\\\/schema.org\",\"@graph\":[{\"@type\":\"WebPage\",\"@id\":\"https:\\\/\\\/jesuschristformuslims.com\\\/az\\\/isani-tanimaq-ist%c9%99yirsiz\\\/\",\"url\":\"https:\\\/\\\/jesuschristformuslims.com\\\/az\\\/isani-tanimaq-ist%c9%99yirsiz\\\/\",\"name\":\"\u0130san\u0131 tan\u0131maq ist\u0259yirsiz | \u0130sa M\u0259sih Allah | \u0130sa M\u0259sih xilaskar\",\"isPartOf\":{\"@id\":\"https:\\\/\\\/jesuschristformuslims.com\\\/#website\"},\"datePublished\":\"2018-08-07T10:54:51+00:00\",\"dateModified\":\"2018-10-08T21:20:06+00:00\",\"description\":\"\u0130san\u0131 tan\u0131maq ist\u0259yirsiz? \u00c7ox insan \u0130sa M\u0259sihi yax\u015f\u0131 bir insan, m\u00fck\u0259mm\u0259l bir m\u00fc\u0259llim, h\u0259tta Tanr\u0131n\u0131n pey\u011f\u0259mb\u0259ri kimi q\u0259bul ed\u0259c\u0259kl\u0259r. Bu deyil\u0259nl\u0259r \u0259lb\u0259tt\u0259\",\"breadcrumb\":{\"@id\":\"https:\\\/\\\/jesuschristformuslims.com\\\/az\\\/isani-tanimaq-ist%c9%99yirsiz\\\/#breadcrumb\"},\"inLanguage\":\"az-AZ\",\"potentialAction\":[{\"@type\":\"ReadAction\",\"target\":[\"https:\\\/\\\/jesuschristformuslims.com\\\/az\\\/isani-tanimaq-ist%c9%99yirsiz\\\/\"]}]},{\"@type\":\"BreadcrumbList\",\"@id\":\"https:\\\/\\\/jesuschristformuslims.com\\\/az\\\/isani-tanimaq-ist%c9%99yirsiz\\\/#breadcrumb\",\"itemListElement\":[{\"@type\":\"ListItem\",\"position\":1,\"name\":\"Home\",\"item\":\"https:\\\/\\\/jesuschristformuslims.com\\\/az\\\/ana-s%c9%99hif%c9%99\\\/\"},{\"@type\":\"ListItem\",\"position\":2,\"name\":\"\u0130san\u0131 tan\u0131maq ist\u0259yirsiz?\"}]},{\"@type\":\"WebSite\",\"@id\":\"https:\\\/\\\/jesuschristformuslims.com\\\/#website\",\"url\":\"https:\\\/\\\/jesuschristformuslims.com\\\/\",\"name\":\"Jesus Christ for Muslims\",\"description\":\"Inviting Muslims to the Kingdom of Christ\",\"potentialAction\":[{\"@type\":\"SearchAction\",\"target\":{\"@type\":\"EntryPoint\",\"urlTemplate\":\"https:\\\/\\\/jesuschristformuslims.com\\\/?s={search_term_string}\"},\"query-input\":{\"@type\":\"PropertyValueSpecification\",\"valueRequired\":true,\"valueName\":\"search_term_string\"}}],\"inLanguage\":\"az-AZ\"}]}<\/script>\n<!-- \/ Yoast SEO plugin. -->","yoast_head_json":{"title":"\u0130san\u0131 tan\u0131maq ist\u0259yirsiz | \u0130sa M\u0259sih Allah | \u0130sa M\u0259sih xilaskar","description":"\u0130san\u0131 tan\u0131maq ist\u0259yirsiz? \u00c7ox insan \u0130sa M\u0259sihi yax\u015f\u0131 bir insan, m\u00fck\u0259mm\u0259l bir m\u00fc\u0259llim, h\u0259tta Tanr\u0131n\u0131n pey\u011f\u0259mb\u0259ri kimi q\u0259bul ed\u0259c\u0259kl\u0259r. Bu deyil\u0259nl\u0259r \u0259lb\u0259tt\u0259","robots":{"index":"index","follow":"follow","max-snippet":"max-snippet:-1","max-image-preview":"max-image-preview:large","max-video-preview":"max-video-preview:-1"},"canonical":"https:\/\/jesuschristformuslims.com\/az\/isani-tanimaq-ist\u0259yirsiz\/","og_locale":"az_AZ","og_type":"article","og_title":"\u0130san\u0131 tan\u0131maq ist\u0259yirsiz | \u0130sa M\u0259sih Allah | \u0130sa M\u0259sih xilaskar","og_description":"\u0130san\u0131 tan\u0131maq ist\u0259yirsiz? \u00c7ox insan \u0130sa M\u0259sihi yax\u015f\u0131 bir insan, m\u00fck\u0259mm\u0259l bir m\u00fc\u0259llim, h\u0259tta Tanr\u0131n\u0131n pey\u011f\u0259mb\u0259ri kimi q\u0259bul ed\u0259c\u0259kl\u0259r. Bu deyil\u0259nl\u0259r \u0259lb\u0259tt\u0259","og_url":"https:\/\/jesuschristformuslims.com\/az\/isani-tanimaq-ist\u0259yirsiz\/","og_site_name":"Jesus Christ for Muslims","article_modified_time":"2018-10-08T21:20:06+00:00","twitter_card":"summary_large_image","twitter_misc":{"Est. reading time":"3 minutes"},"schema":{"@context":"https:\/\/schema.org","@graph":[{"@type":"WebPage","@id":"https:\/\/jesuschristformuslims.com\/az\/isani-tanimaq-ist%c9%99yirsiz\/","url":"https:\/\/jesuschristformuslims.com\/az\/isani-tanimaq-ist%c9%99yirsiz\/","name":"\u0130san\u0131 tan\u0131maq ist\u0259yirsiz | \u0130sa M\u0259sih Allah | \u0130sa M\u0259sih xilaskar","isPartOf":{"@id":"https:\/\/jesuschristformuslims.com\/#website"},"datePublished":"2018-08-07T10:54:51+00:00","dateModified":"2018-10-08T21:20:06+00:00","description":"\u0130san\u0131 tan\u0131maq ist\u0259yirsiz? \u00c7ox insan \u0130sa M\u0259sihi yax\u015f\u0131 bir insan, m\u00fck\u0259mm\u0259l bir m\u00fc\u0259llim, h\u0259tta Tanr\u0131n\u0131n pey\u011f\u0259mb\u0259ri kimi q\u0259bul ed\u0259c\u0259kl\u0259r. Bu deyil\u0259nl\u0259r \u0259lb\u0259tt\u0259","breadcrumb":{"@id":"https:\/\/jesuschristformuslims.com\/az\/isani-tanimaq-ist%c9%99yirsiz\/#breadcrumb"},"inLanguage":"az-AZ","potentialAction":[{"@type":"ReadAction","target":["https:\/\/jesuschristformuslims.com\/az\/isani-tanimaq-ist%c9%99yirsiz\/"]}]},{"@type":"BreadcrumbList","@id":"https:\/\/jesuschristformuslims.com\/az\/isani-tanimaq-ist%c9%99yirsiz\/#breadcrumb","itemListElement":[{"@type":"ListItem","position":1,"name":"Home","item":"https:\/\/jesuschristformuslims.com\/az\/ana-s%c9%99hif%c9%99\/"},{"@type":"ListItem","position":2,"name":"\u0130san\u0131 tan\u0131maq ist\u0259yirsiz?"}]},{"@type":"WebSite","@id":"https:\/\/jesuschristformuslims.com\/#website","url":"https:\/\/jesuschristformuslims.com\/","name":"Jesus Christ for Muslims","description":"Inviting Muslims to the Kingdom of Christ","potentialAction":[{"@type":"SearchAction","target":{"@type":"EntryPoint","urlTemplate":"https:\/\/jesuschristformuslims.com\/?s={search_term_string}"},"query-input":{"@type":"PropertyValueSpecification","valueRequired":true,"valueName":"search_term_string"}}],"inLanguage":"az-AZ"}]}},"_links":{"self":[{"href":"https:\/\/jesuschristformuslims.com\/az\/wp-json\/wp\/v2\/pages\/7995","targetHints":{"allow":["GET"]}}],"collection":[{"href":"https:\/\/jesuschristformuslims.com\/az\/wp-json\/wp\/v2\/pages"}],"about":[{"href":"https:\/\/jesuschristformuslims.com\/az\/wp-json\/wp\/v2\/types\/page"}],"author":[{"embeddable":true,"href":"https:\/\/jesuschristformuslims.com\/az\/wp-json\/wp\/v2\/users\/4"}],"replies":[{"embeddable":true,"href":"https:\/\/jesuschristformuslims.com\/az\/wp-json\/wp\/v2\/comments?post=7995"}],"version-history":[{"count":3,"href":"https:\/\/jesuschristformuslims.com\/az\/wp-json\/wp\/v2\/pages\/7995\/revisions"}],"predecessor-version":[{"id":8397,"href":"https:\/\/jesuschristformuslims.com\/az\/wp-json\/wp\/v2\/pages\/7995\/revisions\/8397"}],"wp:attachment":[{"href":"https:\/\/jesuschristformuslims.com\/az\/wp-json\/wp\/v2\/media?parent=7995"}],"curies":[{"name":"wp","href":"https:\/\/api.w.org\/{rel}","templated":true}]}}