{"id":7997,"date":"2018-08-07T10:55:49","date_gmt":"2018-08-07T10:55:49","guid":{"rendered":"https:\/\/jesuschristformuslims.com\/?page_id=7997\/"},"modified":"2023-06-04T13:25:38","modified_gmt":"2023-06-04T13:25:38","slug":"incili-oz-dilinizd%c9%99-tapin","status":"publish","type":"page","link":"https:\/\/jesuschristformuslims.com\/az\/incili-oz-dilinizd%c9%99-tapin\/","title":{"rendered":"\u0130ncili \u00d6z Dilinizd\u0259 Tap\u0131n"},"content":{"rendered":"<p><img decoding=\"async\" class=\"alignleft wp-image-1239 size-full\" src=\"https:\/\/jesuschristformuslims.com\/wp-content\/uploads\/2015\/02\/urdu-1.jpg\" alt=\"\" width=\"120\" height=\"80\" \/><span style=\"color: #000000;\"><strong>URDU DILI<\/strong><\/span><br \/>\n<a href=\"https:\/\/es.scribd.com\/doc\/256914582\/Old-Testament-Bible-Urdu-Version\" target=\"_blank\" rel=\"noopener noreferrer\">K\u00f6hn\u0259 \u018fhdi-C\u0259did<\/a><br \/>\n<a href=\"https:\/\/issuu.com\/jesuschristformuslims\/docs\/new_testament_-_urdu\" target=\"_blank\" rel=\"noopener noreferrer\">Yeni \u018fhdi-C\u0259did<\/a><\/p>\n<p><img decoding=\"async\" class=\" size-full wp-image-981 alignleft\" src=\"https:\/\/jesuschristformuslims.com\/wp-content\/uploads\/2015\/02\/hindi.jpg\" alt=\"hindi\" width=\"120\" height=\"80\" \/> <span style=\"color: #000000;\"><strong>HINDI DILI<\/strong><\/span><br \/>\n<a href=\"https:\/\/es.scribd.com\/doc\/256919930\/Old-Testament-Bible-Hindi-Version\" target=\"_blank\" rel=\"noopener noreferrer\">K\u00f6hn\u0259 \u018fhdi-C\u0259did<\/a><br \/>\n<a href=\"https:\/\/issuu.com\/jesuschristformuslims\/docs\/new_testament_-_hindi_x\" target=\"_blank\" rel=\"noopener noreferrer\">Yeni \u018fhdi-C\u0259did<\/a><\/p>\n<p><img decoding=\"async\" class=\" size-full wp-image-978 alignleft\" src=\"https:\/\/jesuschristformuslims.com\/wp-content\/uploads\/2015\/02\/bangla.jpg\" alt=\"bangla\" width=\"120\" height=\"80\" \/><span style=\"color: #000000;\"><strong>BANGLA DILI<\/strong><\/span><br \/>\n<a href=\"https:\/\/es.scribd.com\/doc\/256914524\/Old-Testament-Bible-Bangla-Version\" target=\"_blank\" rel=\"noopener noreferrer\">K\u00f6hn\u0259 \u018fhdi-C\u0259did<\/a><br \/>\n<a href=\"https:\/\/issuu.com\/jesuschristformuslims\/docs\/new_testament_-_bangla\" target=\"_blank\" rel=\"noopener noreferrer\">Yeni \u018fhdi-C\u0259did<\/a><\/p>\n<p><img loading=\"lazy\" decoding=\"async\" class=\" size-full wp-image-979 alignleft\" src=\"https:\/\/jesuschristformuslims.com\/wp-content\/uploads\/2015\/02\/srilanka.jpg\" alt=\"tamil\" width=\"120\" height=\"80\" \/><span style=\"color: #000000;\"><strong>TAMIL DILI<\/strong><\/span><br \/>\n<a href=\"https:\/\/es.scribd.com\/doc\/256919577\/Old-Testament-Bible-Tamil-Version\" target=\"_blank\" rel=\"noopener noreferrer\">K\u00f6hn\u0259 \u018fhdi-C\u0259did<\/a><br \/>\n<a href=\"https:\/\/issuu.com\/jesuschristformuslims\/docs\/new_testament_-_tamil\" target=\"_blank\" rel=\"noopener noreferrer\">Yeni \u018fhdi-C\u0259did<\/a><\/p>\n<p><img loading=\"lazy\" decoding=\"async\" class=\" size-full wp-image-982 alignleft\" src=\"https:\/\/jesuschristformuslims.com\/wp-content\/uploads\/2015\/02\/arabic.jpg\" alt=\"arabic\" width=\"120\" height=\"80\" \/> <span style=\"color: #000000;\"><strong>\u018fR\u018fB DILI<\/strong><\/span><br \/>\n<a href=\"https:\/\/es.scribd.com\/doc\/256913088\/Old-Testament-Bible-Arabic-Version\" target=\"_blank\" rel=\"noopener noreferrer\">K\u00f6hn\u0259 \u018fhdi-C\u0259did<\/a><br \/>\n<a href=\"https:\/\/issuu.com\/jesuschristformuslims\/docs\/new_testament_-_arabic\" target=\"_blank\" rel=\"noopener noreferrer\">Yeni \u018fhdi-C\u0259did<\/a><\/p>\n<p><img loading=\"lazy\" decoding=\"async\" class=\" size-full wp-image-983 alignleft\" src=\"https:\/\/jesuschristformuslims.com\/wp-content\/uploads\/2015\/02\/indonesian.jpg\" alt=\"indonesian\" width=\"120\" height=\"80\" \/><span style=\"color: #000000;\"><strong>\u0130NDONEZIYA DILI<\/strong><\/span><br \/>\n<a href=\"https:\/\/issuu.com\/jesuschristformuslims\/docs\/new_testament_-_indonesian\" target=\"_blank\" rel=\"noopener noreferrer\">New Testament<\/a><\/p>\n<h4><span style=\"color: #000000;\">Tezlikl\u0259 daha \u00e7ox dill\u0259rd\u0259&#8230;<\/span><\/h4>\n","protected":false},"excerpt":{"rendered":"<p>URDU DILI K\u00f6hn\u0259 \u018fhdi-C\u0259did Yeni \u018fhdi-C\u0259did HINDI DILI K\u00f6hn\u0259 \u018fhdi-C\u0259did Yeni \u018fhdi-C\u0259did BANGLA DILI K\u00f6hn\u0259 \u018fhdi-C\u0259did Yeni \u018fhdi-C\u0259did TAMIL DILI K\u00f6hn\u0259 \u018fhdi-C\u0259did Yeni \u018fhdi-C\u0259did \u018fR\u018fB DILI K\u00f6hn\u0259 \u018fhdi-C\u0259did Yeni \u018fhdi-C\u0259did \u0130NDONEZIYA DILI New Testament Tezlikl\u0259 daha \u00e7ox dill\u0259rd\u0259&#8230;<\/p>\n","protected":false},"author":4,"featured_media":0,"parent":0,"menu_order":0,"comment_status":"closed","ping_status":"closed","template":"","meta":{"footnotes":""},"class_list":["post-7997","page","type-page","status-publish","hentry","entry"],"yoast_head":"<!-- This site is optimized with the Yoast SEO plugin v27.3 - https:\/\/yoast.com\/product\/yoast-seo-wordpress\/ -->\n<title>\u0130ncili | Az\u0259rbaycan M\u00fcq\u0259dd\u0259sdir | Az\u0259rbaycanda xristianlar<\/title>\n<meta name=\"description\" content=\"\u0130ncili \u00d6z Dilinizd\u0259 Tap\u0131n. Komandam\u0131z bir ne\u00e7\u0259 ekspert v\u0259 y\u00fcks\u0259k t\u0259hsilli \u015f\u0259xsl\u0259rd\u0259n ibar\u0259tdir, Xristianl\u0131\u011fa Pastorlu\u011fa, missionerliy\u0259 ke\u00e7mi\u015f M\u00fcs\u0259lmanlar v\u0259\" \/>\n<meta name=\"robots\" content=\"index, follow, max-snippet:-1, max-image-preview:large, max-video-preview:-1\" \/>\n<link rel=\"canonical\" href=\"https:\/\/jesuschristformuslims.com\/az\/incili-oz-dilinizd\u0259-tapin\/\" \/>\n<meta property=\"og:locale\" content=\"az_AZ\" \/>\n<meta property=\"og:type\" content=\"article\" \/>\n<meta property=\"og:title\" content=\"\u0130ncili | Az\u0259rbaycan M\u00fcq\u0259dd\u0259sdir | Az\u0259rbaycanda xristianlar\" \/>\n<meta property=\"og:description\" content=\"\u0130ncili \u00d6z Dilinizd\u0259 Tap\u0131n. Komandam\u0131z bir ne\u00e7\u0259 ekspert v\u0259 y\u00fcks\u0259k t\u0259hsilli \u015f\u0259xsl\u0259rd\u0259n ibar\u0259tdir, Xristianl\u0131\u011fa Pastorlu\u011fa, missionerliy\u0259 ke\u00e7mi\u015f M\u00fcs\u0259lmanlar v\u0259\" \/>\n<meta property=\"og:url\" content=\"https:\/\/jesuschristformuslims.com\/az\/incili-oz-dilinizd\u0259-tapin\/\" \/>\n<meta property=\"og:site_name\" content=\"Jesus Christ for Muslims\" \/>\n<meta property=\"article:modified_time\" content=\"2023-06-04T13:25:38+00:00\" \/>\n<meta property=\"og:image\" content=\"https:\/\/jesuschristformuslims.com\/wp-content\/uploads\/2015\/02\/urdu-1.jpg\" \/>\n<meta name=\"twitter:card\" content=\"summary_large_image\" \/>\n<meta name=\"twitter:label1\" content=\"Est. reading time\" \/>\n\t<meta name=\"twitter:data1\" content=\"2 minutes\" \/>\n<script type=\"application\/ld+json\" class=\"yoast-schema-graph\">{\"@context\":\"https:\\\/\\\/schema.org\",\"@graph\":[{\"@type\":\"WebPage\",\"@id\":\"https:\\\/\\\/jesuschristformuslims.com\\\/az\\\/incili-oz-dilinizd%c9%99-tapin\\\/\",\"url\":\"https:\\\/\\\/jesuschristformuslims.com\\\/az\\\/incili-oz-dilinizd%c9%99-tapin\\\/\",\"name\":\"\u0130ncili | Az\u0259rbaycan M\u00fcq\u0259dd\u0259sdir | Az\u0259rbaycanda xristianlar\",\"isPartOf\":{\"@id\":\"https:\\\/\\\/jesuschristformuslims.com\\\/#website\"},\"primaryImageOfPage\":{\"@id\":\"https:\\\/\\\/jesuschristformuslims.com\\\/az\\\/incili-oz-dilinizd%c9%99-tapin\\\/#primaryimage\"},\"image\":{\"@id\":\"https:\\\/\\\/jesuschristformuslims.com\\\/az\\\/incili-oz-dilinizd%c9%99-tapin\\\/#primaryimage\"},\"thumbnailUrl\":\"https:\\\/\\\/jesuschristformuslims.com\\\/wp-content\\\/uploads\\\/2015\\\/02\\\/urdu-1.jpg\",\"datePublished\":\"2018-08-07T10:55:49+00:00\",\"dateModified\":\"2023-06-04T13:25:38+00:00\",\"description\":\"\u0130ncili \u00d6z Dilinizd\u0259 Tap\u0131n. Komandam\u0131z bir ne\u00e7\u0259 ekspert v\u0259 y\u00fcks\u0259k t\u0259hsilli \u015f\u0259xsl\u0259rd\u0259n ibar\u0259tdir, Xristianl\u0131\u011fa Pastorlu\u011fa, missionerliy\u0259 ke\u00e7mi\u015f M\u00fcs\u0259lmanlar v\u0259\",\"breadcrumb\":{\"@id\":\"https:\\\/\\\/jesuschristformuslims.com\\\/az\\\/incili-oz-dilinizd%c9%99-tapin\\\/#breadcrumb\"},\"inLanguage\":\"az-AZ\",\"potentialAction\":[{\"@type\":\"ReadAction\",\"target\":[\"https:\\\/\\\/jesuschristformuslims.com\\\/az\\\/incili-oz-dilinizd%c9%99-tapin\\\/\"]}]},{\"@type\":\"ImageObject\",\"inLanguage\":\"az-AZ\",\"@id\":\"https:\\\/\\\/jesuschristformuslims.com\\\/az\\\/incili-oz-dilinizd%c9%99-tapin\\\/#primaryimage\",\"url\":\"https:\\\/\\\/jesuschristformuslims.com\\\/wp-content\\\/uploads\\\/2015\\\/02\\\/urdu-1.jpg\",\"contentUrl\":\"https:\\\/\\\/jesuschristformuslims.com\\\/wp-content\\\/uploads\\\/2015\\\/02\\\/urdu-1.jpg\"},{\"@type\":\"BreadcrumbList\",\"@id\":\"https:\\\/\\\/jesuschristformuslims.com\\\/az\\\/incili-oz-dilinizd%c9%99-tapin\\\/#breadcrumb\",\"itemListElement\":[{\"@type\":\"ListItem\",\"position\":1,\"name\":\"Home\",\"item\":\"https:\\\/\\\/jesuschristformuslims.com\\\/az\\\/ana-s%c9%99hif%c9%99\\\/\"},{\"@type\":\"ListItem\",\"position\":2,\"name\":\"\u0130ncili \u00d6z Dilinizd\u0259 Tap\u0131n\"}]},{\"@type\":\"WebSite\",\"@id\":\"https:\\\/\\\/jesuschristformuslims.com\\\/#website\",\"url\":\"https:\\\/\\\/jesuschristformuslims.com\\\/\",\"name\":\"Jesus Christ for Muslims\",\"description\":\"Inviting Muslims to the Kingdom of Christ\",\"potentialAction\":[{\"@type\":\"SearchAction\",\"target\":{\"@type\":\"EntryPoint\",\"urlTemplate\":\"https:\\\/\\\/jesuschristformuslims.com\\\/?s={search_term_string}\"},\"query-input\":{\"@type\":\"PropertyValueSpecification\",\"valueRequired\":true,\"valueName\":\"search_term_string\"}}],\"inLanguage\":\"az-AZ\"}]}<\/script>\n<!-- \/ Yoast SEO plugin. -->","yoast_head_json":{"title":"\u0130ncili | Az\u0259rbaycan M\u00fcq\u0259dd\u0259sdir | Az\u0259rbaycanda xristianlar","description":"\u0130ncili \u00d6z Dilinizd\u0259 Tap\u0131n. Komandam\u0131z bir ne\u00e7\u0259 ekspert v\u0259 y\u00fcks\u0259k t\u0259hsilli \u015f\u0259xsl\u0259rd\u0259n ibar\u0259tdir, Xristianl\u0131\u011fa Pastorlu\u011fa, missionerliy\u0259 ke\u00e7mi\u015f M\u00fcs\u0259lmanlar v\u0259","robots":{"index":"index","follow":"follow","max-snippet":"max-snippet:-1","max-image-preview":"max-image-preview:large","max-video-preview":"max-video-preview:-1"},"canonical":"https:\/\/jesuschristformuslims.com\/az\/incili-oz-dilinizd\u0259-tapin\/","og_locale":"az_AZ","og_type":"article","og_title":"\u0130ncili | Az\u0259rbaycan M\u00fcq\u0259dd\u0259sdir | Az\u0259rbaycanda xristianlar","og_description":"\u0130ncili \u00d6z Dilinizd\u0259 Tap\u0131n. Komandam\u0131z bir ne\u00e7\u0259 ekspert v\u0259 y\u00fcks\u0259k t\u0259hsilli \u015f\u0259xsl\u0259rd\u0259n ibar\u0259tdir, Xristianl\u0131\u011fa Pastorlu\u011fa, missionerliy\u0259 ke\u00e7mi\u015f M\u00fcs\u0259lmanlar v\u0259","og_url":"https:\/\/jesuschristformuslims.com\/az\/incili-oz-dilinizd\u0259-tapin\/","og_site_name":"Jesus Christ for Muslims","article_modified_time":"2023-06-04T13:25:38+00:00","og_image":[{"url":"https:\/\/jesuschristformuslims.com\/wp-content\/uploads\/2015\/02\/urdu-1.jpg","type":"","width":"","height":""}],"twitter_card":"summary_large_image","twitter_misc":{"Est. reading time":"2 minutes"},"schema":{"@context":"https:\/\/schema.org","@graph":[{"@type":"WebPage","@id":"https:\/\/jesuschristformuslims.com\/az\/incili-oz-dilinizd%c9%99-tapin\/","url":"https:\/\/jesuschristformuslims.com\/az\/incili-oz-dilinizd%c9%99-tapin\/","name":"\u0130ncili | Az\u0259rbaycan M\u00fcq\u0259dd\u0259sdir | Az\u0259rbaycanda xristianlar","isPartOf":{"@id":"https:\/\/jesuschristformuslims.com\/#website"},"primaryImageOfPage":{"@id":"https:\/\/jesuschristformuslims.com\/az\/incili-oz-dilinizd%c9%99-tapin\/#primaryimage"},"image":{"@id":"https:\/\/jesuschristformuslims.com\/az\/incili-oz-dilinizd%c9%99-tapin\/#primaryimage"},"thumbnailUrl":"https:\/\/jesuschristformuslims.com\/wp-content\/uploads\/2015\/02\/urdu-1.jpg","datePublished":"2018-08-07T10:55:49+00:00","dateModified":"2023-06-04T13:25:38+00:00","description":"\u0130ncili \u00d6z Dilinizd\u0259 Tap\u0131n. Komandam\u0131z bir ne\u00e7\u0259 ekspert v\u0259 y\u00fcks\u0259k t\u0259hsilli \u015f\u0259xsl\u0259rd\u0259n ibar\u0259tdir, Xristianl\u0131\u011fa Pastorlu\u011fa, missionerliy\u0259 ke\u00e7mi\u015f M\u00fcs\u0259lmanlar v\u0259","breadcrumb":{"@id":"https:\/\/jesuschristformuslims.com\/az\/incili-oz-dilinizd%c9%99-tapin\/#breadcrumb"},"inLanguage":"az-AZ","potentialAction":[{"@type":"ReadAction","target":["https:\/\/jesuschristformuslims.com\/az\/incili-oz-dilinizd%c9%99-tapin\/"]}]},{"@type":"ImageObject","inLanguage":"az-AZ","@id":"https:\/\/jesuschristformuslims.com\/az\/incili-oz-dilinizd%c9%99-tapin\/#primaryimage","url":"https:\/\/jesuschristformuslims.com\/wp-content\/uploads\/2015\/02\/urdu-1.jpg","contentUrl":"https:\/\/jesuschristformuslims.com\/wp-content\/uploads\/2015\/02\/urdu-1.jpg"},{"@type":"BreadcrumbList","@id":"https:\/\/jesuschristformuslims.com\/az\/incili-oz-dilinizd%c9%99-tapin\/#breadcrumb","itemListElement":[{"@type":"ListItem","position":1,"name":"Home","item":"https:\/\/jesuschristformuslims.com\/az\/ana-s%c9%99hif%c9%99\/"},{"@type":"ListItem","position":2,"name":"\u0130ncili \u00d6z Dilinizd\u0259 Tap\u0131n"}]},{"@type":"WebSite","@id":"https:\/\/jesuschristformuslims.com\/#website","url":"https:\/\/jesuschristformuslims.com\/","name":"Jesus Christ for Muslims","description":"Inviting Muslims to the Kingdom of Christ","potentialAction":[{"@type":"SearchAction","target":{"@type":"EntryPoint","urlTemplate":"https:\/\/jesuschristformuslims.com\/?s={search_term_string}"},"query-input":{"@type":"PropertyValueSpecification","valueRequired":true,"valueName":"search_term_string"}}],"inLanguage":"az-AZ"}]}},"_links":{"self":[{"href":"https:\/\/jesuschristformuslims.com\/az\/wp-json\/wp\/v2\/pages\/7997","targetHints":{"allow":["GET"]}}],"collection":[{"href":"https:\/\/jesuschristformuslims.com\/az\/wp-json\/wp\/v2\/pages"}],"about":[{"href":"https:\/\/jesuschristformuslims.com\/az\/wp-json\/wp\/v2\/types\/page"}],"author":[{"embeddable":true,"href":"https:\/\/jesuschristformuslims.com\/az\/wp-json\/wp\/v2\/users\/4"}],"replies":[{"embeddable":true,"href":"https:\/\/jesuschristformuslims.com\/az\/wp-json\/wp\/v2\/comments?post=7997"}],"version-history":[{"count":4,"href":"https:\/\/jesuschristformuslims.com\/az\/wp-json\/wp\/v2\/pages\/7997\/revisions"}],"predecessor-version":[{"id":30105,"href":"https:\/\/jesuschristformuslims.com\/az\/wp-json\/wp\/v2\/pages\/7997\/revisions\/30105"}],"wp:attachment":[{"href":"https:\/\/jesuschristformuslims.com\/az\/wp-json\/wp\/v2\/media?parent=7997"}],"curies":[{"name":"wp","href":"https:\/\/api.w.org\/{rel}","templated":true}]}}