{"id":7999,"date":"2018-08-07T10:57:25","date_gmt":"2018-08-07T10:57:25","guid":{"rendered":"https:\/\/jesuschristformuslims.com\/?page_id=7999\/"},"modified":"2018-10-08T21:23:55","modified_gmt":"2018-10-08T21:23:55","slug":"sozl%c9%99riniz%c9%99-s%c9%99s-verin","status":"publish","type":"page","link":"https:\/\/jesuschristformuslims.com\/az\/sozl%c9%99riniz%c9%99-s%c9%99s-verin\/","title":{"rendered":"S\u00f6zl\u0259riniz\u0259 s\u0259s verin"},"content":{"rendered":"<p style=\"text-align: justify;\"><span style=\"color: #000000;\">\u018ftraf\u0131n\u0131zda ayd\u0131nl\u0131\u011fa \u00e7\u0131xmas\u0131n\u0131n laz\u0131m oldu\u011funa inand\u0131\u011f\u0131n\u0131z n\u0259l\u0259rs\u0259 var? C\u0259miyy\u0259tinizin ba\u015f\u00e7\u0131l\u0131q etdiyi istiqam\u0259td\u0259n narahats\u0131n\u0131z? Q\u0259l\u0259minizin g\u00fcc\u00fcn\u00fcn f\u0259rqlilik yarada bil\u0259c\u0259yini v\u0259 c\u0259miyy\u0259t\u0259 maarifl\u0259ndirm\u0259 g\u0259tir\u0259 bil\u0259c\u0259yinizi d\u00fc\u015f\u00fcn\u00fcrs\u00fcn\u00fcz? Onda niy\u0259 q\u0259l\u0259minizi g\u00f6t\u00fcr\u00fcb biz\u0259 yazm\u0131rs\u0131n\u0131z?<\/span><\/p>\n<p style=\"text-align: justify;\"><span style=\"color: #000000;\">Q\u0259lbinizd\u0259 tutdu\u011funuz h\u0259r \u015feyi e\u015fitm\u0259yi \u00e7ox ist\u0259rdik. \u201cFikir azadl\u0131\u011f\u0131\u201d fundamental insan haqqlar\u0131m\u0131z\u0131n \u0259n d\u0259y\u0259rli par\u00e7as\u0131d\u0131r, hans\u0131 ki h\u0259r hans\u0131 bir qanuna, konstitusiyaya v\u0259 ya din\u0259 g\u00f6r\u0259 biz\u0259 inkar edil\u0259 bilm\u0259z. S\u0259sinizin al\u00e7ald\u0131lmas\u0131na icaz\u0259 verm\u0259yin.<\/span><\/p>\n<p style=\"text-align: justify;\"><span style=\"color: #000000;\">\u201cM\u00fcs\u0259lmanlar \u00fc\u00e7\u00fcn \u0130sa M\u0259sih\u201d sizin m\u0259qal\u0259l\u0259rinizi veb-sayt\u0131m\u0131zda yerl\u0259\u015fdir\u0259r\u0259k yaz\u0131lar\u0131n\u0131za s\u0259s verm\u0259k ist\u0259yir. N\u0259 fikirl\u0259\u015fdiyinizi, hiss etdiyinizi v\u0259 ya n\u0259y\u0259 inand\u0131\u011f\u0131n\u0131z\u0131 biz\u0259 g\u00f6nd\u0259rin v\u0259 biz sizin s\u0259sinizi d\u00fcnyaya \u00e7atd\u0131raca\u011f\u0131q. \u201cM\u00fcs\u0259lmanlar \u00fc\u00e7\u00fcn \u0130sa M\u0259sih\u201d vasit\u0259sil\u0259 \u00f6z\u00fcn\u00fcz\u00fc ifad\u0259 edin. Lakin m\u0259qal\u0259l\u0259riniz m\u0259s\u0259ll\u0259r 6:16-19 kimi yaz\u0131lacaq.<\/span><\/p>\n<p style=\"text-align: justify;\"><span style=\"color: #000000;\">\u201cR\u0259bbimiz alt\u0131 \u015fey\u0259 nifr\u0259t edir, yeddi \u015fey Onu t\u0259\u0259ss\u00fcfl\u0259ndirir: t\u0259k\u0259bb\u00fcrl\u00fc g\u00f6zl\u0259r, yalan\u00e7\u0131 dil, g\u00fcnahs\u0131zlar\u0131n qan\u0131n\u0131 t\u00f6k\u0259n \u0259ll\u0259r, k\u0259l\u0259kbaz \u00fcr\u0259k, pislikl\u0259r\u0259 tez at\u0131lan ayaqlar, yalanlarla \u015fahidlik ed\u0259n saxta \u015fahid v\u0259 c\u0259miyy\u0259td\u0259 qar\u015f\u0131durma yaradan insan\u201d.<\/span><\/p>\n<p style=\"text-align: justify;\"><span style=\"color: #000000;\">Fikrinizd\u0259 bunu tutub, real faktlara \u0259saslanaraq biz\u0259 do\u011fru m\u0259lumat g\u00f6nd\u0259rdiyiniz\u0259 \u0259min olun, bel\u0259c\u0259 Tanr\u0131m\u0131za qar\u015f\u0131 r\u0259zil olmar\u0131q.<\/span><\/p>\n<p style=\"text-align: justify;\"><span style=\"color: #000000;\">Biz sizin t\u0259hl\u00fck\u0259sizlik probleml\u0259rinizi tam olaraq ba\u015fa d\u00fc\u015f\u00fcr\u00fck. Bu s\u0259b\u0259bd\u0259n \u0259g\u0259r bizim bunu etm\u0259yimizi ist\u0259yirsinizs\u0259, \u0259min olun ki, ad\u0131n\u0131z yaln\u0131zca siz\u0259 bildiril\u0259c\u0259k. Sizin m\u0259qal\u0259l\u0259rinizi sizin ad\u0131n\u0131zdan v\u0259 ya ad\u0131n\u0131z olmadan yay\u0131mlayaca\u011f\u0131q; sizin \u00fc\u00e7\u00fcn hans\u0131 \u0259n yax\u015f\u0131s\u0131d\u0131rsa, o da olacaq.<\/span><\/p>\n<p style=\"text-align: justify;\"><strong><span style=\"color: #000000;\">Biz\u0259 elektron-po\u00e7t g\u00f6nd\u0259rin:<\/span><\/strong> <a href=\"mailto:jesuschristformuslims@gmail.com\">jesuschristformuslims@gmail.com <\/a><\/p>\n","protected":false},"excerpt":{"rendered":"<p>\u018ftraf\u0131n\u0131zda ayd\u0131nl\u0131\u011fa \u00e7\u0131xmas\u0131n\u0131n laz\u0131m oldu\u011funa inand\u0131\u011f\u0131n\u0131z n\u0259l\u0259rs\u0259 var? C\u0259miyy\u0259tinizin ba\u015f\u00e7\u0131l\u0131q etdiyi istiqam\u0259td\u0259n narahats\u0131n\u0131z? Q\u0259l\u0259minizin g\u00fcc\u00fcn\u00fcn f\u0259rqlilik yarada bil\u0259c\u0259yini v\u0259 c\u0259miyy\u0259t\u0259 maarifl\u0259ndirm\u0259 g\u0259tir\u0259 bil\u0259c\u0259yinizi d\u00fc\u015f\u00fcn\u00fcrs\u00fcn\u00fcz? Onda niy\u0259 q\u0259l\u0259minizi g\u00f6t\u00fcr\u00fcb biz\u0259 yazm\u0131rs\u0131n\u0131z? Q\u0259lbinizd\u0259 tutdu\u011funuz h\u0259r \u015feyi e\u015fitm\u0259yi \u00e7ox ist\u0259rdik. \u201cFikir azadl\u0131\u011f\u0131\u201d fundamental insan haqqlar\u0131m\u0131z\u0131n \u0259n d\u0259y\u0259rli par\u00e7as\u0131d\u0131r, hans\u0131 ki h\u0259r hans\u0131 bir qanuna, konstitusiyaya v\u0259 ya din\u0259&hellip; <a class=\"more-link\" href=\"https:\/\/jesuschristformuslims.com\/az\/sozl%c9%99riniz%c9%99-s%c9%99s-verin\/\">Continue reading <span class=\"screen-reader-text\">S\u00f6zl\u0259riniz\u0259 s\u0259s verin<\/span><\/a><\/p>\n","protected":false},"author":4,"featured_media":0,"parent":0,"menu_order":0,"comment_status":"closed","ping_status":"closed","template":"page_full_width.php","meta":{"footnotes":""},"class_list":["post-7999","page","type-page","status-publish","hentry","entry"],"yoast_head":"<!-- This site is optimized with the Yoast SEO plugin v27.3 - https:\/\/yoast.com\/product\/yoast-seo-wordpress\/ -->\n<title>S\u00f6zl\u0259riniz\u0259 s\u0259s verin | M\u00fcs\u0259lmanlar xristianl\u0131\u011fa \u00e7evrilir | Tanr\u0131 s\u00f6z\u00fc<\/title>\n<meta name=\"description\" content=\"S\u00f6zl\u0259riniz\u0259 s\u0259s verin. M\u00fcs\u0259lmanlar \u00fc\u00e7\u00fcn \u0130sa M\u0259sih sizin m\u0259qal\u0259l\u0259rinizi veb-sayt\u0131m\u0131zda yerl\u0259\u015fdir\u0259r\u0259k yaz\u0131lar\u0131n\u0131za s\u0259s verm\u0259k ist\u0259yir. N\u0259 fikirl\u0259\u015fdiyinizi....\" \/>\n<meta name=\"robots\" content=\"index, follow, max-snippet:-1, max-image-preview:large, max-video-preview:-1\" \/>\n<link rel=\"canonical\" href=\"https:\/\/jesuschristformuslims.com\/az\/sozl\u0259riniz\u0259-s\u0259s-verin\/\" \/>\n<meta property=\"og:locale\" content=\"az_AZ\" \/>\n<meta property=\"og:type\" content=\"article\" \/>\n<meta property=\"og:title\" content=\"S\u00f6zl\u0259riniz\u0259 s\u0259s verin | M\u00fcs\u0259lmanlar xristianl\u0131\u011fa \u00e7evrilir | Tanr\u0131 s\u00f6z\u00fc\" \/>\n<meta property=\"og:description\" content=\"S\u00f6zl\u0259riniz\u0259 s\u0259s verin. M\u00fcs\u0259lmanlar \u00fc\u00e7\u00fcn \u0130sa M\u0259sih sizin m\u0259qal\u0259l\u0259rinizi veb-sayt\u0131m\u0131zda yerl\u0259\u015fdir\u0259r\u0259k yaz\u0131lar\u0131n\u0131za s\u0259s verm\u0259k ist\u0259yir. N\u0259 fikirl\u0259\u015fdiyinizi....\" \/>\n<meta property=\"og:url\" content=\"https:\/\/jesuschristformuslims.com\/az\/sozl\u0259riniz\u0259-s\u0259s-verin\/\" \/>\n<meta property=\"og:site_name\" content=\"Jesus Christ for Muslims\" \/>\n<meta property=\"article:modified_time\" content=\"2018-10-08T21:23:55+00:00\" \/>\n<meta name=\"twitter:card\" content=\"summary_large_image\" \/>\n<meta name=\"twitter:label1\" content=\"Est. reading time\" \/>\n\t<meta name=\"twitter:data1\" content=\"2 minutes\" \/>\n<script type=\"application\/ld+json\" class=\"yoast-schema-graph\">{\"@context\":\"https:\\\/\\\/schema.org\",\"@graph\":[{\"@type\":\"WebPage\",\"@id\":\"https:\\\/\\\/jesuschristformuslims.com\\\/az\\\/sozl%c9%99riniz%c9%99-s%c9%99s-verin\\\/\",\"url\":\"https:\\\/\\\/jesuschristformuslims.com\\\/az\\\/sozl%c9%99riniz%c9%99-s%c9%99s-verin\\\/\",\"name\":\"S\u00f6zl\u0259riniz\u0259 s\u0259s verin | M\u00fcs\u0259lmanlar xristianl\u0131\u011fa \u00e7evrilir | Tanr\u0131 s\u00f6z\u00fc\",\"isPartOf\":{\"@id\":\"https:\\\/\\\/jesuschristformuslims.com\\\/#website\"},\"datePublished\":\"2018-08-07T10:57:25+00:00\",\"dateModified\":\"2018-10-08T21:23:55+00:00\",\"description\":\"S\u00f6zl\u0259riniz\u0259 s\u0259s verin. M\u00fcs\u0259lmanlar \u00fc\u00e7\u00fcn \u0130sa M\u0259sih sizin m\u0259qal\u0259l\u0259rinizi veb-sayt\u0131m\u0131zda yerl\u0259\u015fdir\u0259r\u0259k yaz\u0131lar\u0131n\u0131za s\u0259s verm\u0259k ist\u0259yir. N\u0259 fikirl\u0259\u015fdiyinizi....\",\"breadcrumb\":{\"@id\":\"https:\\\/\\\/jesuschristformuslims.com\\\/az\\\/sozl%c9%99riniz%c9%99-s%c9%99s-verin\\\/#breadcrumb\"},\"inLanguage\":\"az-AZ\",\"potentialAction\":[{\"@type\":\"ReadAction\",\"target\":[\"https:\\\/\\\/jesuschristformuslims.com\\\/az\\\/sozl%c9%99riniz%c9%99-s%c9%99s-verin\\\/\"]}]},{\"@type\":\"BreadcrumbList\",\"@id\":\"https:\\\/\\\/jesuschristformuslims.com\\\/az\\\/sozl%c9%99riniz%c9%99-s%c9%99s-verin\\\/#breadcrumb\",\"itemListElement\":[{\"@type\":\"ListItem\",\"position\":1,\"name\":\"Home\",\"item\":\"https:\\\/\\\/jesuschristformuslims.com\\\/az\\\/ana-s%c9%99hif%c9%99\\\/\"},{\"@type\":\"ListItem\",\"position\":2,\"name\":\"S\u00f6zl\u0259riniz\u0259 s\u0259s verin\"}]},{\"@type\":\"WebSite\",\"@id\":\"https:\\\/\\\/jesuschristformuslims.com\\\/#website\",\"url\":\"https:\\\/\\\/jesuschristformuslims.com\\\/\",\"name\":\"Jesus Christ for Muslims\",\"description\":\"Inviting Muslims to the Kingdom of Christ\",\"potentialAction\":[{\"@type\":\"SearchAction\",\"target\":{\"@type\":\"EntryPoint\",\"urlTemplate\":\"https:\\\/\\\/jesuschristformuslims.com\\\/?s={search_term_string}\"},\"query-input\":{\"@type\":\"PropertyValueSpecification\",\"valueRequired\":true,\"valueName\":\"search_term_string\"}}],\"inLanguage\":\"az-AZ\"}]}<\/script>\n<!-- \/ Yoast SEO plugin. -->","yoast_head_json":{"title":"S\u00f6zl\u0259riniz\u0259 s\u0259s verin | M\u00fcs\u0259lmanlar xristianl\u0131\u011fa \u00e7evrilir | Tanr\u0131 s\u00f6z\u00fc","description":"S\u00f6zl\u0259riniz\u0259 s\u0259s verin. M\u00fcs\u0259lmanlar \u00fc\u00e7\u00fcn \u0130sa M\u0259sih sizin m\u0259qal\u0259l\u0259rinizi veb-sayt\u0131m\u0131zda yerl\u0259\u015fdir\u0259r\u0259k yaz\u0131lar\u0131n\u0131za s\u0259s verm\u0259k ist\u0259yir. N\u0259 fikirl\u0259\u015fdiyinizi....","robots":{"index":"index","follow":"follow","max-snippet":"max-snippet:-1","max-image-preview":"max-image-preview:large","max-video-preview":"max-video-preview:-1"},"canonical":"https:\/\/jesuschristformuslims.com\/az\/sozl\u0259riniz\u0259-s\u0259s-verin\/","og_locale":"az_AZ","og_type":"article","og_title":"S\u00f6zl\u0259riniz\u0259 s\u0259s verin | M\u00fcs\u0259lmanlar xristianl\u0131\u011fa \u00e7evrilir | Tanr\u0131 s\u00f6z\u00fc","og_description":"S\u00f6zl\u0259riniz\u0259 s\u0259s verin. M\u00fcs\u0259lmanlar \u00fc\u00e7\u00fcn \u0130sa M\u0259sih sizin m\u0259qal\u0259l\u0259rinizi veb-sayt\u0131m\u0131zda yerl\u0259\u015fdir\u0259r\u0259k yaz\u0131lar\u0131n\u0131za s\u0259s verm\u0259k ist\u0259yir. N\u0259 fikirl\u0259\u015fdiyinizi....","og_url":"https:\/\/jesuschristformuslims.com\/az\/sozl\u0259riniz\u0259-s\u0259s-verin\/","og_site_name":"Jesus Christ for Muslims","article_modified_time":"2018-10-08T21:23:55+00:00","twitter_card":"summary_large_image","twitter_misc":{"Est. reading time":"2 minutes"},"schema":{"@context":"https:\/\/schema.org","@graph":[{"@type":"WebPage","@id":"https:\/\/jesuschristformuslims.com\/az\/sozl%c9%99riniz%c9%99-s%c9%99s-verin\/","url":"https:\/\/jesuschristformuslims.com\/az\/sozl%c9%99riniz%c9%99-s%c9%99s-verin\/","name":"S\u00f6zl\u0259riniz\u0259 s\u0259s verin | M\u00fcs\u0259lmanlar xristianl\u0131\u011fa \u00e7evrilir | Tanr\u0131 s\u00f6z\u00fc","isPartOf":{"@id":"https:\/\/jesuschristformuslims.com\/#website"},"datePublished":"2018-08-07T10:57:25+00:00","dateModified":"2018-10-08T21:23:55+00:00","description":"S\u00f6zl\u0259riniz\u0259 s\u0259s verin. M\u00fcs\u0259lmanlar \u00fc\u00e7\u00fcn \u0130sa M\u0259sih sizin m\u0259qal\u0259l\u0259rinizi veb-sayt\u0131m\u0131zda yerl\u0259\u015fdir\u0259r\u0259k yaz\u0131lar\u0131n\u0131za s\u0259s verm\u0259k ist\u0259yir. N\u0259 fikirl\u0259\u015fdiyinizi....","breadcrumb":{"@id":"https:\/\/jesuschristformuslims.com\/az\/sozl%c9%99riniz%c9%99-s%c9%99s-verin\/#breadcrumb"},"inLanguage":"az-AZ","potentialAction":[{"@type":"ReadAction","target":["https:\/\/jesuschristformuslims.com\/az\/sozl%c9%99riniz%c9%99-s%c9%99s-verin\/"]}]},{"@type":"BreadcrumbList","@id":"https:\/\/jesuschristformuslims.com\/az\/sozl%c9%99riniz%c9%99-s%c9%99s-verin\/#breadcrumb","itemListElement":[{"@type":"ListItem","position":1,"name":"Home","item":"https:\/\/jesuschristformuslims.com\/az\/ana-s%c9%99hif%c9%99\/"},{"@type":"ListItem","position":2,"name":"S\u00f6zl\u0259riniz\u0259 s\u0259s verin"}]},{"@type":"WebSite","@id":"https:\/\/jesuschristformuslims.com\/#website","url":"https:\/\/jesuschristformuslims.com\/","name":"Jesus Christ for Muslims","description":"Inviting Muslims to the Kingdom of Christ","potentialAction":[{"@type":"SearchAction","target":{"@type":"EntryPoint","urlTemplate":"https:\/\/jesuschristformuslims.com\/?s={search_term_string}"},"query-input":{"@type":"PropertyValueSpecification","valueRequired":true,"valueName":"search_term_string"}}],"inLanguage":"az-AZ"}]}},"_links":{"self":[{"href":"https:\/\/jesuschristformuslims.com\/az\/wp-json\/wp\/v2\/pages\/7999","targetHints":{"allow":["GET"]}}],"collection":[{"href":"https:\/\/jesuschristformuslims.com\/az\/wp-json\/wp\/v2\/pages"}],"about":[{"href":"https:\/\/jesuschristformuslims.com\/az\/wp-json\/wp\/v2\/types\/page"}],"author":[{"embeddable":true,"href":"https:\/\/jesuschristformuslims.com\/az\/wp-json\/wp\/v2\/users\/4"}],"replies":[{"embeddable":true,"href":"https:\/\/jesuschristformuslims.com\/az\/wp-json\/wp\/v2\/comments?post=7999"}],"version-history":[{"count":3,"href":"https:\/\/jesuschristformuslims.com\/az\/wp-json\/wp\/v2\/pages\/7999\/revisions"}],"predecessor-version":[{"id":8402,"href":"https:\/\/jesuschristformuslims.com\/az\/wp-json\/wp\/v2\/pages\/7999\/revisions\/8402"}],"wp:attachment":[{"href":"https:\/\/jesuschristformuslims.com\/az\/wp-json\/wp\/v2\/media?parent=7999"}],"curies":[{"name":"wp","href":"https:\/\/api.w.org\/{rel}","templated":true}]}}