{"id":8003,"date":"2018-08-07T10:59:33","date_gmt":"2018-08-07T10:59:33","guid":{"rendered":"https:\/\/jesuschristformuslims.com\/?page_id=8003\/"},"modified":"2018-10-08T21:13:49","modified_gmt":"2018-10-08T21:13:49","slug":"dua-ist%c9%99yi","status":"publish","type":"page","link":"https:\/\/jesuschristformuslims.com\/az\/dua-ist%c9%99yi\/","title":{"rendered":"Dua \u0130st\u0259yi"},"content":{"rendered":"<p style=\"text-align: justify;\"><span style=\"color: #000000;\">H\u0259yat s\u0259hrada qum f\u0131rt\u0131nas\u0131 kimidir. H\u0259yat narahatl\u0131qlarla, \u00e7\u0259tinlikl\u0259rl\u0259, istismarlarla, x\u0259yal q\u0131r\u0131ql\u0131qlar\u0131 il\u0259 doludur v\u0259 n\u0259 olursa olsun, h\u0259r hans\u0131 bir ayd\u0131n yol g\u00f6rm\u0259yimizi \u0259ng\u0259ll\u0259yir. H\u0259yat zaman zaman bizi he\u00e7 bir \u00fcmid i\u015f\u0131\u011f\u0131n\u0131n g\u00f6r\u00fcnm\u0259diyi qaranl\u0131q yerl\u0259r\u0259 s\u00fcr\u00fckl\u0259yir.<\/span><\/p>\n<p style=\"text-align: justify;\"><span style=\"color: #000000;\">Amma n\u0259 olursa olsun biz qorxmayaca\u011f\u0131q. \u00c7\u00fcnki, Tanr\u0131\u00a0 h\u0259r an\u0131m\u0131zda biziml\u0259dir. Qaranl\u0131qda axtard\u0131\u011f\u0131m\u0131z h\u0259r hans\u0131 bir i\u015f\u0131q \u015f\u00fcas\u0131 \u0259slind\u0259 bizim i\u00e7imizd\u0259dir. Sad\u0259c\u0259 onun parlama\u011f\u0131na icaz\u0259 ver\u0259c\u0259k q\u0259d\u0259r c\u0259sur olmal\u0131y\u0131q.<\/span><\/p>\n<p style=\"text-align: justify;\"><span style=\"color: #000000;\">Amma b\u0259z\u0259n t\u0259k ba\u015f\u0131na sava\u015fmaq bizi z\u0259ifl\u0259dir v\u0259 t\u0259slim olma\u011fa daha meyilli oluruq. Buna g\u00f6r\u0259 d\u0259 \u201cM\u00fcs\u0259lmanlar \u00fc\u00e7\u00fcn \u0130sa M\u0259sih\u201d harada olursa olsun siz\u0259 yard\u0131m etm\u0259k v\u0259 sizi d\u0259st\u0259kl\u0259m\u0259k ist\u0259yir. Siz probleml\u0259rinizi biziml\u0259 payla\u015fa bil\u0259rsiniz v\u0259 \u0259g\u0259r ba\u015fqa bir \u015fey yoxdursa, onda biz Tanr\u0131ya dua ed\u0259c\u0259yik, bel\u0259c\u0259 O sizin \u00fc\u00e7\u00fcn yeni qap\u0131lar a\u00e7a bil\u0259r. Tanr\u0131n\u0131n\u00a0 \u00f6z\u00fcn\u0259m\u0259xsus yollar\u0131 var v\u0259 O ba\u015fqalar\u0131na yard\u0131m etm\u0259k \u00fc\u00e7\u00fcn bu yollardan h\u0259r hans\u0131 birini n\u0259 zaman v\u0259 nec\u0259 y\u00f6nl\u0259ndir\u0259c\u0259yini bilir. \u015e\u00fcbh\u0259siz ki, Onun h\u0259m\u00e7inin sizin \u00fc\u00e7\u00fcn d\u0259 bir plan\u0131 vard\u0131r. Biz sizin hekay\u0259nizi bilm\u0259k v\u0259 d\u00f6y\u00fc\u015fl\u0259riniz\u0259 qar\u015f\u0131 sizinl\u0259 birg\u0259 m\u00fcbariz\u0259 aparmaq ist\u0259yirik.<\/span><\/p>\n<p style=\"text-align: justify;\"><span style=\"color: #000000;\">Sizin Xristian, M\u00fcs\u0259lman, Hindu, Buddist v\u0259 ya ist\u0259nil\u0259n ba\u015fqa bir din\u0259 m\u0259xsus olma\u011f\u0131n\u0131z \u0259h\u0259miyy\u0259tsizdir. Biz ham\u0131m\u0131z birik v\u0259 eyni Tanr\u0131\u00a0 bizi yarad\u0131b. Biz sizin \u00fc\u00e7\u00fcn dua etm\u0259k ist\u0259rdik. Dua ist\u0259kl\u0259rinizl\u0259 biz\u0259 m\u00fcraci\u0259t etm\u0259kd\u0259n \u00e7\u0259kinm\u0259yin. \u0130sa M\u0259sih h\u0259r k\u0259s\u0259 \u015f\u0259fa verir v\u0259 O bizim g\u00fcnahlar\u0131m\u0131za g\u00f6r\u0259 \u00f6ld\u00fc. Kim Ondan xahi\u015f ets\u0259 v\u0259 Ona inansa O h\u0259l\u0259 d\u0259 \u015f\u0259fa verir. Ehtiyaclar\u0131n\u0131z\u0131 ondan xahi\u015f edin v\u0259 O sizi t\u0259min ed\u0259c\u0259k.<\/span><\/p>\n<p><strong><span style=\"color: #000000;\">Biz\u0259 elektron-po\u00e7t g\u00f6nd\u0259rin:<\/span><\/strong> <a href=\"https:\/\/jesuschristformuslims.com\/give-voice-to-your-words\/\">jesuschristformuslims@gmail.com <\/a><\/p>\n","protected":false},"excerpt":{"rendered":"<p>H\u0259yat s\u0259hrada qum f\u0131rt\u0131nas\u0131 kimidir. H\u0259yat narahatl\u0131qlarla, \u00e7\u0259tinlikl\u0259rl\u0259, istismarlarla, x\u0259yal q\u0131r\u0131ql\u0131qlar\u0131 il\u0259 doludur v\u0259 n\u0259 olursa olsun, h\u0259r hans\u0131 bir ayd\u0131n yol g\u00f6rm\u0259yimizi \u0259ng\u0259ll\u0259yir. H\u0259yat zaman zaman bizi he\u00e7 bir \u00fcmid i\u015f\u0131\u011f\u0131n\u0131n g\u00f6r\u00fcnm\u0259diyi qaranl\u0131q yerl\u0259r\u0259 s\u00fcr\u00fckl\u0259yir. Amma n\u0259 olursa olsun biz qorxmayaca\u011f\u0131q. \u00c7\u00fcnki, Tanr\u0131\u00a0 h\u0259r an\u0131m\u0131zda biziml\u0259dir. Qaranl\u0131qda axtard\u0131\u011f\u0131m\u0131z h\u0259r hans\u0131 bir i\u015f\u0131q \u015f\u00fcas\u0131 \u0259slind\u0259&hellip; <a class=\"more-link\" href=\"https:\/\/jesuschristformuslims.com\/az\/dua-ist%c9%99yi\/\">Continue reading <span class=\"screen-reader-text\">Dua \u0130st\u0259yi<\/span><\/a><\/p>\n","protected":false},"author":4,"featured_media":0,"parent":0,"menu_order":0,"comment_status":"closed","ping_status":"closed","template":"page_full_width.php","meta":{"footnotes":""},"class_list":["post-8003","page","type-page","status-publish","hentry","entry"],"yoast_head":"<!-- This site is optimized with the Yoast SEO plugin v27.3 - https:\/\/yoast.com\/product\/yoast-seo-wordpress\/ -->\n<title>Dua \u0130st\u0259yi | xristian az\u0259rbaycanl\u0131 dualar\u0131 | \u0130slam \u00fc\u00e7\u00fcn xrist<\/title>\n<meta name=\"description\" content=\"Biz sizin \u00fc\u00e7\u00fcn dua etm\u0259k ist\u0259rdik. Dua ist\u0259kl\u0259rinizl\u0259 biz\u0259 m\u00fcraci\u0259t etm\u0259kd\u0259n \u00e7\u0259kinm\u0259yin. \u0130sa M\u0259sih h\u0259r k\u0259s\u0259 \u015f\u0259fa verir v\u0259 O bizim g\u00fcnahlar\u0131m\u0131za g\u00f6r\u0259 \u00f6ld\u00fc...\" \/>\n<meta name=\"robots\" content=\"index, follow, max-snippet:-1, max-image-preview:large, max-video-preview:-1\" \/>\n<link rel=\"canonical\" href=\"https:\/\/jesuschristformuslims.com\/az\/dua-ist\u0259yi\/\" \/>\n<meta property=\"og:locale\" content=\"az_AZ\" \/>\n<meta property=\"og:type\" content=\"article\" \/>\n<meta property=\"og:title\" content=\"Dua \u0130st\u0259yi | xristian az\u0259rbaycanl\u0131 dualar\u0131 | \u0130slam \u00fc\u00e7\u00fcn xrist\" \/>\n<meta property=\"og:description\" content=\"Biz sizin \u00fc\u00e7\u00fcn dua etm\u0259k ist\u0259rdik. Dua ist\u0259kl\u0259rinizl\u0259 biz\u0259 m\u00fcraci\u0259t etm\u0259kd\u0259n \u00e7\u0259kinm\u0259yin. \u0130sa M\u0259sih h\u0259r k\u0259s\u0259 \u015f\u0259fa verir v\u0259 O bizim g\u00fcnahlar\u0131m\u0131za g\u00f6r\u0259 \u00f6ld\u00fc...\" \/>\n<meta property=\"og:url\" content=\"https:\/\/jesuschristformuslims.com\/az\/dua-ist\u0259yi\/\" \/>\n<meta property=\"og:site_name\" content=\"Jesus Christ for Muslims\" \/>\n<meta property=\"article:modified_time\" content=\"2018-10-08T21:13:49+00:00\" \/>\n<meta name=\"twitter:card\" content=\"summary_large_image\" \/>\n<meta name=\"twitter:label1\" content=\"Est. reading time\" \/>\n\t<meta name=\"twitter:data1\" content=\"2 minutes\" \/>\n<script type=\"application\/ld+json\" class=\"yoast-schema-graph\">{\"@context\":\"https:\\\/\\\/schema.org\",\"@graph\":[{\"@type\":\"WebPage\",\"@id\":\"https:\\\/\\\/jesuschristformuslims.com\\\/az\\\/dua-ist%c9%99yi\\\/\",\"url\":\"https:\\\/\\\/jesuschristformuslims.com\\\/az\\\/dua-ist%c9%99yi\\\/\",\"name\":\"Dua \u0130st\u0259yi | xristian az\u0259rbaycanl\u0131 dualar\u0131 | \u0130slam \u00fc\u00e7\u00fcn xrist\",\"isPartOf\":{\"@id\":\"https:\\\/\\\/jesuschristformuslims.com\\\/#website\"},\"datePublished\":\"2018-08-07T10:59:33+00:00\",\"dateModified\":\"2018-10-08T21:13:49+00:00\",\"description\":\"Biz sizin \u00fc\u00e7\u00fcn dua etm\u0259k ist\u0259rdik. Dua ist\u0259kl\u0259rinizl\u0259 biz\u0259 m\u00fcraci\u0259t etm\u0259kd\u0259n \u00e7\u0259kinm\u0259yin. \u0130sa M\u0259sih h\u0259r k\u0259s\u0259 \u015f\u0259fa verir v\u0259 O bizim g\u00fcnahlar\u0131m\u0131za g\u00f6r\u0259 \u00f6ld\u00fc...\",\"breadcrumb\":{\"@id\":\"https:\\\/\\\/jesuschristformuslims.com\\\/az\\\/dua-ist%c9%99yi\\\/#breadcrumb\"},\"inLanguage\":\"az-AZ\",\"potentialAction\":[{\"@type\":\"ReadAction\",\"target\":[\"https:\\\/\\\/jesuschristformuslims.com\\\/az\\\/dua-ist%c9%99yi\\\/\"]}]},{\"@type\":\"BreadcrumbList\",\"@id\":\"https:\\\/\\\/jesuschristformuslims.com\\\/az\\\/dua-ist%c9%99yi\\\/#breadcrumb\",\"itemListElement\":[{\"@type\":\"ListItem\",\"position\":1,\"name\":\"Home\",\"item\":\"https:\\\/\\\/jesuschristformuslims.com\\\/az\\\/ana-s%c9%99hif%c9%99\\\/\"},{\"@type\":\"ListItem\",\"position\":2,\"name\":\"Dua \u0130st\u0259yi\"}]},{\"@type\":\"WebSite\",\"@id\":\"https:\\\/\\\/jesuschristformuslims.com\\\/#website\",\"url\":\"https:\\\/\\\/jesuschristformuslims.com\\\/\",\"name\":\"Jesus Christ for Muslims\",\"description\":\"Inviting Muslims to the Kingdom of Christ\",\"potentialAction\":[{\"@type\":\"SearchAction\",\"target\":{\"@type\":\"EntryPoint\",\"urlTemplate\":\"https:\\\/\\\/jesuschristformuslims.com\\\/?s={search_term_string}\"},\"query-input\":{\"@type\":\"PropertyValueSpecification\",\"valueRequired\":true,\"valueName\":\"search_term_string\"}}],\"inLanguage\":\"az-AZ\"}]}<\/script>\n<!-- \/ Yoast SEO plugin. -->","yoast_head_json":{"title":"Dua \u0130st\u0259yi | xristian az\u0259rbaycanl\u0131 dualar\u0131 | \u0130slam \u00fc\u00e7\u00fcn xrist","description":"Biz sizin \u00fc\u00e7\u00fcn dua etm\u0259k ist\u0259rdik. Dua ist\u0259kl\u0259rinizl\u0259 biz\u0259 m\u00fcraci\u0259t etm\u0259kd\u0259n \u00e7\u0259kinm\u0259yin. \u0130sa M\u0259sih h\u0259r k\u0259s\u0259 \u015f\u0259fa verir v\u0259 O bizim g\u00fcnahlar\u0131m\u0131za g\u00f6r\u0259 \u00f6ld\u00fc...","robots":{"index":"index","follow":"follow","max-snippet":"max-snippet:-1","max-image-preview":"max-image-preview:large","max-video-preview":"max-video-preview:-1"},"canonical":"https:\/\/jesuschristformuslims.com\/az\/dua-ist\u0259yi\/","og_locale":"az_AZ","og_type":"article","og_title":"Dua \u0130st\u0259yi | xristian az\u0259rbaycanl\u0131 dualar\u0131 | \u0130slam \u00fc\u00e7\u00fcn xrist","og_description":"Biz sizin \u00fc\u00e7\u00fcn dua etm\u0259k ist\u0259rdik. Dua ist\u0259kl\u0259rinizl\u0259 biz\u0259 m\u00fcraci\u0259t etm\u0259kd\u0259n \u00e7\u0259kinm\u0259yin. \u0130sa M\u0259sih h\u0259r k\u0259s\u0259 \u015f\u0259fa verir v\u0259 O bizim g\u00fcnahlar\u0131m\u0131za g\u00f6r\u0259 \u00f6ld\u00fc...","og_url":"https:\/\/jesuschristformuslims.com\/az\/dua-ist\u0259yi\/","og_site_name":"Jesus Christ for Muslims","article_modified_time":"2018-10-08T21:13:49+00:00","twitter_card":"summary_large_image","twitter_misc":{"Est. reading time":"2 minutes"},"schema":{"@context":"https:\/\/schema.org","@graph":[{"@type":"WebPage","@id":"https:\/\/jesuschristformuslims.com\/az\/dua-ist%c9%99yi\/","url":"https:\/\/jesuschristformuslims.com\/az\/dua-ist%c9%99yi\/","name":"Dua \u0130st\u0259yi | xristian az\u0259rbaycanl\u0131 dualar\u0131 | \u0130slam \u00fc\u00e7\u00fcn xrist","isPartOf":{"@id":"https:\/\/jesuschristformuslims.com\/#website"},"datePublished":"2018-08-07T10:59:33+00:00","dateModified":"2018-10-08T21:13:49+00:00","description":"Biz sizin \u00fc\u00e7\u00fcn dua etm\u0259k ist\u0259rdik. Dua ist\u0259kl\u0259rinizl\u0259 biz\u0259 m\u00fcraci\u0259t etm\u0259kd\u0259n \u00e7\u0259kinm\u0259yin. \u0130sa M\u0259sih h\u0259r k\u0259s\u0259 \u015f\u0259fa verir v\u0259 O bizim g\u00fcnahlar\u0131m\u0131za g\u00f6r\u0259 \u00f6ld\u00fc...","breadcrumb":{"@id":"https:\/\/jesuschristformuslims.com\/az\/dua-ist%c9%99yi\/#breadcrumb"},"inLanguage":"az-AZ","potentialAction":[{"@type":"ReadAction","target":["https:\/\/jesuschristformuslims.com\/az\/dua-ist%c9%99yi\/"]}]},{"@type":"BreadcrumbList","@id":"https:\/\/jesuschristformuslims.com\/az\/dua-ist%c9%99yi\/#breadcrumb","itemListElement":[{"@type":"ListItem","position":1,"name":"Home","item":"https:\/\/jesuschristformuslims.com\/az\/ana-s%c9%99hif%c9%99\/"},{"@type":"ListItem","position":2,"name":"Dua \u0130st\u0259yi"}]},{"@type":"WebSite","@id":"https:\/\/jesuschristformuslims.com\/#website","url":"https:\/\/jesuschristformuslims.com\/","name":"Jesus Christ for Muslims","description":"Inviting Muslims to the Kingdom of Christ","potentialAction":[{"@type":"SearchAction","target":{"@type":"EntryPoint","urlTemplate":"https:\/\/jesuschristformuslims.com\/?s={search_term_string}"},"query-input":{"@type":"PropertyValueSpecification","valueRequired":true,"valueName":"search_term_string"}}],"inLanguage":"az-AZ"}]}},"_links":{"self":[{"href":"https:\/\/jesuschristformuslims.com\/az\/wp-json\/wp\/v2\/pages\/8003","targetHints":{"allow":["GET"]}}],"collection":[{"href":"https:\/\/jesuschristformuslims.com\/az\/wp-json\/wp\/v2\/pages"}],"about":[{"href":"https:\/\/jesuschristformuslims.com\/az\/wp-json\/wp\/v2\/types\/page"}],"author":[{"embeddable":true,"href":"https:\/\/jesuschristformuslims.com\/az\/wp-json\/wp\/v2\/users\/4"}],"replies":[{"embeddable":true,"href":"https:\/\/jesuschristformuslims.com\/az\/wp-json\/wp\/v2\/comments?post=8003"}],"version-history":[{"count":3,"href":"https:\/\/jesuschristformuslims.com\/az\/wp-json\/wp\/v2\/pages\/8003\/revisions"}],"predecessor-version":[{"id":8404,"href":"https:\/\/jesuschristformuslims.com\/az\/wp-json\/wp\/v2\/pages\/8003\/revisions\/8404"}],"wp:attachment":[{"href":"https:\/\/jesuschristformuslims.com\/az\/wp-json\/wp\/v2\/media?parent=8003"}],"curies":[{"name":"wp","href":"https:\/\/api.w.org\/{rel}","templated":true}]}}