{"id":3230,"date":"2016-08-11T10:32:10","date_gmt":"2016-08-11T10:32:10","guid":{"rendered":"https:\/\/jesuschristformuslims.com\/de\/?page_id=3230"},"modified":"2022-06-28T13:59:07","modified_gmt":"2022-06-28T13:59:07","slug":"unterstutze-uns","status":"publish","type":"page","link":"https:\/\/jesuschristformuslims.com\/de\/unterstutze-uns\/","title":{"rendered":"Unterst\u00fctze Uns"},"content":{"rendered":"\t\t<div data-elementor-type=\"wp-page\" data-elementor-id=\"3230\" class=\"elementor elementor-3230 elementor-796\" data-elementor-post-type=\"page\">\n\t\t\t\t\t\t<section class=\"elementor-section elementor-top-section elementor-element elementor-element-3a76b44 elementor-section-boxed elementor-section-height-default elementor-section-height-default\" data-id=\"3a76b44\" data-element_type=\"section\" data-e-type=\"section\">\n\t\t\t\t\t\t<div class=\"elementor-container elementor-column-gap-default\">\n\t\t\t\t\t<div class=\"elementor-column elementor-col-100 elementor-top-column elementor-element elementor-element-12a1a30\" data-id=\"12a1a30\" data-element_type=\"column\" data-e-type=\"column\">\n\t\t\t<div class=\"elementor-widget-wrap elementor-element-populated\">\n\t\t\t\t\t\t<div class=\"elementor-element elementor-element-a51c1f6 elementor-widget elementor-widget-spacer\" data-id=\"a51c1f6\" data-element_type=\"widget\" data-e-type=\"widget\" data-widget_type=\"spacer.default\">\n\t\t\t\t<div class=\"elementor-widget-container\">\n\t\t\t\t\t\t\t<div class=\"elementor-spacer\">\n\t\t\t<div class=\"elementor-spacer-inner\"><\/div>\n\t\t<\/div>\n\t\t\t\t\t\t<\/div>\n\t\t\t\t<\/div>\n\t\t\t\t\t<\/div>\n\t\t<\/div>\n\t\t\t\t\t<\/div>\n\t\t<\/section>\n\t\t\t\t<section class=\"elementor-section elementor-top-section elementor-element elementor-element-e124cc2 elementor-section-boxed elementor-section-height-default elementor-section-height-default\" data-id=\"e124cc2\" data-element_type=\"section\" data-e-type=\"section\">\n\t\t\t\t\t\t<div class=\"elementor-container elementor-column-gap-default\">\n\t\t\t\t\t<div class=\"elementor-column elementor-col-100 elementor-top-column elementor-element elementor-element-2fd3667\" data-id=\"2fd3667\" data-element_type=\"column\" data-e-type=\"column\">\n\t\t\t<div class=\"elementor-widget-wrap elementor-element-populated\">\n\t\t\t\t\t\t<div class=\"elementor-element elementor-element-741013a elementor-widget elementor-widget-image\" data-id=\"741013a\" data-element_type=\"widget\" data-e-type=\"widget\" data-widget_type=\"image.default\">\n\t\t\t\t<div class=\"elementor-widget-container\">\n\t\t\t\t\t\t\t\t\t\t\t\t\t\t\t<img decoding=\"async\" src=\"https:\/\/jesuschristformuslims.com\/wp-content\/uploads\/2022\/06\/apoyanos.jpg\" title=\"apoyanos\" alt=\"apoyanos\" loading=\"lazy\" \/>\t\t\t\t\t\t\t\t\t\t\t\t\t\t\t<\/div>\n\t\t\t\t<\/div>\n\t\t\t\t<div class=\"elementor-element elementor-element-cabaee0 elementor-widget elementor-widget-spacer\" data-id=\"cabaee0\" data-element_type=\"widget\" data-e-type=\"widget\" data-widget_type=\"spacer.default\">\n\t\t\t\t<div class=\"elementor-widget-container\">\n\t\t\t\t\t\t\t<div class=\"elementor-spacer\">\n\t\t\t<div class=\"elementor-spacer-inner\"><\/div>\n\t\t<\/div>\n\t\t\t\t\t\t<\/div>\n\t\t\t\t<\/div>\n\t\t\t\t\t<\/div>\n\t\t<\/div>\n\t\t\t\t\t<\/div>\n\t\t<\/section>\n\t\t\t\t<section class=\"elementor-section elementor-top-section elementor-element elementor-element-248a188 elementor-section-boxed elementor-section-height-default elementor-section-height-default\" data-id=\"248a188\" data-element_type=\"section\" data-e-type=\"section\">\n\t\t\t\t\t\t<div class=\"elementor-container elementor-column-gap-default\">\n\t\t\t\t\t<div class=\"elementor-column elementor-col-100 elementor-top-column elementor-element elementor-element-8945853\" data-id=\"8945853\" data-element_type=\"column\" data-e-type=\"column\">\n\t\t\t<div class=\"elementor-widget-wrap elementor-element-populated\">\n\t\t\t\t\t\t<div class=\"elementor-element elementor-element-278de91 elementor-widget elementor-widget-heading\" data-id=\"278de91\" data-element_type=\"widget\" data-e-type=\"widget\" data-widget_type=\"heading.default\">\n\t\t\t\t<div class=\"elementor-widget-container\">\n\t\t\t\t\t<h2 class=\"elementor-heading-title elementor-size-default\">Jesus Christ for Muslims<\/h2>\t\t\t\t<\/div>\n\t\t\t\t<\/div>\n\t\t\t\t\t<\/div>\n\t\t<\/div>\n\t\t\t\t\t<\/div>\n\t\t<\/section>\n\t\t\t\t<section class=\"elementor-section elementor-top-section elementor-element elementor-element-ed87fc0 elementor-section-boxed elementor-section-height-default elementor-section-height-default\" data-id=\"ed87fc0\" data-element_type=\"section\" data-e-type=\"section\">\n\t\t\t\t\t\t<div class=\"elementor-container elementor-column-gap-default\">\n\t\t\t\t\t<div class=\"elementor-column elementor-col-100 elementor-top-column elementor-element elementor-element-f3e792a\" data-id=\"f3e792a\" data-element_type=\"column\" data-e-type=\"column\">\n\t\t\t<div class=\"elementor-widget-wrap elementor-element-populated\">\n\t\t\t\t\t\t<div class=\"elementor-element elementor-element-8cb7100 elementor-widget elementor-widget-text-editor\" data-id=\"8cb7100\" data-element_type=\"widget\" data-e-type=\"widget\" data-widget_type=\"text-editor.default\">\n\t\t\t\t<div class=\"elementor-widget-container\">\n\t\t\t\t\t\t\t\t\t<p>\u201cJesus Christus f\u00fcr Muslime\u201d ist eine gemeinn\u00fctzige Organisation, welche zum Ziel hat, Muslime durch Zeugnis, J\u00fcngerschaft, Kirchenbau und dem JCM Center zum K\u00f6nigreich Christi einzuladen. Dieses Wirken wird einzig und allein durch Eure gro\u00dfz\u00fcgige Spende unterst\u00fctzt.<\/p>\t\t\t\t\t\t\t\t<\/div>\n\t\t\t\t<\/div>\n\t\t\t\t\t<\/div>\n\t\t<\/div>\n\t\t\t\t\t<\/div>\n\t\t<\/section>\n\t\t\t\t<section class=\"elementor-section elementor-top-section elementor-element elementor-element-82cf917 elementor-section-boxed elementor-section-height-default elementor-section-height-default\" data-id=\"82cf917\" data-element_type=\"section\" data-e-type=\"section\">\n\t\t\t\t\t\t<div class=\"elementor-container elementor-column-gap-default\">\n\t\t\t\t\t<div class=\"elementor-column elementor-col-100 elementor-top-column elementor-element elementor-element-de496b8\" data-id=\"de496b8\" data-element_type=\"column\" data-e-type=\"column\">\n\t\t\t<div class=\"elementor-widget-wrap elementor-element-populated\">\n\t\t\t\t\t\t<div class=\"elementor-element elementor-element-6712730 elementor-widget elementor-widget-heading\" data-id=\"6712730\" data-element_type=\"widget\" data-e-type=\"widget\" data-widget_type=\"heading.default\">\n\t\t\t\t<div class=\"elementor-widget-container\">\n\t\t\t\t\t<h2 class=\"elementor-heading-title elementor-size-default\">Freiwillige Unterst\u00fctzung:<\/h2>\t\t\t\t<\/div>\n\t\t\t\t<\/div>\n\t\t\t\t\t<\/div>\n\t\t<\/div>\n\t\t\t\t\t<\/div>\n\t\t<\/section>\n\t\t\t\t<section class=\"elementor-section elementor-top-section elementor-element elementor-element-adb6b1e elementor-section-boxed elementor-section-height-default elementor-section-height-default\" data-id=\"adb6b1e\" data-element_type=\"section\" data-e-type=\"section\">\n\t\t\t\t\t\t<div class=\"elementor-container elementor-column-gap-default\">\n\t\t\t\t\t<div class=\"elementor-column elementor-col-100 elementor-top-column elementor-element elementor-element-a304754\" data-id=\"a304754\" data-element_type=\"column\" data-e-type=\"column\">\n\t\t\t<div class=\"elementor-widget-wrap elementor-element-populated\">\n\t\t\t\t\t\t<div class=\"elementor-element elementor-element-98e4a52 elementor-widget elementor-widget-text-editor\" data-id=\"98e4a52\" data-element_type=\"widget\" data-e-type=\"widget\" data-widget_type=\"text-editor.default\">\n\t\t\t\t<div class=\"elementor-widget-container\">\n\t\t\t\t\t\t\t\t\t<p>Du kannst ebenso dieses Wirken als Freiwilliger unterst\u00fctzen, indem du deine F\u00e4higkeiten und dein Verlangen, Christus zu dienen, einsetzt. Unser Wirken braucht Autoren, \u00dcbersetzer, Freiwillige mit einem H\u00e4ndchen f\u00fcr Filmproduktionen und noch viel mehr, Missionare, die bereit sind, unserem Herrn Jesus Christus in mehrheitlich muslimischen L\u00e4ndern zu dienen.<\/p>\t\t\t\t\t\t\t\t<\/div>\n\t\t\t\t<\/div>\n\t\t\t\t\t<\/div>\n\t\t<\/div>\n\t\t\t\t\t<\/div>\n\t\t<\/section>\n\t\t\t\t<section class=\"elementor-section elementor-top-section elementor-element elementor-element-819db4e elementor-section-boxed elementor-section-height-default elementor-section-height-default\" data-id=\"819db4e\" data-element_type=\"section\" data-e-type=\"section\">\n\t\t\t\t\t\t<div class=\"elementor-container elementor-column-gap-default\">\n\t\t\t\t\t<div class=\"elementor-column elementor-col-100 elementor-top-column elementor-element elementor-element-9605716\" data-id=\"9605716\" data-element_type=\"column\" data-e-type=\"column\">\n\t\t\t<div class=\"elementor-widget-wrap elementor-element-populated\">\n\t\t\t\t\t\t<div class=\"elementor-element elementor-element-fb8d21d elementor-widget elementor-widget-heading\" data-id=\"fb8d21d\" data-element_type=\"widget\" data-e-type=\"widget\" data-widget_type=\"heading.default\">\n\t\t\t\t<div class=\"elementor-widget-container\">\n\t\t\t\t\t<h2 class=\"elementor-heading-title elementor-size-default\">Finanzielle Unterst\u00fctzung:<\/h2>\t\t\t\t<\/div>\n\t\t\t\t<\/div>\n\t\t\t\t\t<\/div>\n\t\t<\/div>\n\t\t\t\t\t<\/div>\n\t\t<\/section>\n\t\t\t\t<section class=\"elementor-section elementor-top-section elementor-element elementor-element-9df67e7 elementor-section-boxed elementor-section-height-default elementor-section-height-default\" data-id=\"9df67e7\" data-element_type=\"section\" data-e-type=\"section\">\n\t\t\t\t\t\t<div class=\"elementor-container elementor-column-gap-default\">\n\t\t\t\t\t<div class=\"elementor-column elementor-col-100 elementor-top-column elementor-element elementor-element-cd74a2f\" data-id=\"cd74a2f\" data-element_type=\"column\" data-e-type=\"column\">\n\t\t\t<div class=\"elementor-widget-wrap elementor-element-populated\">\n\t\t\t\t\t\t<div class=\"elementor-element elementor-element-0f1ea6b elementor-widget elementor-widget-text-editor\" data-id=\"0f1ea6b\" data-element_type=\"widget\" data-e-type=\"widget\" data-widget_type=\"text-editor.default\">\n\t\t\t\t<div class=\"elementor-widget-container\">\n\t\t\t\t\t\t\t\t\t<p>Wenn du das Wirken \u201eJesus Christus f\u00fcr Muslime\u201c finanziell unterst\u00fctzen m\u00f6chtest, kannst du dies mit einem Klick weiter unten tun. Deine Spende erlaubt es uns, unser Wirken f\u00fcr die Sache Christi weiterzuf\u00fchren und wir sind dankbar f\u00fcr deine Partnerschaft.<br \/>Klicke auf \u201eSpenden\/Donate\u201c, um ein einmaliges Geschenk zu vergeben.<\/p>\t\t\t\t\t\t\t\t<\/div>\n\t\t\t\t<\/div>\n\t\t\t\t\t<\/div>\n\t\t<\/div>\n\t\t\t\t\t<\/div>\n\t\t<\/section>\n\t\t\t\t<section class=\"elementor-section elementor-top-section elementor-element elementor-element-7fd19c3 elementor-section-boxed elementor-section-height-default elementor-section-height-default\" data-id=\"7fd19c3\" data-element_type=\"section\" data-e-type=\"section\">\n\t\t\t\t\t\t<div class=\"elementor-container elementor-column-gap-default\">\n\t\t\t\t\t<div class=\"elementor-column elementor-col-100 elementor-top-column elementor-element elementor-element-8aa5053\" data-id=\"8aa5053\" data-element_type=\"column\" data-e-type=\"column\">\n\t\t\t<div class=\"elementor-widget-wrap elementor-element-populated\">\n\t\t\t\t\t\t<div class=\"elementor-element elementor-element-eabebc3 elementor-widget elementor-widget-text-editor\" data-id=\"eabebc3\" data-element_type=\"widget\" data-e-type=\"widget\" data-widget_type=\"text-editor.default\">\n\t\t\t\t<div class=\"elementor-widget-container\">\n\t\t\t\t\t\t\t\t\t<p>Falls du eine direkte Banktransaktion w\u00fcnschst, schreib uns bitte eine Email f\u00fcr die n\u00f6tigen Bankdaten. Vielen Dank. Gott segne dich.<\/p>\t\t\t\t\t\t\t\t<\/div>\n\t\t\t\t<\/div>\n\t\t\t\t\t<\/div>\n\t\t<\/div>\n\t\t\t\t\t<\/div>\n\t\t<\/section>\n\t\t\t\t<section class=\"elementor-section elementor-top-section elementor-element elementor-element-b0aaf3b elementor-section-boxed elementor-section-height-default elementor-section-height-default\" data-id=\"b0aaf3b\" data-element_type=\"section\" data-e-type=\"section\">\n\t\t\t\t\t\t<div class=\"elementor-container elementor-column-gap-default\">\n\t\t\t\t\t<div class=\"elementor-column elementor-col-100 elementor-top-column elementor-element elementor-element-8fe7b08\" data-id=\"8fe7b08\" data-element_type=\"column\" data-e-type=\"column\">\n\t\t\t<div class=\"elementor-widget-wrap elementor-element-populated\">\n\t\t\t\t\t\t<div class=\"elementor-element elementor-element-443e36f elementor-widget elementor-widget-spacer\" data-id=\"443e36f\" data-element_type=\"widget\" data-e-type=\"widget\" data-widget_type=\"spacer.default\">\n\t\t\t\t<div class=\"elementor-widget-container\">\n\t\t\t\t\t\t\t<div class=\"elementor-spacer\">\n\t\t\t<div class=\"elementor-spacer-inner\"><\/div>\n\t\t<\/div>\n\t\t\t\t\t\t<\/div>\n\t\t\t\t<\/div>\n\t\t\t\t\t<\/div>\n\t\t<\/div>\n\t\t\t\t\t<\/div>\n\t\t<\/section>\n\t\t\t\t<section class=\"elementor-section elementor-top-section elementor-element elementor-element-c5fee36 elementor-section-boxed elementor-section-height-default elementor-section-height-default\" data-id=\"c5fee36\" data-element_type=\"section\" data-e-type=\"section\">\n\t\t\t\t\t\t<div class=\"elementor-container elementor-column-gap-default\">\n\t\t\t\t\t<div class=\"elementor-column elementor-col-100 elementor-top-column elementor-element elementor-element-7d37c6b\" data-id=\"7d37c6b\" data-element_type=\"column\" data-e-type=\"column\">\n\t\t\t<div class=\"elementor-widget-wrap elementor-element-populated\">\n\t\t\t\t\t\t<div class=\"elementor-element elementor-element-1873ea7 elementor-widget elementor-widget-html\" data-id=\"1873ea7\" data-element_type=\"widget\" data-e-type=\"widget\" data-widget_type=\"html.default\">\n\t\t\t\t<div class=\"elementor-widget-container\">\n\t\t\t\t\t<form action=\"https:\/\/www.paypal.com\/cgi-bin\/webscr\" method=\"post\" target=\"_top\"><input name=\"cmd\" type=\"hidden\" value=\"_s-xclick\" \/>\r\n<input name=\"hosted_button_id\" type=\"hidden\" value=\"NJEUB5CXB3YXY\" \/>\r\n<input alt=\"PayPal \u2013 The safer, easier way to pay online.\" name=\"submit\" src=\"https:\/\/www.paypalobjects.com\/en_US\/GB\/i\/btn\/btn_donateCC_LG.gif\" type=\"image\" \/>\r\n<img decoding=\"async\" src=\"https:\/\/www.paypalobjects.com\/en_GB\/i\/scr\/pixel.gif\" alt=\"\" width=\"1\" height=\"1\" border=\"0\" \/><\/form>\t\t\t\t<\/div>\n\t\t\t\t<\/div>\n\t\t\t\t<div class=\"elementor-element elementor-element-2f7a2b2 elementor-widget elementor-widget-spacer\" data-id=\"2f7a2b2\" data-element_type=\"widget\" data-e-type=\"widget\" data-widget_type=\"spacer.default\">\n\t\t\t\t<div class=\"elementor-widget-container\">\n\t\t\t\t\t\t\t<div class=\"elementor-spacer\">\n\t\t\t<div class=\"elementor-spacer-inner\"><\/div>\n\t\t<\/div>\n\t\t\t\t\t\t<\/div>\n\t\t\t\t<\/div>\n\t\t\t\t\t<\/div>\n\t\t<\/div>\n\t\t\t\t\t<\/div>\n\t\t<\/section>\n\t\t\t\t<\/div>\n\t\t","protected":false},"excerpt":{"rendered":"<p>Jesus Christ for Muslims \u201cJesus Christus f\u00fcr Muslime\u201d ist eine gemeinn\u00fctzige Organisation, welche zum Ziel hat, Muslime durch Zeugnis, J\u00fcngerschaft, Kirchenbau und dem JCM Center zum K\u00f6nigreich Christi einzuladen. Dieses Wirken wird einzig und allein durch Eure gro\u00dfz\u00fcgige Spende unterst\u00fctzt. Freiwillige Unterst\u00fctzung: Du kannst ebenso dieses Wirken als Freiwilliger unterst\u00fctzen, indem du deine F\u00e4higkeiten und&hellip; <a class=\"more-link\" href=\"https:\/\/jesuschristformuslims.com\/de\/unterstutze-uns\/\"><span class=\"screen-reader-text\">Unterst\u00fctze Uns<\/span> weiterlesen<\/a><\/p>\n","protected":false},"author":4,"featured_media":0,"parent":0,"menu_order":0,"comment_status":"closed","ping_status":"closed","template":"elementor_header_footer","meta":{"footnotes":""},"class_list":["post-3230","page","type-page","status-publish","hentry","entry"],"yoast_head":"<!-- This site is optimized with the Yoast SEO plugin v27.4 - https:\/\/yoast.com\/product\/yoast-seo-wordpress\/ -->\n<title>Unterst\u00fctze Uns - Jesus Christus f\u00fcr Muslime Ministerium<\/title>\n<meta name=\"description\" content=\"Freiwillige Unterst\u00fctze: Du kannst ebenso dieses Wirken als Freiwilliger unterst\u00fctzen, indem du deine F\u00e4higkeiten und dein Verlangen, Christus zu dienen..\" \/>\n<meta name=\"robots\" content=\"index, follow, max-snippet:-1, max-image-preview:large, max-video-preview:-1\" \/>\n<link rel=\"canonical\" href=\"https:\/\/jesuschristformuslims.com\/de\/unterstutze-uns\/\" \/>\n<meta property=\"og:locale\" content=\"de_DE\" \/>\n<meta property=\"og:type\" content=\"article\" \/>\n<meta property=\"og:title\" content=\"Unterst\u00fctze Uns - Jesus Christus f\u00fcr Muslime Ministerium\" \/>\n<meta property=\"og:description\" content=\"Freiwillige Unterst\u00fctze: Du kannst ebenso dieses Wirken als Freiwilliger unterst\u00fctzen, indem du deine F\u00e4higkeiten und dein Verlangen, Christus zu dienen..\" \/>\n<meta property=\"og:url\" content=\"https:\/\/jesuschristformuslims.com\/de\/unterstutze-uns\/\" \/>\n<meta property=\"og:site_name\" content=\"Jesus Christ for Muslims\" \/>\n<meta property=\"article:modified_time\" content=\"2022-06-28T13:59:07+00:00\" \/>\n<meta property=\"og:image\" content=\"https:\/\/jesuschristformuslims.com\/wp-content\/uploads\/2022\/06\/apoyanos.jpg\" \/>\n<meta name=\"twitter:card\" content=\"summary_large_image\" \/>\n<meta name=\"twitter:label1\" content=\"Gesch\u00e4tzte Lesezeit\" \/>\n\t<meta name=\"twitter:data1\" content=\"1\u00a0Minute\" \/>\n<script type=\"application\/ld+json\" class=\"yoast-schema-graph\">{\"@context\":\"https:\\\/\\\/schema.org\",\"@graph\":[{\"@type\":\"WebPage\",\"@id\":\"https:\\\/\\\/jesuschristformuslims.com\\\/de\\\/unterstutze-uns\\\/\",\"url\":\"https:\\\/\\\/jesuschristformuslims.com\\\/de\\\/unterstutze-uns\\\/\",\"name\":\"Unterst\u00fctze Uns - Jesus Christus f\u00fcr Muslime Ministerium\",\"isPartOf\":{\"@id\":\"https:\\\/\\\/jesuschristformuslims.com\\\/#website\"},\"primaryImageOfPage\":{\"@id\":\"https:\\\/\\\/jesuschristformuslims.com\\\/de\\\/unterstutze-uns\\\/#primaryimage\"},\"image\":{\"@id\":\"https:\\\/\\\/jesuschristformuslims.com\\\/de\\\/unterstutze-uns\\\/#primaryimage\"},\"thumbnailUrl\":\"https:\\\/\\\/jesuschristformuslims.com\\\/wp-content\\\/uploads\\\/2022\\\/06\\\/apoyanos.jpg\",\"datePublished\":\"2016-08-11T10:32:10+00:00\",\"dateModified\":\"2022-06-28T13:59:07+00:00\",\"description\":\"Freiwillige Unterst\u00fctze: Du kannst ebenso dieses Wirken als Freiwilliger unterst\u00fctzen, indem du deine F\u00e4higkeiten und dein Verlangen, Christus zu dienen..\",\"breadcrumb\":{\"@id\":\"https:\\\/\\\/jesuschristformuslims.com\\\/de\\\/unterstutze-uns\\\/#breadcrumb\"},\"inLanguage\":\"de\",\"potentialAction\":[{\"@type\":\"ReadAction\",\"target\":[\"https:\\\/\\\/jesuschristformuslims.com\\\/de\\\/unterstutze-uns\\\/\"]}]},{\"@type\":\"ImageObject\",\"inLanguage\":\"de\",\"@id\":\"https:\\\/\\\/jesuschristformuslims.com\\\/de\\\/unterstutze-uns\\\/#primaryimage\",\"url\":\"https:\\\/\\\/jesuschristformuslims.com\\\/wp-content\\\/uploads\\\/2022\\\/06\\\/apoyanos.jpg\",\"contentUrl\":\"https:\\\/\\\/jesuschristformuslims.com\\\/wp-content\\\/uploads\\\/2022\\\/06\\\/apoyanos.jpg\"},{\"@type\":\"BreadcrumbList\",\"@id\":\"https:\\\/\\\/jesuschristformuslims.com\\\/de\\\/unterstutze-uns\\\/#breadcrumb\",\"itemListElement\":[{\"@type\":\"ListItem\",\"position\":1,\"name\":\"Home\",\"item\":\"https:\\\/\\\/jesuschristformuslims.com\\\/de\\\/home\\\/\"},{\"@type\":\"ListItem\",\"position\":2,\"name\":\"Unterst\u00fctze Uns\"}]},{\"@type\":\"WebSite\",\"@id\":\"https:\\\/\\\/jesuschristformuslims.com\\\/#website\",\"url\":\"https:\\\/\\\/jesuschristformuslims.com\\\/\",\"name\":\"Jesus Christ for Muslims\",\"description\":\"Inviting Muslims to the Kingdom of Christ\",\"potentialAction\":[{\"@type\":\"SearchAction\",\"target\":{\"@type\":\"EntryPoint\",\"urlTemplate\":\"https:\\\/\\\/jesuschristformuslims.com\\\/?s={search_term_string}\"},\"query-input\":{\"@type\":\"PropertyValueSpecification\",\"valueRequired\":true,\"valueName\":\"search_term_string\"}}],\"inLanguage\":\"de\"}]}<\/script>\n<!-- \/ Yoast SEO plugin. -->","yoast_head_json":{"title":"Unterst\u00fctze Uns - Jesus Christus f\u00fcr Muslime Ministerium","description":"Freiwillige Unterst\u00fctze: Du kannst ebenso dieses Wirken als Freiwilliger unterst\u00fctzen, indem du deine F\u00e4higkeiten und dein Verlangen, Christus zu dienen..","robots":{"index":"index","follow":"follow","max-snippet":"max-snippet:-1","max-image-preview":"max-image-preview:large","max-video-preview":"max-video-preview:-1"},"canonical":"https:\/\/jesuschristformuslims.com\/de\/unterstutze-uns\/","og_locale":"de_DE","og_type":"article","og_title":"Unterst\u00fctze Uns - Jesus Christus f\u00fcr Muslime Ministerium","og_description":"Freiwillige Unterst\u00fctze: Du kannst ebenso dieses Wirken als Freiwilliger unterst\u00fctzen, indem du deine F\u00e4higkeiten und dein Verlangen, Christus zu dienen..","og_url":"https:\/\/jesuschristformuslims.com\/de\/unterstutze-uns\/","og_site_name":"Jesus Christ for Muslims","article_modified_time":"2022-06-28T13:59:07+00:00","og_image":[{"url":"https:\/\/jesuschristformuslims.com\/wp-content\/uploads\/2022\/06\/apoyanos.jpg","type":"","width":"","height":""}],"twitter_card":"summary_large_image","twitter_misc":{"Gesch\u00e4tzte Lesezeit":"1\u00a0Minute"},"schema":{"@context":"https:\/\/schema.org","@graph":[{"@type":"WebPage","@id":"https:\/\/jesuschristformuslims.com\/de\/unterstutze-uns\/","url":"https:\/\/jesuschristformuslims.com\/de\/unterstutze-uns\/","name":"Unterst\u00fctze Uns - Jesus Christus f\u00fcr Muslime Ministerium","isPartOf":{"@id":"https:\/\/jesuschristformuslims.com\/#website"},"primaryImageOfPage":{"@id":"https:\/\/jesuschristformuslims.com\/de\/unterstutze-uns\/#primaryimage"},"image":{"@id":"https:\/\/jesuschristformuslims.com\/de\/unterstutze-uns\/#primaryimage"},"thumbnailUrl":"https:\/\/jesuschristformuslims.com\/wp-content\/uploads\/2022\/06\/apoyanos.jpg","datePublished":"2016-08-11T10:32:10+00:00","dateModified":"2022-06-28T13:59:07+00:00","description":"Freiwillige Unterst\u00fctze: Du kannst ebenso dieses Wirken als Freiwilliger unterst\u00fctzen, indem du deine F\u00e4higkeiten und dein Verlangen, Christus zu dienen..","breadcrumb":{"@id":"https:\/\/jesuschristformuslims.com\/de\/unterstutze-uns\/#breadcrumb"},"inLanguage":"de","potentialAction":[{"@type":"ReadAction","target":["https:\/\/jesuschristformuslims.com\/de\/unterstutze-uns\/"]}]},{"@type":"ImageObject","inLanguage":"de","@id":"https:\/\/jesuschristformuslims.com\/de\/unterstutze-uns\/#primaryimage","url":"https:\/\/jesuschristformuslims.com\/wp-content\/uploads\/2022\/06\/apoyanos.jpg","contentUrl":"https:\/\/jesuschristformuslims.com\/wp-content\/uploads\/2022\/06\/apoyanos.jpg"},{"@type":"BreadcrumbList","@id":"https:\/\/jesuschristformuslims.com\/de\/unterstutze-uns\/#breadcrumb","itemListElement":[{"@type":"ListItem","position":1,"name":"Home","item":"https:\/\/jesuschristformuslims.com\/de\/home\/"},{"@type":"ListItem","position":2,"name":"Unterst\u00fctze Uns"}]},{"@type":"WebSite","@id":"https:\/\/jesuschristformuslims.com\/#website","url":"https:\/\/jesuschristformuslims.com\/","name":"Jesus Christ for Muslims","description":"Inviting Muslims to the Kingdom of Christ","potentialAction":[{"@type":"SearchAction","target":{"@type":"EntryPoint","urlTemplate":"https:\/\/jesuschristformuslims.com\/?s={search_term_string}"},"query-input":{"@type":"PropertyValueSpecification","valueRequired":true,"valueName":"search_term_string"}}],"inLanguage":"de"}]}},"_links":{"self":[{"href":"https:\/\/jesuschristformuslims.com\/de\/wp-json\/wp\/v2\/pages\/3230","targetHints":{"allow":["GET"]}}],"collection":[{"href":"https:\/\/jesuschristformuslims.com\/de\/wp-json\/wp\/v2\/pages"}],"about":[{"href":"https:\/\/jesuschristformuslims.com\/de\/wp-json\/wp\/v2\/types\/page"}],"author":[{"embeddable":true,"href":"https:\/\/jesuschristformuslims.com\/de\/wp-json\/wp\/v2\/users\/4"}],"replies":[{"embeddable":true,"href":"https:\/\/jesuschristformuslims.com\/de\/wp-json\/wp\/v2\/comments?post=3230"}],"version-history":[{"count":7,"href":"https:\/\/jesuschristformuslims.com\/de\/wp-json\/wp\/v2\/pages\/3230\/revisions"}],"predecessor-version":[{"id":28867,"href":"https:\/\/jesuschristformuslims.com\/de\/wp-json\/wp\/v2\/pages\/3230\/revisions\/28867"}],"wp:attachment":[{"href":"https:\/\/jesuschristformuslims.com\/de\/wp-json\/wp\/v2\/media?parent=3230"}],"curies":[{"name":"wp","href":"https:\/\/api.w.org\/{rel}","templated":true}]}}