{"id":3260,"date":"2016-08-12T16:36:15","date_gmt":"2016-08-12T16:36:15","guid":{"rendered":"https:\/\/jesuschristformuslims.com\/de\/?page_id=3260"},"modified":"2016-08-21T00:50:53","modified_gmt":"2016-08-21T00:50:53","slug":"willst-du-jesus-kennenlernen","status":"publish","type":"page","link":"https:\/\/jesuschristformuslims.com\/de\/willst-du-jesus-kennenlernen\/","title":{"rendered":"Willst du Jesus kennenlernen?"},"content":{"rendered":"<p style=\"text-align: justify;\"><span style=\"color: #000000;\">Zeiten werden hart, Versuchungen steigen auf,<\/span><\/p>\n<p style=\"text-align: justify;\"><span style=\"color: #000000;\">Niemand sagt, das Leben sei leicht.<\/span><\/p>\n<p style=\"text-align: justify;\"><span style=\"color: #000000;\">Wir fallen zwei Mal, dreimal, viermal,<\/span><\/p>\n<p style=\"text-align: justify;\"><span style=\"color: #000000;\">Aber Gott l\u00e4sst und niemals m\u00fcde sein.<\/span><\/p>\n<p style=\"text-align: justify;\"><span style=\"color: #000000;\">Und wenn wir die H\u00f6he erreichen, den Gipfel,<\/span><\/p>\n<p style=\"text-align: justify;\"><span style=\"color: #000000;\">Er l\u00e4sst uns nicht fallen, dennoch schickt Er seinen eingeborenen Sohn,<\/span><\/p>\n<p style=\"text-align: justify;\"><span style=\"color: #000000;\">Um uns davor zu bewahren, dass man uns lahmlegt oder auf uns herumtrampelt.<\/span><\/p>\n<p style=\"text-align: justify;\"><span style=\"color: #000000;\">Doch wer ist dieser \u201eeingeborene Sohn\u201c und was wissen wir wirklich \u00fcber Ihn? Ist Jesus Christus der Sohn Gottes? W\u00fcrdest du gerne herausfinden, wer Er wirklich war und wie Er uns gerettet hat? Rettet Er uns heute immer noch? Willst du Jesus kennenlernen?<\/span><\/p>\n<p style=\"text-align: justify;\"><span style=\"color: #000000;\">Einige Leute w\u00fcrden es leugnen, dass Jesus Christus eine historische Person ist. Die Wirkungskraft, die er ausstr\u00f6mte, besteht auf der Menschheit un\u00fcbertroffen weiter. Das gesamte westliche Datierungsschema bezeugt seine historische Wirklichkeit, sodass die Mehrheit der Menschen, die auf der Erde leben, von Christus wissen. Aber wer war dieser Mann wirklich? Und was war die Bedeutung seines Lebens und Sterbens? War er blo\u00df ein gro\u00dfer religi\u00f6ser Lehrer oder stand hinter seiner Existenz mehr, das wir wissen sollten?<\/span><\/p>\n<p style=\"text-align: justify;\"><span style=\"color: #000000;\">Viele Menschen erkennen Jesus Christus als guten Menschen an, als gro\u00dfer Lehrer oder sogar als Prophet Gottes. Diese Dinge sind definitiv wahr \u00fcber Jesus, aber sie definieren nicht vollst\u00e4ndig, wer er in Wahrheit ist. Die Bibel erz\u00e4hlt uns, dass Jesus der Sohn Gottes ist, Gott im Fleische, Gott in Menschenform. Gott kam auf die Erde, um uns zu lehren, zu heilen, zurechtzuweisen, zu vergeben und f\u00fcr uns zu sterben!\u00a0 Jesus Christus ist Gott, der Sch\u00f6pfer, und der souver\u00e4ne Herr. Der Sohn Gottes wurde auf die Erde gesandt, um die Mauer zwischen Gott und Seinen Menschen zu beseitigen. Er lebte solch ein einfaches und s\u00fcndenfreies Leben. Keine Skandale oder Missetaten. Nie. Er widmete all Seine Zeit, um das Leben der Menschen durch Gottes Botschaft zu ver\u00e4ndern.<\/span><\/p>\n<p style=\"text-align: justify;\"><span style=\"color: #000000;\">Er ver\u00e4nderte die Welt in nur 33 Jahren auf der Erde und niemand hatte je mehr Wirkungskraft auf diesem Planeten als Christus h\u00f6chstselbst. Dieser ist immerhin Sein Planet. Es gibt keine sichereren Zeichen von der G\u00f6ttlichkeit Christi, als dass 2000 Jahre nach Seinem Tod D\u00e4monen immer noch vor Seinem Namen zittern.\u00a0Viele erschaudern vor Seinem m\u00e4chtigen Namen: Es gibt keinen anderen Namen, der so eine Kraft hat, wie der Name Jesus.<\/span><\/p>\n","protected":false},"excerpt":{"rendered":"<p>Zeiten werden hart, Versuchungen steigen auf, Niemand sagt, das Leben sei leicht. Wir fallen zwei Mal, dreimal, viermal, Aber Gott l\u00e4sst und niemals m\u00fcde sein. Und wenn wir die H\u00f6he erreichen, den Gipfel, Er l\u00e4sst uns nicht fallen, dennoch schickt Er seinen eingeborenen Sohn, Um uns davor zu bewahren, dass man uns lahmlegt oder auf&hellip; <a class=\"more-link\" href=\"https:\/\/jesuschristformuslims.com\/de\/willst-du-jesus-kennenlernen\/\"><span class=\"screen-reader-text\">Willst du Jesus kennenlernen?<\/span> weiterlesen<\/a><\/p>\n","protected":false},"author":4,"featured_media":3257,"parent":0,"menu_order":0,"comment_status":"closed","ping_status":"closed","template":"page_full_width.php","meta":{"footnotes":""},"class_list":["post-3260","page","type-page","status-publish","has-post-thumbnail","hentry","entry"],"yoast_head":"<!-- This site is optimized with the Yoast SEO plugin v27.3 - https:\/\/yoast.com\/product\/yoast-seo-wordpress\/ -->\n<title>Willst du Jesus kennenlernen? - Jesus Christus f\u00fcr Muslime<\/title>\n<meta name=\"description\" content=\"Diese Dinge sind definitiv wahr \u00fcber Jesus, aber sie definieren nicht vollst\u00e4ndig, wer er in Wahrheit ist. Die Bibel erz\u00e4hlt uns, dass Jesus der Sohn Gottes\" \/>\n<meta name=\"robots\" content=\"index, follow, max-snippet:-1, max-image-preview:large, max-video-preview:-1\" \/>\n<link rel=\"canonical\" href=\"https:\/\/jesuschristformuslims.com\/de\/willst-du-jesus-kennenlernen\/\" \/>\n<meta property=\"og:locale\" content=\"de_DE\" \/>\n<meta property=\"og:type\" content=\"article\" \/>\n<meta property=\"og:title\" content=\"Willst du Jesus kennenlernen? - Jesus Christus f\u00fcr Muslime\" \/>\n<meta property=\"og:description\" content=\"Diese Dinge sind definitiv wahr \u00fcber Jesus, aber sie definieren nicht vollst\u00e4ndig, wer er in Wahrheit ist. Die Bibel erz\u00e4hlt uns, dass Jesus der Sohn Gottes\" \/>\n<meta property=\"og:url\" content=\"https:\/\/jesuschristformuslims.com\/de\/willst-du-jesus-kennenlernen\/\" \/>\n<meta property=\"og:site_name\" content=\"Jesus Christ for Muslims\" \/>\n<meta property=\"article:modified_time\" content=\"2016-08-21T00:50:53+00:00\" \/>\n<meta property=\"og:image\" content=\"https:\/\/jesuschristformuslims.com\/wp-content\/uploads\/2016\/08\/Willst-du-Jesus-kennenlernen-1024x576.png\" \/>\n\t<meta property=\"og:image:width\" content=\"1024\" \/>\n\t<meta property=\"og:image:height\" content=\"576\" \/>\n\t<meta property=\"og:image:type\" content=\"image\/png\" \/>\n<meta name=\"twitter:card\" content=\"summary_large_image\" \/>\n<meta name=\"twitter:label1\" content=\"Gesch\u00e4tzte Lesezeit\" \/>\n\t<meta name=\"twitter:data1\" content=\"2\u00a0Minuten\" \/>\n<script type=\"application\/ld+json\" class=\"yoast-schema-graph\">{\"@context\":\"https:\\\/\\\/schema.org\",\"@graph\":[{\"@type\":\"WebPage\",\"@id\":\"https:\\\/\\\/jesuschristformuslims.com\\\/de\\\/willst-du-jesus-kennenlernen\\\/\",\"url\":\"https:\\\/\\\/jesuschristformuslims.com\\\/de\\\/willst-du-jesus-kennenlernen\\\/\",\"name\":\"Willst du Jesus kennenlernen? - Jesus Christus f\u00fcr Muslime\",\"isPartOf\":{\"@id\":\"https:\\\/\\\/jesuschristformuslims.com\\\/#website\"},\"primaryImageOfPage\":{\"@id\":\"https:\\\/\\\/jesuschristformuslims.com\\\/de\\\/willst-du-jesus-kennenlernen\\\/#primaryimage\"},\"image\":{\"@id\":\"https:\\\/\\\/jesuschristformuslims.com\\\/de\\\/willst-du-jesus-kennenlernen\\\/#primaryimage\"},\"thumbnailUrl\":\"https:\\\/\\\/jesuschristformuslims.com\\\/wp-content\\\/uploads\\\/2016\\\/08\\\/Willst-du-Jesus-kennenlernen.png\",\"datePublished\":\"2016-08-12T16:36:15+00:00\",\"dateModified\":\"2016-08-21T00:50:53+00:00\",\"description\":\"Diese Dinge sind definitiv wahr \u00fcber Jesus, aber sie definieren nicht vollst\u00e4ndig, wer er in Wahrheit ist. Die Bibel erz\u00e4hlt uns, dass Jesus der Sohn Gottes\",\"breadcrumb\":{\"@id\":\"https:\\\/\\\/jesuschristformuslims.com\\\/de\\\/willst-du-jesus-kennenlernen\\\/#breadcrumb\"},\"inLanguage\":\"de\",\"potentialAction\":[{\"@type\":\"ReadAction\",\"target\":[\"https:\\\/\\\/jesuschristformuslims.com\\\/de\\\/willst-du-jesus-kennenlernen\\\/\"]}]},{\"@type\":\"ImageObject\",\"inLanguage\":\"de\",\"@id\":\"https:\\\/\\\/jesuschristformuslims.com\\\/de\\\/willst-du-jesus-kennenlernen\\\/#primaryimage\",\"url\":\"https:\\\/\\\/jesuschristformuslims.com\\\/wp-content\\\/uploads\\\/2016\\\/08\\\/Willst-du-Jesus-kennenlernen.png\",\"contentUrl\":\"https:\\\/\\\/jesuschristformuslims.com\\\/wp-content\\\/uploads\\\/2016\\\/08\\\/Willst-du-Jesus-kennenlernen.png\",\"width\":1920,\"height\":1080,\"caption\":\"Willst du Jesus kennenlernen\"},{\"@type\":\"BreadcrumbList\",\"@id\":\"https:\\\/\\\/jesuschristformuslims.com\\\/de\\\/willst-du-jesus-kennenlernen\\\/#breadcrumb\",\"itemListElement\":[{\"@type\":\"ListItem\",\"position\":1,\"name\":\"Home\",\"item\":\"https:\\\/\\\/jesuschristformuslims.com\\\/de\\\/home\\\/\"},{\"@type\":\"ListItem\",\"position\":2,\"name\":\"Willst du Jesus kennenlernen?\"}]},{\"@type\":\"WebSite\",\"@id\":\"https:\\\/\\\/jesuschristformuslims.com\\\/#website\",\"url\":\"https:\\\/\\\/jesuschristformuslims.com\\\/\",\"name\":\"Jesus Christ for Muslims\",\"description\":\"Inviting Muslims to the Kingdom of Christ\",\"potentialAction\":[{\"@type\":\"SearchAction\",\"target\":{\"@type\":\"EntryPoint\",\"urlTemplate\":\"https:\\\/\\\/jesuschristformuslims.com\\\/?s={search_term_string}\"},\"query-input\":{\"@type\":\"PropertyValueSpecification\",\"valueRequired\":true,\"valueName\":\"search_term_string\"}}],\"inLanguage\":\"de\"}]}<\/script>\n<!-- \/ Yoast SEO plugin. -->","yoast_head_json":{"title":"Willst du Jesus kennenlernen? - Jesus Christus f\u00fcr Muslime","description":"Diese Dinge sind definitiv wahr \u00fcber Jesus, aber sie definieren nicht vollst\u00e4ndig, wer er in Wahrheit ist. Die Bibel erz\u00e4hlt uns, dass Jesus der Sohn Gottes","robots":{"index":"index","follow":"follow","max-snippet":"max-snippet:-1","max-image-preview":"max-image-preview:large","max-video-preview":"max-video-preview:-1"},"canonical":"https:\/\/jesuschristformuslims.com\/de\/willst-du-jesus-kennenlernen\/","og_locale":"de_DE","og_type":"article","og_title":"Willst du Jesus kennenlernen? - Jesus Christus f\u00fcr Muslime","og_description":"Diese Dinge sind definitiv wahr \u00fcber Jesus, aber sie definieren nicht vollst\u00e4ndig, wer er in Wahrheit ist. Die Bibel erz\u00e4hlt uns, dass Jesus der Sohn Gottes","og_url":"https:\/\/jesuschristformuslims.com\/de\/willst-du-jesus-kennenlernen\/","og_site_name":"Jesus Christ for Muslims","article_modified_time":"2016-08-21T00:50:53+00:00","og_image":[{"width":1024,"height":576,"url":"https:\/\/jesuschristformuslims.com\/wp-content\/uploads\/2016\/08\/Willst-du-Jesus-kennenlernen-1024x576.png","type":"image\/png"}],"twitter_card":"summary_large_image","twitter_misc":{"Gesch\u00e4tzte Lesezeit":"2\u00a0Minuten"},"schema":{"@context":"https:\/\/schema.org","@graph":[{"@type":"WebPage","@id":"https:\/\/jesuschristformuslims.com\/de\/willst-du-jesus-kennenlernen\/","url":"https:\/\/jesuschristformuslims.com\/de\/willst-du-jesus-kennenlernen\/","name":"Willst du Jesus kennenlernen? - Jesus Christus f\u00fcr Muslime","isPartOf":{"@id":"https:\/\/jesuschristformuslims.com\/#website"},"primaryImageOfPage":{"@id":"https:\/\/jesuschristformuslims.com\/de\/willst-du-jesus-kennenlernen\/#primaryimage"},"image":{"@id":"https:\/\/jesuschristformuslims.com\/de\/willst-du-jesus-kennenlernen\/#primaryimage"},"thumbnailUrl":"https:\/\/jesuschristformuslims.com\/wp-content\/uploads\/2016\/08\/Willst-du-Jesus-kennenlernen.png","datePublished":"2016-08-12T16:36:15+00:00","dateModified":"2016-08-21T00:50:53+00:00","description":"Diese Dinge sind definitiv wahr \u00fcber Jesus, aber sie definieren nicht vollst\u00e4ndig, wer er in Wahrheit ist. Die Bibel erz\u00e4hlt uns, dass Jesus der Sohn Gottes","breadcrumb":{"@id":"https:\/\/jesuschristformuslims.com\/de\/willst-du-jesus-kennenlernen\/#breadcrumb"},"inLanguage":"de","potentialAction":[{"@type":"ReadAction","target":["https:\/\/jesuschristformuslims.com\/de\/willst-du-jesus-kennenlernen\/"]}]},{"@type":"ImageObject","inLanguage":"de","@id":"https:\/\/jesuschristformuslims.com\/de\/willst-du-jesus-kennenlernen\/#primaryimage","url":"https:\/\/jesuschristformuslims.com\/wp-content\/uploads\/2016\/08\/Willst-du-Jesus-kennenlernen.png","contentUrl":"https:\/\/jesuschristformuslims.com\/wp-content\/uploads\/2016\/08\/Willst-du-Jesus-kennenlernen.png","width":1920,"height":1080,"caption":"Willst du Jesus kennenlernen"},{"@type":"BreadcrumbList","@id":"https:\/\/jesuschristformuslims.com\/de\/willst-du-jesus-kennenlernen\/#breadcrumb","itemListElement":[{"@type":"ListItem","position":1,"name":"Home","item":"https:\/\/jesuschristformuslims.com\/de\/home\/"},{"@type":"ListItem","position":2,"name":"Willst du Jesus kennenlernen?"}]},{"@type":"WebSite","@id":"https:\/\/jesuschristformuslims.com\/#website","url":"https:\/\/jesuschristformuslims.com\/","name":"Jesus Christ for Muslims","description":"Inviting Muslims to the Kingdom of Christ","potentialAction":[{"@type":"SearchAction","target":{"@type":"EntryPoint","urlTemplate":"https:\/\/jesuschristformuslims.com\/?s={search_term_string}"},"query-input":{"@type":"PropertyValueSpecification","valueRequired":true,"valueName":"search_term_string"}}],"inLanguage":"de"}]}},"_links":{"self":[{"href":"https:\/\/jesuschristformuslims.com\/de\/wp-json\/wp\/v2\/pages\/3260","targetHints":{"allow":["GET"]}}],"collection":[{"href":"https:\/\/jesuschristformuslims.com\/de\/wp-json\/wp\/v2\/pages"}],"about":[{"href":"https:\/\/jesuschristformuslims.com\/de\/wp-json\/wp\/v2\/types\/page"}],"author":[{"embeddable":true,"href":"https:\/\/jesuschristformuslims.com\/de\/wp-json\/wp\/v2\/users\/4"}],"replies":[{"embeddable":true,"href":"https:\/\/jesuschristformuslims.com\/de\/wp-json\/wp\/v2\/comments?post=3260"}],"version-history":[{"count":3,"href":"https:\/\/jesuschristformuslims.com\/de\/wp-json\/wp\/v2\/pages\/3260\/revisions"}],"predecessor-version":[{"id":3420,"href":"https:\/\/jesuschristformuslims.com\/de\/wp-json\/wp\/v2\/pages\/3260\/revisions\/3420"}],"wp:featuredmedia":[{"embeddable":true,"href":"https:\/\/jesuschristformuslims.com\/de\/wp-json\/wp\/v2\/media\/3257"}],"wp:attachment":[{"href":"https:\/\/jesuschristformuslims.com\/de\/wp-json\/wp\/v2\/media?parent=3260"}],"curies":[{"name":"wp","href":"https:\/\/api.w.org\/{rel}","templated":true}]}}