{"id":3262,"date":"2016-08-12T16:39:23","date_gmt":"2016-08-12T16:39:23","guid":{"rendered":"https:\/\/jesuschristformuslims.com\/de\/?page_id=3262"},"modified":"2016-08-21T00:48:14","modified_gmt":"2016-08-21T00:48:14","slug":"verleih-deinen-worten-eine-stimme","status":"publish","type":"page","link":"https:\/\/jesuschristformuslims.com\/de\/verleih-deinen-worten-eine-stimme\/","title":{"rendered":"Verleih deinen Worten eine Stimme"},"content":{"rendered":"<p style=\"text-align: justify;\"><span style=\"color: #000000;\">Passiert gerade etwas um dich herum, was du meinst, dass es ins Licht gebracht werden m\u00fcsste? Bist du besorgt dar\u00fcber, in welche Richtung sich deine Gesellschaft zubewegt? Glaubst du, die Kraft deines Stiftes kann einen Unterschied bewirken und der Gesellschaft Bewusstsein bringen?<\/span><\/p>\n<p style=\"text-align: justify;\"><span style=\"color: #000000;\">Warum nimmst du dann nicht einfach deinen Stift und schreibst uns? Wir w\u00fcrden gerne erfahren, was du auf dem Herzen hast. Die &#8222;Ausdrucksfreiheit&#8220; ist der wertvollste Teil unserer fundamentalen Menschenrechte, welche von uns nicht durch Gesetz, Verfassung oder Religion vorenthalten werden kann. Erlaube es nicht, dass deine Stimme unterdr\u00fcckt wird.<\/span><\/p>\n<p style=\"text-align: justify;\"><span style=\"color: #000000;\"><strong>&#8222;Jesus Christus f\u00fcr Muslime&#8220;<\/strong>\u00a0w\u00fcrde gerne deinem Stift eine Stimme geben, indem du auf unsere Internetseite schreibst. Schicke uns was du denkst, f\u00fchlst oder glaubst und wir werden bewirken, dass deine Stimmte die Welt erreicht. Dr\u00fccke dich durch \u201eJesus Christus f\u00fcr Muslime\u201c aus. Jedoch, so wie es in Spr\u00fcche 6, 16-19 steht:<\/span><\/p>\n<p style=\"text-align: justify;\"><span style=\"color: #000000;\">&#8222;Sechs Dinge sind dem Herrn verhasst, und auch das siebte verabscheut er: Augen, die \u00fcberheblich blicken; eine Zunge, die L\u00fcgen verbreitet; H\u00e4nde, die unschuldige Menschen t\u00f6ten; ein Kopf, der heimt\u00fcckische Pl\u00e4ne ausheckt; F\u00fc\u00dfe, die schnell laufen, um B\u00f6ses zu tun; ein Zeuge, der falsche Aussagen macht; ein Mensch, der Freunde gegeneinander aufhetzt.&#8220;<\/span><\/p>\n<p style=\"text-align: justify;\"><span style=\"color: #000000;\">So beachte, dass du sichergehst, uns g\u00fcltige Informationen zukommen zu lassen, die von wahrem Sachverhalt zeugen, sodass wir von unserem Gott nicht verabscheut werden.<\/span><\/p>\n<p style=\"text-align: justify;\"><span style=\"color: #000000;\">Wir verstehen deine Sorge um Sicherheit voll und ganz. Und aus diesem Grund sei bitte versichert, dass dein Name nur dann erw\u00e4hnt wird, wenn du es m\u00f6chtest. Wir werden dein Geschriebenes mit oder ohne deine Identifikation per Internet \u00fcbertragen \u2013 was immer dir lieber ist.<\/span><\/p>\n<p style=\"text-align: justify;\"><span style=\"color: #000000;\"><strong>Email an uns an<\/strong><\/span> <a href=\"mailto:jesuschristformuslims@gmail.com\">jesuschristformuslims@gmail.com<\/a><\/p>\n","protected":false},"excerpt":{"rendered":"<p>Passiert gerade etwas um dich herum, was du meinst, dass es ins Licht gebracht werden m\u00fcsste? Bist du besorgt dar\u00fcber, in welche Richtung sich deine Gesellschaft zubewegt? Glaubst du, die Kraft deines Stiftes kann einen Unterschied bewirken und der Gesellschaft Bewusstsein bringen? Warum nimmst du dann nicht einfach deinen Stift und schreibst uns? Wir w\u00fcrden&hellip; <a class=\"more-link\" href=\"https:\/\/jesuschristformuslims.com\/de\/verleih-deinen-worten-eine-stimme\/\"><span class=\"screen-reader-text\">Verleih deinen Worten eine Stimme<\/span> weiterlesen<\/a><\/p>\n","protected":false},"author":4,"featured_media":0,"parent":0,"menu_order":0,"comment_status":"closed","ping_status":"closed","template":"page_full_width.php","meta":{"footnotes":""},"class_list":["post-3262","page","type-page","status-publish","hentry","entry"],"yoast_head":"<!-- This site is optimized with the Yoast SEO plugin v27.4 - https:\/\/yoast.com\/product\/yoast-seo-wordpress\/ -->\n<title>Verleih deinen Worten eine Stimme - Jesus Christus f\u00fcr Muslime<\/title>\n<meta name=\"description\" content=\"Erlaube es nicht, dass deine Stimme unterdr\u00fcckt wird. &quot;Jesus Christus f\u00fcr Muslime&quot; w\u00fcrde gerne deinem Stift eine Stimme geben, indem du auf unsere Internet.\" \/>\n<meta name=\"robots\" content=\"index, follow, max-snippet:-1, max-image-preview:large, max-video-preview:-1\" \/>\n<link rel=\"canonical\" href=\"https:\/\/jesuschristformuslims.com\/de\/verleih-deinen-worten-eine-stimme\/\" \/>\n<meta property=\"og:locale\" content=\"de_DE\" \/>\n<meta property=\"og:type\" content=\"article\" \/>\n<meta property=\"og:title\" content=\"Verleih deinen Worten eine Stimme - Jesus Christus f\u00fcr Muslime\" \/>\n<meta property=\"og:description\" content=\"Erlaube es nicht, dass deine Stimme unterdr\u00fcckt wird. &quot;Jesus Christus f\u00fcr Muslime&quot; w\u00fcrde gerne deinem Stift eine Stimme geben, indem du auf unsere Internet.\" \/>\n<meta property=\"og:url\" content=\"https:\/\/jesuschristformuslims.com\/de\/verleih-deinen-worten-eine-stimme\/\" \/>\n<meta property=\"og:site_name\" content=\"Jesus Christ for Muslims\" \/>\n<meta property=\"article:modified_time\" content=\"2016-08-21T00:48:14+00:00\" \/>\n<meta name=\"twitter:card\" content=\"summary_large_image\" \/>\n<meta name=\"twitter:label1\" content=\"Gesch\u00e4tzte Lesezeit\" \/>\n\t<meta name=\"twitter:data1\" content=\"1\u00a0Minute\" \/>\n<script type=\"application\/ld+json\" class=\"yoast-schema-graph\">{\"@context\":\"https:\\\/\\\/schema.org\",\"@graph\":[{\"@type\":\"WebPage\",\"@id\":\"https:\\\/\\\/jesuschristformuslims.com\\\/de\\\/verleih-deinen-worten-eine-stimme\\\/\",\"url\":\"https:\\\/\\\/jesuschristformuslims.com\\\/de\\\/verleih-deinen-worten-eine-stimme\\\/\",\"name\":\"Verleih deinen Worten eine Stimme - Jesus Christus f\u00fcr Muslime\",\"isPartOf\":{\"@id\":\"https:\\\/\\\/jesuschristformuslims.com\\\/#website\"},\"datePublished\":\"2016-08-12T16:39:23+00:00\",\"dateModified\":\"2016-08-21T00:48:14+00:00\",\"description\":\"Erlaube es nicht, dass deine Stimme unterdr\u00fcckt wird. \\\"Jesus Christus f\u00fcr Muslime\\\" w\u00fcrde gerne deinem Stift eine Stimme geben, indem du auf unsere Internet.\",\"breadcrumb\":{\"@id\":\"https:\\\/\\\/jesuschristformuslims.com\\\/de\\\/verleih-deinen-worten-eine-stimme\\\/#breadcrumb\"},\"inLanguage\":\"de\",\"potentialAction\":[{\"@type\":\"ReadAction\",\"target\":[\"https:\\\/\\\/jesuschristformuslims.com\\\/de\\\/verleih-deinen-worten-eine-stimme\\\/\"]}]},{\"@type\":\"BreadcrumbList\",\"@id\":\"https:\\\/\\\/jesuschristformuslims.com\\\/de\\\/verleih-deinen-worten-eine-stimme\\\/#breadcrumb\",\"itemListElement\":[{\"@type\":\"ListItem\",\"position\":1,\"name\":\"Home\",\"item\":\"https:\\\/\\\/jesuschristformuslims.com\\\/de\\\/home\\\/\"},{\"@type\":\"ListItem\",\"position\":2,\"name\":\"Verleih deinen Worten eine Stimme\"}]},{\"@type\":\"WebSite\",\"@id\":\"https:\\\/\\\/jesuschristformuslims.com\\\/#website\",\"url\":\"https:\\\/\\\/jesuschristformuslims.com\\\/\",\"name\":\"Jesus Christ for Muslims\",\"description\":\"Inviting Muslims to the Kingdom of Christ\",\"potentialAction\":[{\"@type\":\"SearchAction\",\"target\":{\"@type\":\"EntryPoint\",\"urlTemplate\":\"https:\\\/\\\/jesuschristformuslims.com\\\/?s={search_term_string}\"},\"query-input\":{\"@type\":\"PropertyValueSpecification\",\"valueRequired\":true,\"valueName\":\"search_term_string\"}}],\"inLanguage\":\"de\"}]}<\/script>\n<!-- \/ Yoast SEO plugin. -->","yoast_head_json":{"title":"Verleih deinen Worten eine Stimme - Jesus Christus f\u00fcr Muslime","description":"Erlaube es nicht, dass deine Stimme unterdr\u00fcckt wird. \"Jesus Christus f\u00fcr Muslime\" w\u00fcrde gerne deinem Stift eine Stimme geben, indem du auf unsere Internet.","robots":{"index":"index","follow":"follow","max-snippet":"max-snippet:-1","max-image-preview":"max-image-preview:large","max-video-preview":"max-video-preview:-1"},"canonical":"https:\/\/jesuschristformuslims.com\/de\/verleih-deinen-worten-eine-stimme\/","og_locale":"de_DE","og_type":"article","og_title":"Verleih deinen Worten eine Stimme - Jesus Christus f\u00fcr Muslime","og_description":"Erlaube es nicht, dass deine Stimme unterdr\u00fcckt wird. \"Jesus Christus f\u00fcr Muslime\" w\u00fcrde gerne deinem Stift eine Stimme geben, indem du auf unsere Internet.","og_url":"https:\/\/jesuschristformuslims.com\/de\/verleih-deinen-worten-eine-stimme\/","og_site_name":"Jesus Christ for Muslims","article_modified_time":"2016-08-21T00:48:14+00:00","twitter_card":"summary_large_image","twitter_misc":{"Gesch\u00e4tzte Lesezeit":"1\u00a0Minute"},"schema":{"@context":"https:\/\/schema.org","@graph":[{"@type":"WebPage","@id":"https:\/\/jesuschristformuslims.com\/de\/verleih-deinen-worten-eine-stimme\/","url":"https:\/\/jesuschristformuslims.com\/de\/verleih-deinen-worten-eine-stimme\/","name":"Verleih deinen Worten eine Stimme - Jesus Christus f\u00fcr Muslime","isPartOf":{"@id":"https:\/\/jesuschristformuslims.com\/#website"},"datePublished":"2016-08-12T16:39:23+00:00","dateModified":"2016-08-21T00:48:14+00:00","description":"Erlaube es nicht, dass deine Stimme unterdr\u00fcckt wird. \"Jesus Christus f\u00fcr Muslime\" w\u00fcrde gerne deinem Stift eine Stimme geben, indem du auf unsere Internet.","breadcrumb":{"@id":"https:\/\/jesuschristformuslims.com\/de\/verleih-deinen-worten-eine-stimme\/#breadcrumb"},"inLanguage":"de","potentialAction":[{"@type":"ReadAction","target":["https:\/\/jesuschristformuslims.com\/de\/verleih-deinen-worten-eine-stimme\/"]}]},{"@type":"BreadcrumbList","@id":"https:\/\/jesuschristformuslims.com\/de\/verleih-deinen-worten-eine-stimme\/#breadcrumb","itemListElement":[{"@type":"ListItem","position":1,"name":"Home","item":"https:\/\/jesuschristformuslims.com\/de\/home\/"},{"@type":"ListItem","position":2,"name":"Verleih deinen Worten eine Stimme"}]},{"@type":"WebSite","@id":"https:\/\/jesuschristformuslims.com\/#website","url":"https:\/\/jesuschristformuslims.com\/","name":"Jesus Christ for Muslims","description":"Inviting Muslims to the Kingdom of Christ","potentialAction":[{"@type":"SearchAction","target":{"@type":"EntryPoint","urlTemplate":"https:\/\/jesuschristformuslims.com\/?s={search_term_string}"},"query-input":{"@type":"PropertyValueSpecification","valueRequired":true,"valueName":"search_term_string"}}],"inLanguage":"de"}]}},"_links":{"self":[{"href":"https:\/\/jesuschristformuslims.com\/de\/wp-json\/wp\/v2\/pages\/3262","targetHints":{"allow":["GET"]}}],"collection":[{"href":"https:\/\/jesuschristformuslims.com\/de\/wp-json\/wp\/v2\/pages"}],"about":[{"href":"https:\/\/jesuschristformuslims.com\/de\/wp-json\/wp\/v2\/types\/page"}],"author":[{"embeddable":true,"href":"https:\/\/jesuschristformuslims.com\/de\/wp-json\/wp\/v2\/users\/4"}],"replies":[{"embeddable":true,"href":"https:\/\/jesuschristformuslims.com\/de\/wp-json\/wp\/v2\/comments?post=3262"}],"version-history":[{"count":1,"href":"https:\/\/jesuschristformuslims.com\/de\/wp-json\/wp\/v2\/pages\/3262\/revisions"}],"predecessor-version":[{"id":3263,"href":"https:\/\/jesuschristformuslims.com\/de\/wp-json\/wp\/v2\/pages\/3262\/revisions\/3263"}],"wp:attachment":[{"href":"https:\/\/jesuschristformuslims.com\/de\/wp-json\/wp\/v2\/media?parent=3262"}],"curies":[{"name":"wp","href":"https:\/\/api.w.org\/{rel}","templated":true}]}}