{"id":3264,"date":"2016-08-12T16:42:51","date_gmt":"2016-08-12T16:42:51","guid":{"rendered":"https:\/\/jesuschristformuslims.com\/de\/?page_id=3264"},"modified":"2016-08-21T00:57:55","modified_gmt":"2016-08-21T00:57:55","slug":"gebetsanfragen","status":"publish","type":"page","link":"https:\/\/jesuschristformuslims.com\/de\/gebetsanfragen\/","title":{"rendered":"Gebetsanfragen"},"content":{"rendered":"<p style=\"text-align: justify;\"><span style=\"color: #000000;\">Das Leben ist wie ein Sandsturm in der W\u00fcste. Es ist voller Sorgen, Probleme, \u00c4ngste, Frustrationen und was sonst noch alles, die uns blenden, sodass wir keine freien Stra\u00dfen vor uns erkennen. Das Leben zieht uns manchmal an einen solchen finsteren und unheimlichen Ort, sodass kein einziger Hoffnungsschimmer mehr sichtbar ist.<\/span><\/p>\n<p style=\"text-align: justify;\"><span style=\"color: #000000;\">Aber egal was kommt, wir d\u00fcrfen keine Angst haben. Denn Gott ist mit uns allezeit. Der Lichtschimmer, den wir in der Dunkelheit suchen, ist eigentlich in uns drin. Wir m\u00fcssen nur mutig genug sein, ihn scheinen zu lassen.<\/span><\/p>\n<p style=\"text-align: justify;\"><span style=\"color: #000000;\">Manchmal jedoch macht uns das alleine K\u00e4mpfen schwach und wir neigen mehr dazu aufzugeben. Das ist der Grund, warum &#8222;Jesus Christus f\u00fcr Muslime&#8220; dir helfen und dich unterst\u00fctzen m\u00f6chte, wo es nur geht. Du kannst deine Probleme mit uns teilen und, falls nichts anderes m\u00f6glich, werden wir zu Gott beten, sodass Er dir neue T\u00fcren \u00f6ffnet. Gott hat Seine Wege und Er wei\u00df, wann und wie Er jemanden einsetzen kann, dass er anderen hilft. Definitiv hat Er ebenso einen Plan f\u00fcr dich. Wir wollen deine Geschichte erfahren und wir wollen dir beim K\u00e4mpfen deiner Schlachten helfen.<\/span><\/p>\n<p style=\"text-align: justify;\"><span style=\"color: #000000;\">Ob du nun Christ bist, Muslim, Hindu, Buddhist oder einer anderen Religion angeh\u00f6rst \u2013 es ist egal. Wir sind alle eins und derselbe Gott hat uns erschaffen. Wir w\u00fcrden gerne f\u00fcr dich beten. Z\u00f6gere nicht, uns zu kontaktieren, damit wir f\u00fcr dich beten. Jesus Christus heilt alle und Er starb f\u00fcr all unsere S\u00fcnden. Noch immer heilt Er jene, die Ihn bitten und an Ihn glauben und Er hat die Macht, uns von unserer Sklaverei zu befreien. Frag Ihn nach deinen Bed\u00fcrfnissen und Er wird f\u00fcr dich sorgen.<\/span><\/p>\n<p style=\"text-align: justify;\"><span style=\"color: #000000;\"><strong>Email an uns an<\/strong><\/span> <a href=\"mailto:jesuschristformuslims@gmail.com\">jesuschristformuslims@gmail.com<\/a><\/p>\n","protected":false},"excerpt":{"rendered":"<p>Das Leben ist wie ein Sandsturm in der W\u00fcste. Es ist voller Sorgen, Probleme, \u00c4ngste, Frustrationen und was sonst noch alles, die uns blenden, sodass wir keine freien Stra\u00dfen vor uns erkennen. Das Leben zieht uns manchmal an einen solchen finsteren und unheimlichen Ort, sodass kein einziger Hoffnungsschimmer mehr sichtbar ist. Aber egal was kommt,&hellip; <a class=\"more-link\" href=\"https:\/\/jesuschristformuslims.com\/de\/gebetsanfragen\/\"><span class=\"screen-reader-text\">Gebetsanfragen<\/span> weiterlesen<\/a><\/p>\n","protected":false},"author":4,"featured_media":0,"parent":0,"menu_order":0,"comment_status":"closed","ping_status":"closed","template":"page_full_width.php","meta":{"footnotes":""},"class_list":["post-3264","page","type-page","status-publish","hentry","entry"],"yoast_head":"<!-- This site is optimized with the Yoast SEO plugin v27.3 - https:\/\/yoast.com\/product\/yoast-seo-wordpress\/ -->\n<title>Gebetsanfragen - Jesus Christus f\u00fcr Muslime Ministerium<\/title>\n<meta name=\"description\" content=\"Gebetsanfragen - Jesus Christus f\u00fcr Muslime Ministerium. as Leben ist wie ein Sandsturm in der W\u00fcste. Es ist voller Sorgen, Probleme, \u00c4ngste, Frustrationen\" \/>\n<meta name=\"robots\" content=\"index, follow, max-snippet:-1, max-image-preview:large, max-video-preview:-1\" \/>\n<link rel=\"canonical\" href=\"https:\/\/jesuschristformuslims.com\/de\/gebetsanfragen\/\" \/>\n<meta property=\"og:locale\" content=\"de_DE\" \/>\n<meta property=\"og:type\" content=\"article\" \/>\n<meta property=\"og:title\" content=\"Gebetsanfragen - Jesus Christus f\u00fcr Muslime Ministerium\" \/>\n<meta property=\"og:description\" content=\"Gebetsanfragen - Jesus Christus f\u00fcr Muslime Ministerium. as Leben ist wie ein Sandsturm in der W\u00fcste. Es ist voller Sorgen, Probleme, \u00c4ngste, Frustrationen\" \/>\n<meta property=\"og:url\" content=\"https:\/\/jesuschristformuslims.com\/de\/gebetsanfragen\/\" \/>\n<meta property=\"og:site_name\" content=\"Jesus Christ for Muslims\" \/>\n<meta property=\"article:modified_time\" content=\"2016-08-21T00:57:55+00:00\" \/>\n<meta name=\"twitter:card\" content=\"summary_large_image\" \/>\n<meta name=\"twitter:label1\" content=\"Gesch\u00e4tzte Lesezeit\" \/>\n\t<meta name=\"twitter:data1\" content=\"2\u00a0Minuten\" \/>\n<script type=\"application\/ld+json\" class=\"yoast-schema-graph\">{\"@context\":\"https:\\\/\\\/schema.org\",\"@graph\":[{\"@type\":\"WebPage\",\"@id\":\"https:\\\/\\\/jesuschristformuslims.com\\\/de\\\/gebetsanfragen\\\/\",\"url\":\"https:\\\/\\\/jesuschristformuslims.com\\\/de\\\/gebetsanfragen\\\/\",\"name\":\"Gebetsanfragen - Jesus Christus f\u00fcr Muslime Ministerium\",\"isPartOf\":{\"@id\":\"https:\\\/\\\/jesuschristformuslims.com\\\/#website\"},\"datePublished\":\"2016-08-12T16:42:51+00:00\",\"dateModified\":\"2016-08-21T00:57:55+00:00\",\"description\":\"Gebetsanfragen - Jesus Christus f\u00fcr Muslime Ministerium. as Leben ist wie ein Sandsturm in der W\u00fcste. Es ist voller Sorgen, Probleme, \u00c4ngste, Frustrationen\",\"breadcrumb\":{\"@id\":\"https:\\\/\\\/jesuschristformuslims.com\\\/de\\\/gebetsanfragen\\\/#breadcrumb\"},\"inLanguage\":\"de\",\"potentialAction\":[{\"@type\":\"ReadAction\",\"target\":[\"https:\\\/\\\/jesuschristformuslims.com\\\/de\\\/gebetsanfragen\\\/\"]}]},{\"@type\":\"BreadcrumbList\",\"@id\":\"https:\\\/\\\/jesuschristformuslims.com\\\/de\\\/gebetsanfragen\\\/#breadcrumb\",\"itemListElement\":[{\"@type\":\"ListItem\",\"position\":1,\"name\":\"Home\",\"item\":\"https:\\\/\\\/jesuschristformuslims.com\\\/de\\\/home\\\/\"},{\"@type\":\"ListItem\",\"position\":2,\"name\":\"Gebetsanfragen\"}]},{\"@type\":\"WebSite\",\"@id\":\"https:\\\/\\\/jesuschristformuslims.com\\\/#website\",\"url\":\"https:\\\/\\\/jesuschristformuslims.com\\\/\",\"name\":\"Jesus Christ for Muslims\",\"description\":\"Inviting Muslims to the Kingdom of Christ\",\"potentialAction\":[{\"@type\":\"SearchAction\",\"target\":{\"@type\":\"EntryPoint\",\"urlTemplate\":\"https:\\\/\\\/jesuschristformuslims.com\\\/?s={search_term_string}\"},\"query-input\":{\"@type\":\"PropertyValueSpecification\",\"valueRequired\":true,\"valueName\":\"search_term_string\"}}],\"inLanguage\":\"de\"}]}<\/script>\n<!-- \/ Yoast SEO plugin. -->","yoast_head_json":{"title":"Gebetsanfragen - Jesus Christus f\u00fcr Muslime Ministerium","description":"Gebetsanfragen - Jesus Christus f\u00fcr Muslime Ministerium. as Leben ist wie ein Sandsturm in der W\u00fcste. Es ist voller Sorgen, Probleme, \u00c4ngste, Frustrationen","robots":{"index":"index","follow":"follow","max-snippet":"max-snippet:-1","max-image-preview":"max-image-preview:large","max-video-preview":"max-video-preview:-1"},"canonical":"https:\/\/jesuschristformuslims.com\/de\/gebetsanfragen\/","og_locale":"de_DE","og_type":"article","og_title":"Gebetsanfragen - Jesus Christus f\u00fcr Muslime Ministerium","og_description":"Gebetsanfragen - Jesus Christus f\u00fcr Muslime Ministerium. as Leben ist wie ein Sandsturm in der W\u00fcste. Es ist voller Sorgen, Probleme, \u00c4ngste, Frustrationen","og_url":"https:\/\/jesuschristformuslims.com\/de\/gebetsanfragen\/","og_site_name":"Jesus Christ for Muslims","article_modified_time":"2016-08-21T00:57:55+00:00","twitter_card":"summary_large_image","twitter_misc":{"Gesch\u00e4tzte Lesezeit":"2\u00a0Minuten"},"schema":{"@context":"https:\/\/schema.org","@graph":[{"@type":"WebPage","@id":"https:\/\/jesuschristformuslims.com\/de\/gebetsanfragen\/","url":"https:\/\/jesuschristformuslims.com\/de\/gebetsanfragen\/","name":"Gebetsanfragen - Jesus Christus f\u00fcr Muslime Ministerium","isPartOf":{"@id":"https:\/\/jesuschristformuslims.com\/#website"},"datePublished":"2016-08-12T16:42:51+00:00","dateModified":"2016-08-21T00:57:55+00:00","description":"Gebetsanfragen - Jesus Christus f\u00fcr Muslime Ministerium. as Leben ist wie ein Sandsturm in der W\u00fcste. Es ist voller Sorgen, Probleme, \u00c4ngste, Frustrationen","breadcrumb":{"@id":"https:\/\/jesuschristformuslims.com\/de\/gebetsanfragen\/#breadcrumb"},"inLanguage":"de","potentialAction":[{"@type":"ReadAction","target":["https:\/\/jesuschristformuslims.com\/de\/gebetsanfragen\/"]}]},{"@type":"BreadcrumbList","@id":"https:\/\/jesuschristformuslims.com\/de\/gebetsanfragen\/#breadcrumb","itemListElement":[{"@type":"ListItem","position":1,"name":"Home","item":"https:\/\/jesuschristformuslims.com\/de\/home\/"},{"@type":"ListItem","position":2,"name":"Gebetsanfragen"}]},{"@type":"WebSite","@id":"https:\/\/jesuschristformuslims.com\/#website","url":"https:\/\/jesuschristformuslims.com\/","name":"Jesus Christ for Muslims","description":"Inviting Muslims to the Kingdom of Christ","potentialAction":[{"@type":"SearchAction","target":{"@type":"EntryPoint","urlTemplate":"https:\/\/jesuschristformuslims.com\/?s={search_term_string}"},"query-input":{"@type":"PropertyValueSpecification","valueRequired":true,"valueName":"search_term_string"}}],"inLanguage":"de"}]}},"_links":{"self":[{"href":"https:\/\/jesuschristformuslims.com\/de\/wp-json\/wp\/v2\/pages\/3264","targetHints":{"allow":["GET"]}}],"collection":[{"href":"https:\/\/jesuschristformuslims.com\/de\/wp-json\/wp\/v2\/pages"}],"about":[{"href":"https:\/\/jesuschristformuslims.com\/de\/wp-json\/wp\/v2\/types\/page"}],"author":[{"embeddable":true,"href":"https:\/\/jesuschristformuslims.com\/de\/wp-json\/wp\/v2\/users\/4"}],"replies":[{"embeddable":true,"href":"https:\/\/jesuschristformuslims.com\/de\/wp-json\/wp\/v2\/comments?post=3264"}],"version-history":[{"count":1,"href":"https:\/\/jesuschristformuslims.com\/de\/wp-json\/wp\/v2\/pages\/3264\/revisions"}],"predecessor-version":[{"id":3265,"href":"https:\/\/jesuschristformuslims.com\/de\/wp-json\/wp\/v2\/pages\/3264\/revisions\/3265"}],"wp:attachment":[{"href":"https:\/\/jesuschristformuslims.com\/de\/wp-json\/wp\/v2\/media?parent=3264"}],"curies":[{"name":"wp","href":"https:\/\/api.w.org\/{rel}","templated":true}]}}