{"id":2134,"date":"2016-05-19T13:21:30","date_gmt":"2016-05-19T13:21:30","guid":{"rendered":"https:\/\/jesuschristformuslims.com\/es\/?page_id=2134"},"modified":"2022-06-27T15:18:30","modified_gmt":"2022-06-27T15:18:30","slug":"apoyanos","status":"publish","type":"page","link":"https:\/\/jesuschristformuslims.com\/es\/apoyanos\/","title":{"rendered":"Ap\u00f3yanos"},"content":{"rendered":"\t\t<div data-elementor-type=\"wp-page\" data-elementor-id=\"2134\" class=\"elementor elementor-2134 elementor-796\" data-elementor-post-type=\"page\">\n\t\t\t\t\t\t<section class=\"elementor-section elementor-top-section elementor-element elementor-element-3a76b44 elementor-section-boxed elementor-section-height-default elementor-section-height-default\" data-id=\"3a76b44\" data-element_type=\"section\" data-e-type=\"section\">\n\t\t\t\t\t\t<div class=\"elementor-container elementor-column-gap-default\">\n\t\t\t\t\t<div class=\"elementor-column elementor-col-100 elementor-top-column elementor-element elementor-element-12a1a30\" data-id=\"12a1a30\" data-element_type=\"column\" data-e-type=\"column\">\n\t\t\t<div class=\"elementor-widget-wrap elementor-element-populated\">\n\t\t\t\t\t\t<div class=\"elementor-element elementor-element-a51c1f6 elementor-widget elementor-widget-spacer\" data-id=\"a51c1f6\" data-element_type=\"widget\" data-e-type=\"widget\" data-widget_type=\"spacer.default\">\n\t\t\t\t<div class=\"elementor-widget-container\">\n\t\t\t\t\t\t\t<div class=\"elementor-spacer\">\n\t\t\t<div class=\"elementor-spacer-inner\"><\/div>\n\t\t<\/div>\n\t\t\t\t\t\t<\/div>\n\t\t\t\t<\/div>\n\t\t\t\t\t<\/div>\n\t\t<\/div>\n\t\t\t\t\t<\/div>\n\t\t<\/section>\n\t\t\t\t<section class=\"elementor-section elementor-top-section elementor-element elementor-element-e124cc2 elementor-section-boxed elementor-section-height-default elementor-section-height-default\" data-id=\"e124cc2\" data-element_type=\"section\" data-e-type=\"section\">\n\t\t\t\t\t\t<div class=\"elementor-container elementor-column-gap-default\">\n\t\t\t\t\t<div class=\"elementor-column elementor-col-100 elementor-top-column elementor-element elementor-element-2fd3667\" data-id=\"2fd3667\" data-element_type=\"column\" data-e-type=\"column\">\n\t\t\t<div class=\"elementor-widget-wrap elementor-element-populated\">\n\t\t\t\t\t\t<div class=\"elementor-element elementor-element-741013a elementor-widget elementor-widget-image\" data-id=\"741013a\" data-element_type=\"widget\" data-e-type=\"widget\" data-widget_type=\"image.default\">\n\t\t\t\t<div class=\"elementor-widget-container\">\n\t\t\t\t\t\t\t\t\t\t\t\t\t\t\t<img decoding=\"async\" src=\"https:\/\/jesuschristformuslims.com\/wp-content\/uploads\/2022\/06\/BANNERAPOYANOS.jpg\" title=\"BANNERAPOYANOS\" alt=\"BANNERAPOYANOS\" loading=\"lazy\" \/>\t\t\t\t\t\t\t\t\t\t\t\t\t\t\t<\/div>\n\t\t\t\t<\/div>\n\t\t\t\t<div class=\"elementor-element elementor-element-cabaee0 elementor-widget elementor-widget-spacer\" data-id=\"cabaee0\" data-element_type=\"widget\" data-e-type=\"widget\" data-widget_type=\"spacer.default\">\n\t\t\t\t<div class=\"elementor-widget-container\">\n\t\t\t\t\t\t\t<div class=\"elementor-spacer\">\n\t\t\t<div class=\"elementor-spacer-inner\"><\/div>\n\t\t<\/div>\n\t\t\t\t\t\t<\/div>\n\t\t\t\t<\/div>\n\t\t\t\t\t<\/div>\n\t\t<\/div>\n\t\t\t\t\t<\/div>\n\t\t<\/section>\n\t\t\t\t<section class=\"elementor-section elementor-top-section elementor-element elementor-element-248a188 elementor-section-boxed elementor-section-height-default elementor-section-height-default\" data-id=\"248a188\" data-element_type=\"section\" data-e-type=\"section\">\n\t\t\t\t\t\t<div class=\"elementor-container elementor-column-gap-default\">\n\t\t\t\t\t<div class=\"elementor-column elementor-col-100 elementor-top-column elementor-element elementor-element-8945853\" data-id=\"8945853\" data-element_type=\"column\" data-e-type=\"column\">\n\t\t\t<div class=\"elementor-widget-wrap elementor-element-populated\">\n\t\t\t\t\t\t<div class=\"elementor-element elementor-element-278de91 elementor-widget elementor-widget-heading\" data-id=\"278de91\" data-element_type=\"widget\" data-e-type=\"widget\" data-widget_type=\"heading.default\">\n\t\t\t\t<div class=\"elementor-widget-container\">\n\t\t\t\t\t<h2 class=\"elementor-heading-title elementor-size-default\">\u201cJesucristo para los musulmanes\u201d<\/h2>\t\t\t\t<\/div>\n\t\t\t\t<\/div>\n\t\t\t\t\t<\/div>\n\t\t<\/div>\n\t\t\t\t\t<\/div>\n\t\t<\/section>\n\t\t\t\t<section class=\"elementor-section elementor-top-section elementor-element elementor-element-435f15d elementor-section-boxed elementor-section-height-default elementor-section-height-default\" data-id=\"435f15d\" data-element_type=\"section\" data-e-type=\"section\">\n\t\t\t\t\t\t<div class=\"elementor-container elementor-column-gap-default\">\n\t\t\t\t\t<div class=\"elementor-column elementor-col-100 elementor-top-column elementor-element elementor-element-2df98ba\" data-id=\"2df98ba\" data-element_type=\"column\" data-e-type=\"column\">\n\t\t\t<div class=\"elementor-widget-wrap elementor-element-populated\">\n\t\t\t\t\t\t<div class=\"elementor-element elementor-element-ad00c98 elementor-widget elementor-widget-text-editor\" data-id=\"ad00c98\" data-element_type=\"widget\" data-e-type=\"widget\" data-widget_type=\"text-editor.default\">\n\t\t\t\t<div class=\"elementor-widget-container\">\n\t\t\t\t\t\t\t\t\t<p>es una organizaci\u00f3n sin fines de lucro, que tiene como objeto invitar a los musulmanes al Reino de Cristo a trav\u00e9s de testimonios, discipulado, plantaci\u00f3n de iglesias y el centro de JCM. Este ministerio se apoya \u00fanicamente a trav\u00e9s de sus generosas donaciones.<\/p>\t\t\t\t\t\t\t\t<\/div>\n\t\t\t\t<\/div>\n\t\t\t\t\t<\/div>\n\t\t<\/div>\n\t\t\t\t\t<\/div>\n\t\t<\/section>\n\t\t\t\t<section class=\"elementor-section elementor-top-section elementor-element elementor-element-82cf917 elementor-section-boxed elementor-section-height-default elementor-section-height-default\" data-id=\"82cf917\" data-element_type=\"section\" data-e-type=\"section\">\n\t\t\t\t\t\t<div class=\"elementor-container elementor-column-gap-default\">\n\t\t\t\t\t<div class=\"elementor-column elementor-col-100 elementor-top-column elementor-element elementor-element-de496b8\" data-id=\"de496b8\" data-element_type=\"column\" data-e-type=\"column\">\n\t\t\t<div class=\"elementor-widget-wrap elementor-element-populated\">\n\t\t\t\t\t\t<div class=\"elementor-element elementor-element-6712730 elementor-widget elementor-widget-heading\" data-id=\"6712730\" data-element_type=\"widget\" data-e-type=\"widget\" data-widget_type=\"heading.default\">\n\t\t\t\t<div class=\"elementor-widget-container\">\n\t\t\t\t\t<h2 class=\"elementor-heading-title elementor-size-default\">Apoyo de los voluntarios:<\/h2>\t\t\t\t<\/div>\n\t\t\t\t<\/div>\n\t\t\t\t\t<\/div>\n\t\t<\/div>\n\t\t\t\t\t<\/div>\n\t\t<\/section>\n\t\t\t\t<section class=\"elementor-section elementor-top-section elementor-element elementor-element-adb6b1e elementor-section-boxed elementor-section-height-default elementor-section-height-default\" data-id=\"adb6b1e\" data-element_type=\"section\" data-e-type=\"section\">\n\t\t\t\t\t\t<div class=\"elementor-container elementor-column-gap-default\">\n\t\t\t\t\t<div class=\"elementor-column elementor-col-100 elementor-top-column elementor-element elementor-element-a304754\" data-id=\"a304754\" data-element_type=\"column\" data-e-type=\"column\">\n\t\t\t<div class=\"elementor-widget-wrap elementor-element-populated\">\n\t\t\t\t\t\t<div class=\"elementor-element elementor-element-98e4a52 elementor-widget elementor-widget-text-editor\" data-id=\"98e4a52\" data-element_type=\"widget\" data-e-type=\"widget\" data-widget_type=\"text-editor.default\">\n\t\t\t\t<div class=\"elementor-widget-container\">\n\t\t\t\t\t\t\t\t\t<p>Tambi\u00e9n puede apoyar este ministerio como voluntario utilizando sus habilidades y su deseo de servir a Cristo. Nuestro ministerio est\u00e1 en la necesidad de escritores, traductores, voluntarios con capacidades de elaboraci\u00f3n de pel\u00edculas e incluso m\u00e1s all\u00e1 de eso, los misioneros que est\u00e1n dispuestos a servir a nuestro Se\u00f1or Jesucristo en pa\u00edses de mayor\u00eda musulmana.<\/p>\t\t\t\t\t\t\t\t<\/div>\n\t\t\t\t<\/div>\n\t\t\t\t\t<\/div>\n\t\t<\/div>\n\t\t\t\t\t<\/div>\n\t\t<\/section>\n\t\t\t\t<section class=\"elementor-section elementor-top-section elementor-element elementor-element-819db4e elementor-section-boxed elementor-section-height-default elementor-section-height-default\" data-id=\"819db4e\" data-element_type=\"section\" data-e-type=\"section\">\n\t\t\t\t\t\t<div class=\"elementor-container elementor-column-gap-default\">\n\t\t\t\t\t<div class=\"elementor-column elementor-col-100 elementor-top-column elementor-element elementor-element-9605716\" data-id=\"9605716\" data-element_type=\"column\" data-e-type=\"column\">\n\t\t\t<div class=\"elementor-widget-wrap elementor-element-populated\">\n\t\t\t\t\t\t<div class=\"elementor-element elementor-element-fb8d21d elementor-widget elementor-widget-heading\" data-id=\"fb8d21d\" data-element_type=\"widget\" data-e-type=\"widget\" data-widget_type=\"heading.default\">\n\t\t\t\t<div class=\"elementor-widget-container\">\n\t\t\t\t\t<h2 class=\"elementor-heading-title elementor-size-default\">Apoyo econ\u00f3mico: <\/h2>\t\t\t\t<\/div>\n\t\t\t\t<\/div>\n\t\t\t\t\t<\/div>\n\t\t<\/div>\n\t\t\t\t\t<\/div>\n\t\t<\/section>\n\t\t\t\t<section class=\"elementor-section elementor-top-section elementor-element elementor-element-9df67e7 elementor-section-boxed elementor-section-height-default elementor-section-height-default\" data-id=\"9df67e7\" data-element_type=\"section\" data-e-type=\"section\">\n\t\t\t\t\t\t<div class=\"elementor-container elementor-column-gap-default\">\n\t\t\t\t\t<div class=\"elementor-column elementor-col-100 elementor-top-column elementor-element elementor-element-cd74a2f\" data-id=\"cd74a2f\" data-element_type=\"column\" data-e-type=\"column\">\n\t\t\t<div class=\"elementor-widget-wrap elementor-element-populated\">\n\t\t\t\t\t\t<div class=\"elementor-element elementor-element-0f1ea6b elementor-widget elementor-widget-text-editor\" data-id=\"0f1ea6b\" data-element_type=\"widget\" data-e-type=\"widget\" data-widget_type=\"text-editor.default\">\n\t\t\t\t<div class=\"elementor-widget-container\">\n\t\t\t\t\t\t\t\t\t<p>Si usted desea apoyar el ministerio de \u201cJesucristo para los musulmanes\u201d financieramente, puede hacerlo haciendo clic a continuaci\u00f3n. Sus donaciones nos permiten seguir avanzando como un ministerio para la causa de Cristo y estamos agradecidos por su colaboraci\u00f3n. Haga clic en \u201cdonar\u201d para dar un regalo a continuaci\u00f3n.<\/p>\t\t\t\t\t\t\t\t<\/div>\n\t\t\t\t<\/div>\n\t\t\t\t\t<\/div>\n\t\t<\/div>\n\t\t\t\t\t<\/div>\n\t\t<\/section>\n\t\t\t\t<section class=\"elementor-section elementor-top-section elementor-element elementor-element-f9de43a elementor-section-boxed elementor-section-height-default elementor-section-height-default\" data-id=\"f9de43a\" data-element_type=\"section\" data-e-type=\"section\">\n\t\t\t\t\t\t<div class=\"elementor-container elementor-column-gap-default\">\n\t\t\t\t\t<div class=\"elementor-column elementor-col-100 elementor-top-column elementor-element elementor-element-f395bb1\" data-id=\"f395bb1\" data-element_type=\"column\" data-e-type=\"column\">\n\t\t\t<div class=\"elementor-widget-wrap elementor-element-populated\">\n\t\t\t\t\t\t<div class=\"elementor-element elementor-element-9ae0fb2 elementor-widget elementor-widget-text-editor\" data-id=\"9ae0fb2\" data-element_type=\"widget\" data-e-type=\"widget\" data-widget_type=\"text-editor.default\">\n\t\t\t\t<div class=\"elementor-widget-container\">\n\t\t\t\t\t\t\t\t\t<p>Si prefiere hacer una transferencia bancaria directa, por favor correo electr\u00f3nico para obtener los datos bancarios. Muchas gracias. Dios te bendiga.<\/p><p>\u00a0<\/p>\t\t\t\t\t\t\t\t<\/div>\n\t\t\t\t<\/div>\n\t\t\t\t\t<\/div>\n\t\t<\/div>\n\t\t\t\t\t<\/div>\n\t\t<\/section>\n\t\t\t\t<section class=\"elementor-section elementor-top-section elementor-element elementor-element-b0aaf3b elementor-section-boxed elementor-section-height-default elementor-section-height-default\" data-id=\"b0aaf3b\" data-element_type=\"section\" data-e-type=\"section\">\n\t\t\t\t\t\t<div class=\"elementor-container elementor-column-gap-default\">\n\t\t\t\t\t<div class=\"elementor-column elementor-col-100 elementor-top-column elementor-element elementor-element-8fe7b08\" data-id=\"8fe7b08\" data-element_type=\"column\" data-e-type=\"column\">\n\t\t\t<div class=\"elementor-widget-wrap elementor-element-populated\">\n\t\t\t\t\t\t<div class=\"elementor-element elementor-element-443e36f elementor-widget elementor-widget-spacer\" data-id=\"443e36f\" data-element_type=\"widget\" data-e-type=\"widget\" data-widget_type=\"spacer.default\">\n\t\t\t\t<div class=\"elementor-widget-container\">\n\t\t\t\t\t\t\t<div class=\"elementor-spacer\">\n\t\t\t<div class=\"elementor-spacer-inner\"><\/div>\n\t\t<\/div>\n\t\t\t\t\t\t<\/div>\n\t\t\t\t<\/div>\n\t\t\t\t\t<\/div>\n\t\t<\/div>\n\t\t\t\t\t<\/div>\n\t\t<\/section>\n\t\t\t\t<section class=\"elementor-section elementor-top-section elementor-element elementor-element-c5fee36 elementor-section-boxed elementor-section-height-default elementor-section-height-default\" data-id=\"c5fee36\" data-element_type=\"section\" data-e-type=\"section\">\n\t\t\t\t\t\t<div class=\"elementor-container elementor-column-gap-default\">\n\t\t\t\t\t<div class=\"elementor-column elementor-col-100 elementor-top-column elementor-element elementor-element-7d37c6b\" data-id=\"7d37c6b\" data-element_type=\"column\" data-e-type=\"column\">\n\t\t\t<div class=\"elementor-widget-wrap elementor-element-populated\">\n\t\t\t\t\t\t<div class=\"elementor-element elementor-element-1873ea7 elementor-widget elementor-widget-html\" data-id=\"1873ea7\" data-element_type=\"widget\" data-e-type=\"widget\" data-widget_type=\"html.default\">\n\t\t\t\t<div class=\"elementor-widget-container\">\n\t\t\t\t\t<form action=\"https:\/\/www.paypal.com\/cgi-bin\/webscr\" method=\"post\" target=\"_top\"><input name=\"cmd\" type=\"hidden\" value=\"_s-xclick\" \/>\r\n<input name=\"hosted_button_id\" type=\"hidden\" value=\"NJEUB5CXB3YXY\" \/>\r\n<input alt=\"PayPal \u2013 The safer, easier way to pay online.\" name=\"submit\" src=\"https:\/\/www.paypalobjects.com\/en_US\/GB\/i\/btn\/btn_donateCC_LG.gif\" type=\"image\" \/>\r\n<img decoding=\"async\" src=\"https:\/\/www.paypalobjects.com\/en_GB\/i\/scr\/pixel.gif\" alt=\"\" width=\"1\" height=\"1\" border=\"0\" \/><\/form>\t\t\t\t<\/div>\n\t\t\t\t<\/div>\n\t\t\t\t<div class=\"elementor-element elementor-element-2f7a2b2 elementor-widget elementor-widget-spacer\" data-id=\"2f7a2b2\" data-element_type=\"widget\" data-e-type=\"widget\" data-widget_type=\"spacer.default\">\n\t\t\t\t<div class=\"elementor-widget-container\">\n\t\t\t\t\t\t\t<div class=\"elementor-spacer\">\n\t\t\t<div class=\"elementor-spacer-inner\"><\/div>\n\t\t<\/div>\n\t\t\t\t\t\t<\/div>\n\t\t\t\t<\/div>\n\t\t\t\t\t<\/div>\n\t\t<\/div>\n\t\t\t\t\t<\/div>\n\t\t<\/section>\n\t\t\t\t<\/div>\n\t\t","protected":false},"excerpt":{"rendered":"<p>\u201cJesucristo para los musulmanes\u201d es una organizaci\u00f3n sin fines de lucro, que tiene como objeto invitar a los musulmanes al Reino de Cristo a trav\u00e9s de testimonios, discipulado, plantaci\u00f3n de iglesias y el centro de JCM. Este ministerio se apoya \u00fanicamente a trav\u00e9s de sus generosas donaciones. Apoyo de los voluntarios: Tambi\u00e9n puede apoyar este&hellip; <a class=\"more-link\" href=\"https:\/\/jesuschristformuslims.com\/es\/apoyanos\/\">Seguir leyendo <span class=\"screen-reader-text\">Ap\u00f3yanos<\/span><\/a><\/p>\n","protected":false},"author":4,"featured_media":0,"parent":0,"menu_order":0,"comment_status":"closed","ping_status":"closed","template":"elementor_header_footer","meta":{"footnotes":""},"class_list":["post-2134","page","type-page","status-publish","hentry","entry"],"yoast_head":"<!-- This site is optimized with the Yoast SEO plugin v27.3 - https:\/\/yoast.com\/product\/yoast-seo-wordpress\/ -->\n<title>Apoyanos - Jesucristo para los musulmanes ministerio<\/title>\n<meta name=\"description\" content=\"Apoyanos Jesucristo para los musulmanes. Queremos difundir el mensaje de Cristo y concientizar de la realidad del d\u00eda del juicio para el mundo isl\u00e1mico.\" \/>\n<meta name=\"robots\" content=\"index, follow, max-snippet:-1, max-image-preview:large, max-video-preview:-1\" \/>\n<link rel=\"canonical\" href=\"https:\/\/jesuschristformuslims.com\/es\/apoyanos\/\" \/>\n<meta property=\"og:locale\" content=\"es_ES\" \/>\n<meta property=\"og:type\" content=\"article\" \/>\n<meta property=\"og:title\" content=\"Apoyanos - Jesucristo para los musulmanes ministerio\" \/>\n<meta property=\"og:description\" content=\"Apoyanos Jesucristo para los musulmanes. Queremos difundir el mensaje de Cristo y concientizar de la realidad del d\u00eda del juicio para el mundo isl\u00e1mico.\" \/>\n<meta property=\"og:url\" content=\"https:\/\/jesuschristformuslims.com\/es\/apoyanos\/\" \/>\n<meta property=\"og:site_name\" content=\"Jesus Christ for Muslims\" \/>\n<meta property=\"article:modified_time\" content=\"2022-06-27T15:18:30+00:00\" \/>\n<meta property=\"og:image\" content=\"https:\/\/jesuschristformuslims.com\/wp-content\/uploads\/2022\/06\/BANNERAPOYANOS.jpg\" \/>\n<meta name=\"twitter:card\" content=\"summary_large_image\" \/>\n<meta name=\"twitter:label1\" content=\"Tiempo de lectura\" \/>\n\t<meta name=\"twitter:data1\" content=\"1 minuto\" \/>\n<script type=\"application\/ld+json\" class=\"yoast-schema-graph\">{\"@context\":\"https:\\\/\\\/schema.org\",\"@graph\":[{\"@type\":\"WebPage\",\"@id\":\"https:\\\/\\\/jesuschristformuslims.com\\\/es\\\/apoyanos\\\/\",\"url\":\"https:\\\/\\\/jesuschristformuslims.com\\\/es\\\/apoyanos\\\/\",\"name\":\"Apoyanos - Jesucristo para los musulmanes ministerio\",\"isPartOf\":{\"@id\":\"https:\\\/\\\/jesuschristformuslims.com\\\/#website\"},\"primaryImageOfPage\":{\"@id\":\"https:\\\/\\\/jesuschristformuslims.com\\\/es\\\/apoyanos\\\/#primaryimage\"},\"image\":{\"@id\":\"https:\\\/\\\/jesuschristformuslims.com\\\/es\\\/apoyanos\\\/#primaryimage\"},\"thumbnailUrl\":\"https:\\\/\\\/jesuschristformuslims.com\\\/wp-content\\\/uploads\\\/2022\\\/06\\\/BANNERAPOYANOS.jpg\",\"datePublished\":\"2016-05-19T13:21:30+00:00\",\"dateModified\":\"2022-06-27T15:18:30+00:00\",\"description\":\"Apoyanos Jesucristo para los musulmanes. Queremos difundir el mensaje de Cristo y concientizar de la realidad del d\u00eda del juicio para el mundo isl\u00e1mico.\",\"breadcrumb\":{\"@id\":\"https:\\\/\\\/jesuschristformuslims.com\\\/es\\\/apoyanos\\\/#breadcrumb\"},\"inLanguage\":\"es\",\"potentialAction\":[{\"@type\":\"ReadAction\",\"target\":[\"https:\\\/\\\/jesuschristformuslims.com\\\/es\\\/apoyanos\\\/\"]}]},{\"@type\":\"ImageObject\",\"inLanguage\":\"es\",\"@id\":\"https:\\\/\\\/jesuschristformuslims.com\\\/es\\\/apoyanos\\\/#primaryimage\",\"url\":\"https:\\\/\\\/jesuschristformuslims.com\\\/wp-content\\\/uploads\\\/2022\\\/06\\\/BANNERAPOYANOS.jpg\",\"contentUrl\":\"https:\\\/\\\/jesuschristformuslims.com\\\/wp-content\\\/uploads\\\/2022\\\/06\\\/BANNERAPOYANOS.jpg\"},{\"@type\":\"BreadcrumbList\",\"@id\":\"https:\\\/\\\/jesuschristformuslims.com\\\/es\\\/apoyanos\\\/#breadcrumb\",\"itemListElement\":[{\"@type\":\"ListItem\",\"position\":1,\"name\":\"Home\",\"item\":\"https:\\\/\\\/jesuschristformuslims.com\\\/es\\\/home\\\/\"},{\"@type\":\"ListItem\",\"position\":2,\"name\":\"Ap\u00f3yanos\"}]},{\"@type\":\"WebSite\",\"@id\":\"https:\\\/\\\/jesuschristformuslims.com\\\/#website\",\"url\":\"https:\\\/\\\/jesuschristformuslims.com\\\/\",\"name\":\"Jesus Christ for Muslims\",\"description\":\"Inviting Muslims to the Kingdom of Christ\",\"potentialAction\":[{\"@type\":\"SearchAction\",\"target\":{\"@type\":\"EntryPoint\",\"urlTemplate\":\"https:\\\/\\\/jesuschristformuslims.com\\\/?s={search_term_string}\"},\"query-input\":{\"@type\":\"PropertyValueSpecification\",\"valueRequired\":true,\"valueName\":\"search_term_string\"}}],\"inLanguage\":\"es\"}]}<\/script>\n<!-- \/ Yoast SEO plugin. -->","yoast_head_json":{"title":"Apoyanos - Jesucristo para los musulmanes ministerio","description":"Apoyanos Jesucristo para los musulmanes. Queremos difundir el mensaje de Cristo y concientizar de la realidad del d\u00eda del juicio para el mundo isl\u00e1mico.","robots":{"index":"index","follow":"follow","max-snippet":"max-snippet:-1","max-image-preview":"max-image-preview:large","max-video-preview":"max-video-preview:-1"},"canonical":"https:\/\/jesuschristformuslims.com\/es\/apoyanos\/","og_locale":"es_ES","og_type":"article","og_title":"Apoyanos - Jesucristo para los musulmanes ministerio","og_description":"Apoyanos Jesucristo para los musulmanes. Queremos difundir el mensaje de Cristo y concientizar de la realidad del d\u00eda del juicio para el mundo isl\u00e1mico.","og_url":"https:\/\/jesuschristformuslims.com\/es\/apoyanos\/","og_site_name":"Jesus Christ for Muslims","article_modified_time":"2022-06-27T15:18:30+00:00","og_image":[{"url":"https:\/\/jesuschristformuslims.com\/wp-content\/uploads\/2022\/06\/BANNERAPOYANOS.jpg","type":"","width":"","height":""}],"twitter_card":"summary_large_image","twitter_misc":{"Tiempo de lectura":"1 minuto"},"schema":{"@context":"https:\/\/schema.org","@graph":[{"@type":"WebPage","@id":"https:\/\/jesuschristformuslims.com\/es\/apoyanos\/","url":"https:\/\/jesuschristformuslims.com\/es\/apoyanos\/","name":"Apoyanos - Jesucristo para los musulmanes ministerio","isPartOf":{"@id":"https:\/\/jesuschristformuslims.com\/#website"},"primaryImageOfPage":{"@id":"https:\/\/jesuschristformuslims.com\/es\/apoyanos\/#primaryimage"},"image":{"@id":"https:\/\/jesuschristformuslims.com\/es\/apoyanos\/#primaryimage"},"thumbnailUrl":"https:\/\/jesuschristformuslims.com\/wp-content\/uploads\/2022\/06\/BANNERAPOYANOS.jpg","datePublished":"2016-05-19T13:21:30+00:00","dateModified":"2022-06-27T15:18:30+00:00","description":"Apoyanos Jesucristo para los musulmanes. Queremos difundir el mensaje de Cristo y concientizar de la realidad del d\u00eda del juicio para el mundo isl\u00e1mico.","breadcrumb":{"@id":"https:\/\/jesuschristformuslims.com\/es\/apoyanos\/#breadcrumb"},"inLanguage":"es","potentialAction":[{"@type":"ReadAction","target":["https:\/\/jesuschristformuslims.com\/es\/apoyanos\/"]}]},{"@type":"ImageObject","inLanguage":"es","@id":"https:\/\/jesuschristformuslims.com\/es\/apoyanos\/#primaryimage","url":"https:\/\/jesuschristformuslims.com\/wp-content\/uploads\/2022\/06\/BANNERAPOYANOS.jpg","contentUrl":"https:\/\/jesuschristformuslims.com\/wp-content\/uploads\/2022\/06\/BANNERAPOYANOS.jpg"},{"@type":"BreadcrumbList","@id":"https:\/\/jesuschristformuslims.com\/es\/apoyanos\/#breadcrumb","itemListElement":[{"@type":"ListItem","position":1,"name":"Home","item":"https:\/\/jesuschristformuslims.com\/es\/home\/"},{"@type":"ListItem","position":2,"name":"Ap\u00f3yanos"}]},{"@type":"WebSite","@id":"https:\/\/jesuschristformuslims.com\/#website","url":"https:\/\/jesuschristformuslims.com\/","name":"Jesus Christ for Muslims","description":"Inviting Muslims to the Kingdom of Christ","potentialAction":[{"@type":"SearchAction","target":{"@type":"EntryPoint","urlTemplate":"https:\/\/jesuschristformuslims.com\/?s={search_term_string}"},"query-input":{"@type":"PropertyValueSpecification","valueRequired":true,"valueName":"search_term_string"}}],"inLanguage":"es"}]}},"_links":{"self":[{"href":"https:\/\/jesuschristformuslims.com\/es\/wp-json\/wp\/v2\/pages\/2134","targetHints":{"allow":["GET"]}}],"collection":[{"href":"https:\/\/jesuschristformuslims.com\/es\/wp-json\/wp\/v2\/pages"}],"about":[{"href":"https:\/\/jesuschristformuslims.com\/es\/wp-json\/wp\/v2\/types\/page"}],"author":[{"embeddable":true,"href":"https:\/\/jesuschristformuslims.com\/es\/wp-json\/wp\/v2\/users\/4"}],"replies":[{"embeddable":true,"href":"https:\/\/jesuschristformuslims.com\/es\/wp-json\/wp\/v2\/comments?post=2134"}],"version-history":[{"count":10,"href":"https:\/\/jesuschristformuslims.com\/es\/wp-json\/wp\/v2\/pages\/2134\/revisions"}],"predecessor-version":[{"id":28690,"href":"https:\/\/jesuschristformuslims.com\/es\/wp-json\/wp\/v2\/pages\/2134\/revisions\/28690"}],"wp:attachment":[{"href":"https:\/\/jesuschristformuslims.com\/es\/wp-json\/wp\/v2\/media?parent=2134"}],"curies":[{"name":"wp","href":"https:\/\/api.w.org\/{rel}","templated":true}]}}