{"id":2145,"date":"2016-05-19T15:47:25","date_gmt":"2016-05-19T15:47:25","guid":{"rendered":"https:\/\/jesuschristformuslims.com\/es\/?page_id=2145"},"modified":"2016-05-27T21:27:17","modified_gmt":"2016-05-27T21:27:17","slug":"peticiones-de-oracion","status":"publish","type":"page","link":"https:\/\/jesuschristformuslims.com\/es\/peticiones-de-oracion\/","title":{"rendered":"Peticiones de oraci\u00f3n"},"content":{"rendered":"<p style=\"text-align: justify;\"><span style=\"color: #000000;\">La vida es como una tormenta de arena en el desierto. Est\u00e1 llena de preocupaciones, problemas, desesperaci\u00f3n, frustraciones,\u00a0 lo que nos tienen ceg\u00e1ndoos de ver el camino claro. La vida, a veces, nos arrastra a un lugar tan oscuro que ni un solo rayo de esperanza es visible.<\/span><\/p>\n<p style=\"text-align: justify;\"><span style=\"color: #000000;\">Pero no importa, no vamos a tener miedo. Porque Dios est\u00e1 con nosotros en todo momento. El rayo de luz que estamos buscando en la oscuridad en realidad est\u00e1 dentro de nosotros. S\u00f3lo tenemos que ser lo suficientemente valientes para dejarlo brillar.<\/span><\/p>\n<p style=\"text-align: justify;\"><span style=\"color: #000000;\">Sin embargo, a veces, la lucha\u00a0 nos hace sentir d\u00e9biles y m\u00e1s propensos a darnos por vencidos. Es por ello que \u00bb Noticias Cristiano Pakist\u00e1n\u00bb quieren ayudar y apoyar en todo lo que\u00a0 sea posible. Puede compartir sus problemas con nosotros y, si no cualquier otra cosa, vamos a orar a Dios para que \u00c9l pueda abrir nuevas puertas para usted. Dios tiene sus caminos, y \u00c9l sabe c\u00f3mo y cu\u00e1ndo utilizar a alguien para ayudar a los dem\u00e1s. Definitivamente tiene un plan para ti tambi\u00e9n. Queremos conocer su historia y queremos ayudarle a luchar sus batallas.<\/span><\/p>\n<p style=\"text-align: justify;\"><span style=\"color: #000000;\">Si usted es un cristiano, musulm\u00e1n, hind\u00fa, budista, o pertenecer a cualquier otra religi\u00f3n, no importa. Todos somos uno y el mismo Dios nos ha creado. Nos encantar\u00eda orar por ti. No dude en ponerse en contacto con nosotros con sus peticiones de oraci\u00f3n. Jesucristo sana a todos y muri\u00f3 por todos nuestros pecados. Todav\u00eda se cura todo el que pide y cree en \u00c9l porque tiene el poder para liberarnos de nuestra esclavitud. P\u00eddale\u00a0 por sus necesidades y \u00e9l le proveer\u00e1.<\/span><\/p>\n<p style=\"text-align: justify;\"><span style=\"color: #000000;\"><strong>Escribanos al correo electr\u00f3nico:<\/strong><\/span>\u00a0<a href=\"https:\/\/jesuschristformuslims.com\/give-voice-to-your-words\/\">jesuschristformuslims@gmail.com <\/a><\/p>\n","protected":false},"excerpt":{"rendered":"<p>La vida es como una tormenta de arena en el desierto. Est\u00e1 llena de preocupaciones, problemas, desesperaci\u00f3n, frustraciones,\u00a0 lo que nos tienen ceg\u00e1ndoos de ver el camino claro. La vida, a veces, nos arrastra a un lugar tan oscuro que ni un solo rayo de esperanza es visible. Pero no importa, no vamos a tener&hellip; <a class=\"more-link\" href=\"https:\/\/jesuschristformuslims.com\/es\/peticiones-de-oracion\/\">Seguir leyendo <span class=\"screen-reader-text\">Peticiones de oraci\u00f3n<\/span><\/a><\/p>\n","protected":false},"author":4,"featured_media":0,"parent":0,"menu_order":0,"comment_status":"closed","ping_status":"closed","template":"page_full_width.php","meta":{"footnotes":""},"class_list":["post-2145","page","type-page","status-publish","hentry","entry"],"yoast_head":"<!-- This site is optimized with the Yoast SEO plugin v27.4 - https:\/\/yoast.com\/product\/yoast-seo-wordpress\/ -->\n<title>Peticiones de oraci\u00f3n - Jesucristo para los musulmanes<\/title>\n<meta name=\"description\" content=\"Peticiones de oraci\u00f3n. La vida es como una tormenta de arena en el desierto. Est\u00e1 llena de preocupaciones, problemas, desesperaci\u00f3n, frustraciones, lo que\" \/>\n<meta name=\"robots\" content=\"index, follow, max-snippet:-1, max-image-preview:large, max-video-preview:-1\" \/>\n<link rel=\"canonical\" href=\"https:\/\/jesuschristformuslims.com\/es\/peticiones-de-oracion\/\" \/>\n<meta property=\"og:locale\" content=\"es_ES\" \/>\n<meta property=\"og:type\" content=\"article\" \/>\n<meta property=\"og:title\" content=\"Peticiones de oraci\u00f3n - Jesucristo para los musulmanes\" \/>\n<meta property=\"og:description\" content=\"Peticiones de oraci\u00f3n. La vida es como una tormenta de arena en el desierto. Est\u00e1 llena de preocupaciones, problemas, desesperaci\u00f3n, frustraciones, lo que\" \/>\n<meta property=\"og:url\" content=\"https:\/\/jesuschristformuslims.com\/es\/peticiones-de-oracion\/\" \/>\n<meta property=\"og:site_name\" content=\"Jesus Christ for Muslims\" \/>\n<meta property=\"article:modified_time\" content=\"2016-05-27T21:27:17+00:00\" \/>\n<meta name=\"twitter:card\" content=\"summary_large_image\" \/>\n<meta name=\"twitter:label1\" content=\"Tiempo de lectura\" \/>\n\t<meta name=\"twitter:data1\" content=\"1 minuto\" \/>\n<script type=\"application\/ld+json\" class=\"yoast-schema-graph\">{\"@context\":\"https:\\\/\\\/schema.org\",\"@graph\":[{\"@type\":\"WebPage\",\"@id\":\"https:\\\/\\\/jesuschristformuslims.com\\\/es\\\/peticiones-de-oracion\\\/\",\"url\":\"https:\\\/\\\/jesuschristformuslims.com\\\/es\\\/peticiones-de-oracion\\\/\",\"name\":\"Peticiones de oraci\u00f3n - Jesucristo para los musulmanes\",\"isPartOf\":{\"@id\":\"https:\\\/\\\/jesuschristformuslims.com\\\/#website\"},\"datePublished\":\"2016-05-19T15:47:25+00:00\",\"dateModified\":\"2016-05-27T21:27:17+00:00\",\"description\":\"Peticiones de oraci\u00f3n. La vida es como una tormenta de arena en el desierto. Est\u00e1 llena de preocupaciones, problemas, desesperaci\u00f3n, frustraciones, lo que\",\"breadcrumb\":{\"@id\":\"https:\\\/\\\/jesuschristformuslims.com\\\/es\\\/peticiones-de-oracion\\\/#breadcrumb\"},\"inLanguage\":\"es\",\"potentialAction\":[{\"@type\":\"ReadAction\",\"target\":[\"https:\\\/\\\/jesuschristformuslims.com\\\/es\\\/peticiones-de-oracion\\\/\"]}]},{\"@type\":\"BreadcrumbList\",\"@id\":\"https:\\\/\\\/jesuschristformuslims.com\\\/es\\\/peticiones-de-oracion\\\/#breadcrumb\",\"itemListElement\":[{\"@type\":\"ListItem\",\"position\":1,\"name\":\"Home\",\"item\":\"https:\\\/\\\/jesuschristformuslims.com\\\/es\\\/home\\\/\"},{\"@type\":\"ListItem\",\"position\":2,\"name\":\"Peticiones de oraci\u00f3n\"}]},{\"@type\":\"WebSite\",\"@id\":\"https:\\\/\\\/jesuschristformuslims.com\\\/#website\",\"url\":\"https:\\\/\\\/jesuschristformuslims.com\\\/\",\"name\":\"Jesus Christ for Muslims\",\"description\":\"Inviting Muslims to the Kingdom of Christ\",\"potentialAction\":[{\"@type\":\"SearchAction\",\"target\":{\"@type\":\"EntryPoint\",\"urlTemplate\":\"https:\\\/\\\/jesuschristformuslims.com\\\/?s={search_term_string}\"},\"query-input\":{\"@type\":\"PropertyValueSpecification\",\"valueRequired\":true,\"valueName\":\"search_term_string\"}}],\"inLanguage\":\"es\"}]}<\/script>\n<!-- \/ Yoast SEO plugin. -->","yoast_head_json":{"title":"Peticiones de oraci\u00f3n - Jesucristo para los musulmanes","description":"Peticiones de oraci\u00f3n. La vida es como una tormenta de arena en el desierto. Est\u00e1 llena de preocupaciones, problemas, desesperaci\u00f3n, frustraciones, lo que","robots":{"index":"index","follow":"follow","max-snippet":"max-snippet:-1","max-image-preview":"max-image-preview:large","max-video-preview":"max-video-preview:-1"},"canonical":"https:\/\/jesuschristformuslims.com\/es\/peticiones-de-oracion\/","og_locale":"es_ES","og_type":"article","og_title":"Peticiones de oraci\u00f3n - Jesucristo para los musulmanes","og_description":"Peticiones de oraci\u00f3n. La vida es como una tormenta de arena en el desierto. Est\u00e1 llena de preocupaciones, problemas, desesperaci\u00f3n, frustraciones, lo que","og_url":"https:\/\/jesuschristformuslims.com\/es\/peticiones-de-oracion\/","og_site_name":"Jesus Christ for Muslims","article_modified_time":"2016-05-27T21:27:17+00:00","twitter_card":"summary_large_image","twitter_misc":{"Tiempo de lectura":"1 minuto"},"schema":{"@context":"https:\/\/schema.org","@graph":[{"@type":"WebPage","@id":"https:\/\/jesuschristformuslims.com\/es\/peticiones-de-oracion\/","url":"https:\/\/jesuschristformuslims.com\/es\/peticiones-de-oracion\/","name":"Peticiones de oraci\u00f3n - Jesucristo para los musulmanes","isPartOf":{"@id":"https:\/\/jesuschristformuslims.com\/#website"},"datePublished":"2016-05-19T15:47:25+00:00","dateModified":"2016-05-27T21:27:17+00:00","description":"Peticiones de oraci\u00f3n. La vida es como una tormenta de arena en el desierto. Est\u00e1 llena de preocupaciones, problemas, desesperaci\u00f3n, frustraciones, lo que","breadcrumb":{"@id":"https:\/\/jesuschristformuslims.com\/es\/peticiones-de-oracion\/#breadcrumb"},"inLanguage":"es","potentialAction":[{"@type":"ReadAction","target":["https:\/\/jesuschristformuslims.com\/es\/peticiones-de-oracion\/"]}]},{"@type":"BreadcrumbList","@id":"https:\/\/jesuschristformuslims.com\/es\/peticiones-de-oracion\/#breadcrumb","itemListElement":[{"@type":"ListItem","position":1,"name":"Home","item":"https:\/\/jesuschristformuslims.com\/es\/home\/"},{"@type":"ListItem","position":2,"name":"Peticiones de oraci\u00f3n"}]},{"@type":"WebSite","@id":"https:\/\/jesuschristformuslims.com\/#website","url":"https:\/\/jesuschristformuslims.com\/","name":"Jesus Christ for Muslims","description":"Inviting Muslims to the Kingdom of Christ","potentialAction":[{"@type":"SearchAction","target":{"@type":"EntryPoint","urlTemplate":"https:\/\/jesuschristformuslims.com\/?s={search_term_string}"},"query-input":{"@type":"PropertyValueSpecification","valueRequired":true,"valueName":"search_term_string"}}],"inLanguage":"es"}]}},"_links":{"self":[{"href":"https:\/\/jesuschristformuslims.com\/es\/wp-json\/wp\/v2\/pages\/2145","targetHints":{"allow":["GET"]}}],"collection":[{"href":"https:\/\/jesuschristformuslims.com\/es\/wp-json\/wp\/v2\/pages"}],"about":[{"href":"https:\/\/jesuschristformuslims.com\/es\/wp-json\/wp\/v2\/types\/page"}],"author":[{"embeddable":true,"href":"https:\/\/jesuschristformuslims.com\/es\/wp-json\/wp\/v2\/users\/4"}],"replies":[{"embeddable":true,"href":"https:\/\/jesuschristformuslims.com\/es\/wp-json\/wp\/v2\/comments?post=2145"}],"version-history":[{"count":3,"href":"https:\/\/jesuschristformuslims.com\/es\/wp-json\/wp\/v2\/pages\/2145\/revisions"}],"predecessor-version":[{"id":2338,"href":"https:\/\/jesuschristformuslims.com\/es\/wp-json\/wp\/v2\/pages\/2145\/revisions\/2338"}],"wp:attachment":[{"href":"https:\/\/jesuschristformuslims.com\/es\/wp-json\/wp\/v2\/media?parent=2145"}],"curies":[{"name":"wp","href":"https:\/\/api.w.org\/{rel}","templated":true}]}}