{"id":2147,"date":"2016-05-19T15:49:50","date_gmt":"2016-05-19T15:49:50","guid":{"rendered":"https:\/\/jesuschristformuslims.com\/es\/?page_id=2147"},"modified":"2016-05-27T21:24:57","modified_gmt":"2016-05-27T21:24:57","slug":"queremos-dar-voz-sus-palabras","status":"publish","type":"page","link":"https:\/\/jesuschristformuslims.com\/es\/queremos-dar-voz-sus-palabras\/","title":{"rendered":"Queremos dar voz a sus palabras"},"content":{"rendered":"<p style=\"text-align: justify;\"><span style=\"color: #000000;\">\u00bfHay algo que sucede a tu alrededor, crees que debe ser llevado a la luz? \u00bfEst\u00e1s preocupado por la direcci\u00f3n por la que tu sociedad es\u00a0 dirigida? \u00bfCrees que el poder de tu pluma puede formar una diferencia y hacer tomar conciencia a la sociedad?<\/span><\/p>\n<p style=\"text-align: justify;\"><span style=\"color: #000000;\">Entonces \u00bfpor qu\u00e9 no solo tomas tu pluma y escribes para nosotros? Nos gustar\u00eda saber lo que tienes en tu coraz\u00f3n. \u00abLa libertad de expresi\u00f3n\u00bb es la parte m\u00e1s valiosa de nuestros derechos humanos fundamentales y no se pueden negar a nosotros por ninguna ley, constituci\u00f3n, o religi\u00f3n. No permita que su voz sea oprimida.<\/span><\/p>\n<p style=\"text-align: justify;\"><span style=\"color: #000000;\"><strong>\u00abJesucristo para los musulmanes\u00bb<\/strong> quiere dar voz a su pluma mediante la publicaci\u00f3n de sus escritos en nuestra p\u00e1gina web. Env\u00edanos lo que piensas, sientes o crees, y vamos a hacer que su voz llegue al mundo. Expr\u00e9sate a trav\u00e9s de \u00abJesucristo para los musulmanes\u00bb. Sin embargo, como est\u00e1 escrito en Proverbios 6: 16-19<\/span><\/p>\n<p style=\"text-align: justify;\"><span style=\"color: #000000;\">\u00abSeis cosas aborrece Jehov\u00e1, Y aun siete abomina su alma: Los ojos altivos, la lengua mentirosa, Las manos derramadoras de sangre inocente, El coraz\u00f3n que maquina pensamientos inicuos, Los pies presurosos para correr al mal, El testigo falso que habla mentiras, Y el que siembra discordia entre hermanos.\u00bb<\/span><\/p>\n<p style=\"text-align: justify;\"><span style=\"color: #000000;\">Teniendo esto en cuenta, aseg\u00farese de enviar informaci\u00f3n v\u00e1lida, que se apoye en hechos reales, de modo que no se conviertan en una abominaci\u00f3n a nuestro Dios.<\/span><\/p>\n<p style=\"text-align: justify;\"><span style=\"color: #000000;\">Somos plenamente conscientes de su seguridad. Y, por eso, puede estar tranquilo de que su nombre s\u00f3lo se mencionara si quisiera hacerlo. Vamos a trasmitir sus escritos con, o sin, su identificaci\u00f3n; lo que usted crea m\u00e1s conveniente.<\/span><\/p>\n<p><span style=\"color: #000000;\">Escribanos al correo electr\u00f3nico<\/span> <a href=\"mailto:jesuschristformuslims@gmail.com\">jesuschristformuslims@gmail.com <\/a><\/p>\n","protected":false},"excerpt":{"rendered":"<p>\u00bfHay algo que sucede a tu alrededor, crees que debe ser llevado a la luz? \u00bfEst\u00e1s preocupado por la direcci\u00f3n por la que tu sociedad es\u00a0 dirigida? \u00bfCrees que el poder de tu pluma puede formar una diferencia y hacer tomar conciencia a la sociedad? Entonces \u00bfpor qu\u00e9 no solo tomas tu pluma y escribes&hellip; <a class=\"more-link\" href=\"https:\/\/jesuschristformuslims.com\/es\/queremos-dar-voz-sus-palabras\/\">Seguir leyendo <span class=\"screen-reader-text\">Queremos dar voz a sus palabras<\/span><\/a><\/p>\n","protected":false},"author":4,"featured_media":0,"parent":0,"menu_order":0,"comment_status":"closed","ping_status":"closed","template":"page_full_width.php","meta":{"footnotes":""},"class_list":["post-2147","page","type-page","status-publish","hentry","entry"],"yoast_head":"<!-- This site is optimized with the Yoast SEO plugin v27.3 - https:\/\/yoast.com\/product\/yoast-seo-wordpress\/ -->\n<title>Queremos dar voz a sus palabras - Jesucristo para los musulmanes<\/title>\n<meta name=\"description\" content=\"Queremos dar voz a sus palabras. \u00bfHay algo que sucede a tu alrededor, crees que debe ser llevado a la luz? \u00bfEst\u00e1s preocupado por la direcci\u00f3n por la que tu\" \/>\n<meta name=\"robots\" content=\"index, follow, max-snippet:-1, max-image-preview:large, max-video-preview:-1\" \/>\n<link rel=\"canonical\" href=\"https:\/\/jesuschristformuslims.com\/es\/queremos-dar-voz-sus-palabras\/\" \/>\n<meta property=\"og:locale\" content=\"es_ES\" \/>\n<meta property=\"og:type\" content=\"article\" \/>\n<meta property=\"og:title\" content=\"Queremos dar voz a sus palabras - Jesucristo para los musulmanes\" \/>\n<meta property=\"og:description\" content=\"Queremos dar voz a sus palabras. \u00bfHay algo que sucede a tu alrededor, crees que debe ser llevado a la luz? \u00bfEst\u00e1s preocupado por la direcci\u00f3n por la que tu\" \/>\n<meta property=\"og:url\" content=\"https:\/\/jesuschristformuslims.com\/es\/queremos-dar-voz-sus-palabras\/\" \/>\n<meta property=\"og:site_name\" content=\"Jesus Christ for Muslims\" \/>\n<meta property=\"article:modified_time\" content=\"2016-05-27T21:24:57+00:00\" \/>\n<meta name=\"twitter:card\" content=\"summary_large_image\" \/>\n<meta name=\"twitter:label1\" content=\"Tiempo de lectura\" \/>\n\t<meta name=\"twitter:data1\" content=\"1 minuto\" \/>\n<script type=\"application\/ld+json\" class=\"yoast-schema-graph\">{\"@context\":\"https:\\\/\\\/schema.org\",\"@graph\":[{\"@type\":\"WebPage\",\"@id\":\"https:\\\/\\\/jesuschristformuslims.com\\\/es\\\/queremos-dar-voz-sus-palabras\\\/\",\"url\":\"https:\\\/\\\/jesuschristformuslims.com\\\/es\\\/queremos-dar-voz-sus-palabras\\\/\",\"name\":\"Queremos dar voz a sus palabras - Jesucristo para los musulmanes\",\"isPartOf\":{\"@id\":\"https:\\\/\\\/jesuschristformuslims.com\\\/#website\"},\"datePublished\":\"2016-05-19T15:49:50+00:00\",\"dateModified\":\"2016-05-27T21:24:57+00:00\",\"description\":\"Queremos dar voz a sus palabras. \u00bfHay algo que sucede a tu alrededor, crees que debe ser llevado a la luz? \u00bfEst\u00e1s preocupado por la direcci\u00f3n por la que tu\",\"breadcrumb\":{\"@id\":\"https:\\\/\\\/jesuschristformuslims.com\\\/es\\\/queremos-dar-voz-sus-palabras\\\/#breadcrumb\"},\"inLanguage\":\"es\",\"potentialAction\":[{\"@type\":\"ReadAction\",\"target\":[\"https:\\\/\\\/jesuschristformuslims.com\\\/es\\\/queremos-dar-voz-sus-palabras\\\/\"]}]},{\"@type\":\"BreadcrumbList\",\"@id\":\"https:\\\/\\\/jesuschristformuslims.com\\\/es\\\/queremos-dar-voz-sus-palabras\\\/#breadcrumb\",\"itemListElement\":[{\"@type\":\"ListItem\",\"position\":1,\"name\":\"Home\",\"item\":\"https:\\\/\\\/jesuschristformuslims.com\\\/es\\\/home\\\/\"},{\"@type\":\"ListItem\",\"position\":2,\"name\":\"Queremos dar voz a sus palabras\"}]},{\"@type\":\"WebSite\",\"@id\":\"https:\\\/\\\/jesuschristformuslims.com\\\/#website\",\"url\":\"https:\\\/\\\/jesuschristformuslims.com\\\/\",\"name\":\"Jesus Christ for Muslims\",\"description\":\"Inviting Muslims to the Kingdom of Christ\",\"potentialAction\":[{\"@type\":\"SearchAction\",\"target\":{\"@type\":\"EntryPoint\",\"urlTemplate\":\"https:\\\/\\\/jesuschristformuslims.com\\\/?s={search_term_string}\"},\"query-input\":{\"@type\":\"PropertyValueSpecification\",\"valueRequired\":true,\"valueName\":\"search_term_string\"}}],\"inLanguage\":\"es\"}]}<\/script>\n<!-- \/ Yoast SEO plugin. -->","yoast_head_json":{"title":"Queremos dar voz a sus palabras - Jesucristo para los musulmanes","description":"Queremos dar voz a sus palabras. \u00bfHay algo que sucede a tu alrededor, crees que debe ser llevado a la luz? \u00bfEst\u00e1s preocupado por la direcci\u00f3n por la que tu","robots":{"index":"index","follow":"follow","max-snippet":"max-snippet:-1","max-image-preview":"max-image-preview:large","max-video-preview":"max-video-preview:-1"},"canonical":"https:\/\/jesuschristformuslims.com\/es\/queremos-dar-voz-sus-palabras\/","og_locale":"es_ES","og_type":"article","og_title":"Queremos dar voz a sus palabras - Jesucristo para los musulmanes","og_description":"Queremos dar voz a sus palabras. \u00bfHay algo que sucede a tu alrededor, crees que debe ser llevado a la luz? \u00bfEst\u00e1s preocupado por la direcci\u00f3n por la que tu","og_url":"https:\/\/jesuschristformuslims.com\/es\/queremos-dar-voz-sus-palabras\/","og_site_name":"Jesus Christ for Muslims","article_modified_time":"2016-05-27T21:24:57+00:00","twitter_card":"summary_large_image","twitter_misc":{"Tiempo de lectura":"1 minuto"},"schema":{"@context":"https:\/\/schema.org","@graph":[{"@type":"WebPage","@id":"https:\/\/jesuschristformuslims.com\/es\/queremos-dar-voz-sus-palabras\/","url":"https:\/\/jesuschristformuslims.com\/es\/queremos-dar-voz-sus-palabras\/","name":"Queremos dar voz a sus palabras - Jesucristo para los musulmanes","isPartOf":{"@id":"https:\/\/jesuschristformuslims.com\/#website"},"datePublished":"2016-05-19T15:49:50+00:00","dateModified":"2016-05-27T21:24:57+00:00","description":"Queremos dar voz a sus palabras. \u00bfHay algo que sucede a tu alrededor, crees que debe ser llevado a la luz? \u00bfEst\u00e1s preocupado por la direcci\u00f3n por la que tu","breadcrumb":{"@id":"https:\/\/jesuschristformuslims.com\/es\/queremos-dar-voz-sus-palabras\/#breadcrumb"},"inLanguage":"es","potentialAction":[{"@type":"ReadAction","target":["https:\/\/jesuschristformuslims.com\/es\/queremos-dar-voz-sus-palabras\/"]}]},{"@type":"BreadcrumbList","@id":"https:\/\/jesuschristformuslims.com\/es\/queremos-dar-voz-sus-palabras\/#breadcrumb","itemListElement":[{"@type":"ListItem","position":1,"name":"Home","item":"https:\/\/jesuschristformuslims.com\/es\/home\/"},{"@type":"ListItem","position":2,"name":"Queremos dar voz a sus palabras"}]},{"@type":"WebSite","@id":"https:\/\/jesuschristformuslims.com\/#website","url":"https:\/\/jesuschristformuslims.com\/","name":"Jesus Christ for Muslims","description":"Inviting Muslims to the Kingdom of Christ","potentialAction":[{"@type":"SearchAction","target":{"@type":"EntryPoint","urlTemplate":"https:\/\/jesuschristformuslims.com\/?s={search_term_string}"},"query-input":{"@type":"PropertyValueSpecification","valueRequired":true,"valueName":"search_term_string"}}],"inLanguage":"es"}]}},"_links":{"self":[{"href":"https:\/\/jesuschristformuslims.com\/es\/wp-json\/wp\/v2\/pages\/2147","targetHints":{"allow":["GET"]}}],"collection":[{"href":"https:\/\/jesuschristformuslims.com\/es\/wp-json\/wp\/v2\/pages"}],"about":[{"href":"https:\/\/jesuschristformuslims.com\/es\/wp-json\/wp\/v2\/types\/page"}],"author":[{"embeddable":true,"href":"https:\/\/jesuschristformuslims.com\/es\/wp-json\/wp\/v2\/users\/4"}],"replies":[{"embeddable":true,"href":"https:\/\/jesuschristformuslims.com\/es\/wp-json\/wp\/v2\/comments?post=2147"}],"version-history":[{"count":4,"href":"https:\/\/jesuschristformuslims.com\/es\/wp-json\/wp\/v2\/pages\/2147\/revisions"}],"predecessor-version":[{"id":2336,"href":"https:\/\/jesuschristformuslims.com\/es\/wp-json\/wp\/v2\/pages\/2147\/revisions\/2336"}],"wp:attachment":[{"href":"https:\/\/jesuschristformuslims.com\/es\/wp-json\/wp\/v2\/media?parent=2147"}],"curies":[{"name":"wp","href":"https:\/\/api.w.org\/{rel}","templated":true}]}}