{"id":2150,"date":"2016-05-19T15:54:33","date_gmt":"2016-05-19T15:54:33","guid":{"rendered":"https:\/\/jesuschristformuslims.com\/es\/?page_id=2150"},"modified":"2016-05-27T21:21:42","modified_gmt":"2016-05-27T21:21:42","slug":"quieres-conocer-jesus","status":"publish","type":"page","link":"https:\/\/jesuschristformuslims.com\/es\/quieres-conocer-jesus\/","title":{"rendered":"\u00bfQuieres conocer a Jes\u00fas?"},"content":{"rendered":"<p style=\"text-align: justify;\"><span style=\"color: #000000;\">Los tiempos se ponen dif\u00edciles, surgen tentaciones,<\/span><\/p>\n<p style=\"text-align: justify;\"><span style=\"color: #000000;\">Nadie dice que la vida es f\u00e1cil.<\/span><\/p>\n<p style=\"text-align: justify;\"><span style=\"color: #000000;\">Nos quedamos dos, tres veces cu\u00e1druples,<\/span><\/p>\n<p style=\"text-align: justify;\"><span style=\"color: #000000;\">Pero Dios nunca nos permite fatigarnos.<\/span><\/p>\n<p style=\"text-align: justify;\"><span style=\"color: #000000;\">Y cuando llegamos a la altura, el pico,<\/span><\/p>\n<p style=\"text-align: justify;\"><span style=\"color: #000000;\">\u00c9l no nos deja indiferentes y env\u00eda a su \u00fanico hijo,<\/span><\/p>\n<p style=\"text-align: justify;\"><span style=\"color: #000000;\">Para salvarnos de ser imposibilitados o pisoteados.<\/span><\/p>\n<p style=\"text-align: justify;\"><span style=\"color: #000000;\">Pero, \u00bfqui\u00e9n es este \u00ab\u00fanico hijo\u00bb y qu\u00e9 es lo que realmente sabemos de \u00e9l? \u00bfEs Jesucristo el hijo de Dios? \u00bfLe gustar\u00eda saber qui\u00e9n era realmente y c\u00f3mo nos salv\u00f3? \u00bfPor qu\u00e9 todav\u00eda nos salva hoy? \u00bfQuieres conocer a Jes\u00fas?<\/span><\/p>\n<p style=\"text-align: justify;\"><span style=\"color: #000000;\">Pocas personas niegan que Jesucristo sea un personaje hist\u00f3rico. El impacto que ha tenido y contin\u00faa teniendo en la humanidad es insuperable. Todo el sistema de citas occidental rinde testimonio de su realidad hist\u00f3rica de modo que la mayor\u00eda de las personas que viven en la tierra sabe de Jesucristo. Pero, \u00bfqui\u00e9n era este hombre en realidad? \u00bfY cu\u00e1l fue el significado de su vida y la muerte? \u00bfEra s\u00f3lo un gran maestro religioso o hab\u00eda algo m\u00e1s a su existencia que deber\u00edamos saber?<\/span><\/p>\n<p style=\"text-align: justify;\"><span style=\"color: #000000;\">Mucha gente va a reconocer a Jesucristo como un buen hombre, un gran maestro, o incluso un profeta de Dios. Estas cosas son ciertas, de Jes\u00fas, pero no definen completamente qui\u00e9n es realmente. La Biblia nos dice que Jes\u00fas es el Hijo de Dios, Dios en la carne, Dios en forma humana. Dios vino a la tierra para ense\u00f1arnos, sanarnos, corregirnos, perdonarnos y morir por nosotros! Jesucristo es Dios, el Creador, y el Se\u00f1or soberano. El Hijo de Dios fue enviado a la tierra para la eliminaci\u00f3n la barrera entre Dios y su pueblo. \u00c9l vivi\u00f3 una vida tan simple y sin pecado. Sin esc\u00e1ndalos o faltas. Dedic\u00f3 todo su tiempo a cambiar la vida del Pueblo de Dios a trav\u00e9s de mensajes.<\/span><\/p>\n<p style=\"text-align: justify;\"><span style=\"color: #000000;\">\u00c9l cambi\u00f3 el mundo en s\u00f3lo 33 a\u00f1os en la tierra, y nadie ha tenido un mayor impacto en este planeta que Jesucristo. Despu\u00e9s de todo este es su planeta. No hay ning\u00fan signo m\u00e1s seguro de que la divinidad de Cristo\u00a0 2.000 a\u00f1os despu\u00e9s de su muerte lo demonios sigu\u00e1n temblando ante su nombre. Muchos se estremecen\u00a0 al escuchar su nombre poderoso; no hay otro nombre que tiene un poder como el de Jes\u00fas.<\/span><\/p>\n","protected":false},"excerpt":{"rendered":"<p>Los tiempos se ponen dif\u00edciles, surgen tentaciones, Nadie dice que la vida es f\u00e1cil. Nos quedamos dos, tres veces cu\u00e1druples, Pero Dios nunca nos permite fatigarnos. Y cuando llegamos a la altura, el pico, \u00c9l no nos deja indiferentes y env\u00eda a su \u00fanico hijo, Para salvarnos de ser imposibilitados o pisoteados. Pero, \u00bfqui\u00e9n es&hellip; <a class=\"more-link\" href=\"https:\/\/jesuschristformuslims.com\/es\/quieres-conocer-jesus\/\">Seguir leyendo <span class=\"screen-reader-text\">\u00bfQuieres conocer a Jes\u00fas?<\/span><\/a><\/p>\n","protected":false},"author":4,"featured_media":2334,"parent":0,"menu_order":0,"comment_status":"closed","ping_status":"closed","template":"page_full_width.php","meta":{"footnotes":""},"class_list":["post-2150","page","type-page","status-publish","has-post-thumbnail","hentry","entry"],"yoast_head":"<!-- This site is optimized with the Yoast SEO plugin v27.3 - https:\/\/yoast.com\/product\/yoast-seo-wordpress\/ -->\n<title>\u00bfQuieres conocer a Jes\u00fas? Jesucristo para los musulmanes<\/title>\n<meta name=\"description\" content=\"Pocas personas niegan que Jes\u00fas sea un personaje hist\u00f3rico. El impacto que ha tenido y contin\u00faa teniendo en la humanidad es insuperable. Todo el sistema de\" \/>\n<meta name=\"robots\" content=\"index, follow, max-snippet:-1, max-image-preview:large, max-video-preview:-1\" \/>\n<link rel=\"canonical\" href=\"https:\/\/jesuschristformuslims.com\/es\/quieres-conocer-jesus\/\" \/>\n<meta property=\"og:locale\" content=\"es_ES\" \/>\n<meta property=\"og:type\" content=\"article\" \/>\n<meta property=\"og:title\" content=\"\u00bfQuieres conocer a Jes\u00fas? Jesucristo para los musulmanes\" \/>\n<meta property=\"og:description\" content=\"Pocas personas niegan que Jes\u00fas sea un personaje hist\u00f3rico. El impacto que ha tenido y contin\u00faa teniendo en la humanidad es insuperable. Todo el sistema de\" \/>\n<meta property=\"og:url\" content=\"https:\/\/jesuschristformuslims.com\/es\/quieres-conocer-jesus\/\" \/>\n<meta property=\"og:site_name\" content=\"Jesus Christ for Muslims\" \/>\n<meta property=\"article:modified_time\" content=\"2016-05-27T21:21:42+00:00\" \/>\n<meta property=\"og:image\" content=\"https:\/\/jesuschristformuslims.com\/wp-content\/uploads\/2016\/05\/Is-1-1024x576.png\" \/>\n\t<meta property=\"og:image:width\" content=\"1024\" \/>\n\t<meta property=\"og:image:height\" content=\"576\" \/>\n\t<meta property=\"og:image:type\" content=\"image\/png\" \/>\n<meta name=\"twitter:card\" content=\"summary_large_image\" \/>\n<meta name=\"twitter:label1\" content=\"Tiempo de lectura\" \/>\n\t<meta name=\"twitter:data1\" content=\"2 minutos\" \/>\n<script type=\"application\/ld+json\" class=\"yoast-schema-graph\">{\"@context\":\"https:\\\/\\\/schema.org\",\"@graph\":[{\"@type\":\"WebPage\",\"@id\":\"https:\\\/\\\/jesuschristformuslims.com\\\/es\\\/quieres-conocer-jesus\\\/\",\"url\":\"https:\\\/\\\/jesuschristformuslims.com\\\/es\\\/quieres-conocer-jesus\\\/\",\"name\":\"\u00bfQuieres conocer a Jes\u00fas? Jesucristo para los musulmanes\",\"isPartOf\":{\"@id\":\"https:\\\/\\\/jesuschristformuslims.com\\\/#website\"},\"primaryImageOfPage\":{\"@id\":\"https:\\\/\\\/jesuschristformuslims.com\\\/es\\\/quieres-conocer-jesus\\\/#primaryimage\"},\"image\":{\"@id\":\"https:\\\/\\\/jesuschristformuslims.com\\\/es\\\/quieres-conocer-jesus\\\/#primaryimage\"},\"thumbnailUrl\":\"https:\\\/\\\/jesuschristformuslims.com\\\/wp-content\\\/uploads\\\/2016\\\/05\\\/Is-1.png\",\"datePublished\":\"2016-05-19T15:54:33+00:00\",\"dateModified\":\"2016-05-27T21:21:42+00:00\",\"description\":\"Pocas personas niegan que Jes\u00fas sea un personaje hist\u00f3rico. El impacto que ha tenido y contin\u00faa teniendo en la humanidad es insuperable. Todo el sistema de\",\"breadcrumb\":{\"@id\":\"https:\\\/\\\/jesuschristformuslims.com\\\/es\\\/quieres-conocer-jesus\\\/#breadcrumb\"},\"inLanguage\":\"es\",\"potentialAction\":[{\"@type\":\"ReadAction\",\"target\":[\"https:\\\/\\\/jesuschristformuslims.com\\\/es\\\/quieres-conocer-jesus\\\/\"]}]},{\"@type\":\"ImageObject\",\"inLanguage\":\"es\",\"@id\":\"https:\\\/\\\/jesuschristformuslims.com\\\/es\\\/quieres-conocer-jesus\\\/#primaryimage\",\"url\":\"https:\\\/\\\/jesuschristformuslims.com\\\/wp-content\\\/uploads\\\/2016\\\/05\\\/Is-1.png\",\"contentUrl\":\"https:\\\/\\\/jesuschristformuslims.com\\\/wp-content\\\/uploads\\\/2016\\\/05\\\/Is-1.png\",\"width\":1920,\"height\":1080,\"caption\":\"\u00bfQuieres conocer a Jes\u00fas?\"},{\"@type\":\"BreadcrumbList\",\"@id\":\"https:\\\/\\\/jesuschristformuslims.com\\\/es\\\/quieres-conocer-jesus\\\/#breadcrumb\",\"itemListElement\":[{\"@type\":\"ListItem\",\"position\":1,\"name\":\"Home\",\"item\":\"https:\\\/\\\/jesuschristformuslims.com\\\/es\\\/home\\\/\"},{\"@type\":\"ListItem\",\"position\":2,\"name\":\"\u00bfQuieres conocer a Jes\u00fas?\"}]},{\"@type\":\"WebSite\",\"@id\":\"https:\\\/\\\/jesuschristformuslims.com\\\/#website\",\"url\":\"https:\\\/\\\/jesuschristformuslims.com\\\/\",\"name\":\"Jesus Christ for Muslims\",\"description\":\"Inviting Muslims to the Kingdom of Christ\",\"potentialAction\":[{\"@type\":\"SearchAction\",\"target\":{\"@type\":\"EntryPoint\",\"urlTemplate\":\"https:\\\/\\\/jesuschristformuslims.com\\\/?s={search_term_string}\"},\"query-input\":{\"@type\":\"PropertyValueSpecification\",\"valueRequired\":true,\"valueName\":\"search_term_string\"}}],\"inLanguage\":\"es\"}]}<\/script>\n<!-- \/ Yoast SEO plugin. -->","yoast_head_json":{"title":"\u00bfQuieres conocer a Jes\u00fas? Jesucristo para los musulmanes","description":"Pocas personas niegan que Jes\u00fas sea un personaje hist\u00f3rico. El impacto que ha tenido y contin\u00faa teniendo en la humanidad es insuperable. Todo el sistema de","robots":{"index":"index","follow":"follow","max-snippet":"max-snippet:-1","max-image-preview":"max-image-preview:large","max-video-preview":"max-video-preview:-1"},"canonical":"https:\/\/jesuschristformuslims.com\/es\/quieres-conocer-jesus\/","og_locale":"es_ES","og_type":"article","og_title":"\u00bfQuieres conocer a Jes\u00fas? Jesucristo para los musulmanes","og_description":"Pocas personas niegan que Jes\u00fas sea un personaje hist\u00f3rico. El impacto que ha tenido y contin\u00faa teniendo en la humanidad es insuperable. Todo el sistema de","og_url":"https:\/\/jesuschristformuslims.com\/es\/quieres-conocer-jesus\/","og_site_name":"Jesus Christ for Muslims","article_modified_time":"2016-05-27T21:21:42+00:00","og_image":[{"width":1024,"height":576,"url":"https:\/\/jesuschristformuslims.com\/wp-content\/uploads\/2016\/05\/Is-1-1024x576.png","type":"image\/png"}],"twitter_card":"summary_large_image","twitter_misc":{"Tiempo de lectura":"2 minutos"},"schema":{"@context":"https:\/\/schema.org","@graph":[{"@type":"WebPage","@id":"https:\/\/jesuschristformuslims.com\/es\/quieres-conocer-jesus\/","url":"https:\/\/jesuschristformuslims.com\/es\/quieres-conocer-jesus\/","name":"\u00bfQuieres conocer a Jes\u00fas? Jesucristo para los musulmanes","isPartOf":{"@id":"https:\/\/jesuschristformuslims.com\/#website"},"primaryImageOfPage":{"@id":"https:\/\/jesuschristformuslims.com\/es\/quieres-conocer-jesus\/#primaryimage"},"image":{"@id":"https:\/\/jesuschristformuslims.com\/es\/quieres-conocer-jesus\/#primaryimage"},"thumbnailUrl":"https:\/\/jesuschristformuslims.com\/wp-content\/uploads\/2016\/05\/Is-1.png","datePublished":"2016-05-19T15:54:33+00:00","dateModified":"2016-05-27T21:21:42+00:00","description":"Pocas personas niegan que Jes\u00fas sea un personaje hist\u00f3rico. El impacto que ha tenido y contin\u00faa teniendo en la humanidad es insuperable. Todo el sistema de","breadcrumb":{"@id":"https:\/\/jesuschristformuslims.com\/es\/quieres-conocer-jesus\/#breadcrumb"},"inLanguage":"es","potentialAction":[{"@type":"ReadAction","target":["https:\/\/jesuschristformuslims.com\/es\/quieres-conocer-jesus\/"]}]},{"@type":"ImageObject","inLanguage":"es","@id":"https:\/\/jesuschristformuslims.com\/es\/quieres-conocer-jesus\/#primaryimage","url":"https:\/\/jesuschristformuslims.com\/wp-content\/uploads\/2016\/05\/Is-1.png","contentUrl":"https:\/\/jesuschristformuslims.com\/wp-content\/uploads\/2016\/05\/Is-1.png","width":1920,"height":1080,"caption":"\u00bfQuieres conocer a Jes\u00fas?"},{"@type":"BreadcrumbList","@id":"https:\/\/jesuschristformuslims.com\/es\/quieres-conocer-jesus\/#breadcrumb","itemListElement":[{"@type":"ListItem","position":1,"name":"Home","item":"https:\/\/jesuschristformuslims.com\/es\/home\/"},{"@type":"ListItem","position":2,"name":"\u00bfQuieres conocer a Jes\u00fas?"}]},{"@type":"WebSite","@id":"https:\/\/jesuschristformuslims.com\/#website","url":"https:\/\/jesuschristformuslims.com\/","name":"Jesus Christ for Muslims","description":"Inviting Muslims to the Kingdom of Christ","potentialAction":[{"@type":"SearchAction","target":{"@type":"EntryPoint","urlTemplate":"https:\/\/jesuschristformuslims.com\/?s={search_term_string}"},"query-input":{"@type":"PropertyValueSpecification","valueRequired":true,"valueName":"search_term_string"}}],"inLanguage":"es"}]}},"_links":{"self":[{"href":"https:\/\/jesuschristformuslims.com\/es\/wp-json\/wp\/v2\/pages\/2150","targetHints":{"allow":["GET"]}}],"collection":[{"href":"https:\/\/jesuschristformuslims.com\/es\/wp-json\/wp\/v2\/pages"}],"about":[{"href":"https:\/\/jesuschristformuslims.com\/es\/wp-json\/wp\/v2\/types\/page"}],"author":[{"embeddable":true,"href":"https:\/\/jesuschristformuslims.com\/es\/wp-json\/wp\/v2\/users\/4"}],"replies":[{"embeddable":true,"href":"https:\/\/jesuschristformuslims.com\/es\/wp-json\/wp\/v2\/comments?post=2150"}],"version-history":[{"count":3,"href":"https:\/\/jesuschristformuslims.com\/es\/wp-json\/wp\/v2\/pages\/2150\/revisions"}],"predecessor-version":[{"id":2331,"href":"https:\/\/jesuschristformuslims.com\/es\/wp-json\/wp\/v2\/pages\/2150\/revisions\/2331"}],"wp:featuredmedia":[{"embeddable":true,"href":"https:\/\/jesuschristformuslims.com\/es\/wp-json\/wp\/v2\/media\/2334"}],"wp:attachment":[{"href":"https:\/\/jesuschristformuslims.com\/es\/wp-json\/wp\/v2\/media?parent=2150"}],"curies":[{"name":"wp","href":"https:\/\/api.w.org\/{rel}","templated":true}]}}